{"id":24568,"date":"2025-03-02T10:05:34","date_gmt":"2025-03-02T10:05:34","guid":{"rendered":"https:\/\/effafood.com\/product\/prens-kahve-500-gr\/"},"modified":"2025-03-02T13:55:12","modified_gmt":"2025-03-02T13:55:12","slug":"prens-kahve-500-gr","status":"publish","type":"product","link":"https:\/\/effafood.com\/tr\/product\/prens-kahve-500-gr\/","title":{"rendered":"Prince Kahve 500 gr"},"content":{"rendered":"","protected":false},"excerpt":{"rendered":"<p data-start=\"155\" data-end=\"596\">Prince Kahve<\/p>\n<p data-start=\"155\" data-end=\"596\">Her fincan\u0131n zengin tatlar ve b\u00fcy\u00fcleyici aromalar\u0131n m\u00fckemmel kar\u0131\u015f\u0131m\u0131na bir yolculuk oldu\u011fu Prince Coffee&#8217;nin (Fantastik Aroma) kraliyet deneyiminin tad\u0131n\u0131 \u00e7\u0131kar\u0131n. \u00c7ekirdeklerimiz en iyi \u00e7iftliklerden \u00f6zenle toplan\u0131r, m\u00fckemmellik i\u00e7in kavrulur ve tutkuyla demlenerek size kraliyete yak\u0131\u015f\u0131r bir lezzet sunar. \u0130ster g\u00fcne ba\u015fl\u0131yor ister hak etti\u011finiz bir molay\u0131 veriyor olun, Prince Coffee duyular\u0131n\u0131z\u0131 y\u00fckseltecek cesur, aromatik bir ka\u00e7\u0131\u015f\u0131 garanti eder.<\/p>\n<p data-start=\"598\" data-end=\"667\">Her yudumda l\u00fcks\u00fcn \u00f6z\u00fcn\u00fc ya\u015fay\u0131n. Kraliyetin tad\u0131na bak\u0131n.<\/p>\n","protected":false},"featured_media":24517,"template":"","meta":[],"product_brand":[2904],"product_cat":[902],"product_tag":[],"class_list":{"0":"post-24568","1":"product","2":"type-product","3":"status-publish","4":"has-post-thumbnail","6":"product_brand-natura-tr","7":"product_cat-kahve","8":"pa_barcode-3904750980087-tr","9":"pa_brand-natura-tr","10":"pa_inbox-20-tr","11":"pa_pallet-48-tr","12":"pa_shelf-life-18-ay","13":"pa_weight-2-500-gr-tr","15":"first","16":"instock","17":"shipping-taxable","18":"product-type-simple"},"_links":{"self":[{"href":"https:\/\/effafood.com\/tr\/wp-json\/wp\/v2\/product\/24568","targetHints":{"allow":["GET"]}}],"collection":[{"href":"https:\/\/effafood.com\/tr\/wp-json\/wp\/v2\/product"}],"about":[{"href":"https:\/\/effafood.com\/tr\/wp-json\/wp\/v2\/types\/product"}],"version-history":[{"count":3,"href":"https:\/\/effafood.com\/tr\/wp-json\/wp\/v2\/product\/24568\/revisions"}],"predecessor-version":[{"id":24926,"href":"https:\/\/effafood.com\/tr\/wp-json\/wp\/v2\/product\/24568\/revisions\/24926"}],"wp:featuredmedia":[{"embeddable":true,"href":"https:\/\/effafood.com\/tr\/wp-json\/wp\/v2\/media\/24517"}],"wp:attachment":[{"href":"https:\/\/effafood.com\/tr\/wp-json\/wp\/v2\/media?parent=24568"}],"wp:term":[{"taxonomy":"product_brand","embeddable":true,"href":"https:\/\/effafood.com\/tr\/wp-json\/wp\/v2\/product_brand?post=24568"},{"taxonomy":"product_cat","embeddable":true,"href":"https:\/\/effafood.com\/tr\/wp-json\/wp\/v2\/product_cat?post=24568"},{"taxonomy":"product_tag","embeddable":true,"href":"https:\/\/effafood.com\/tr\/wp-json\/wp\/v2\/product_tag?post=24568"}],"curies":[{"name":"wp","href":"https:\/\/api.w.org\/{rel}","templated":true}]}}