{"id":24540,"date":"2025-03-02T09:09:35","date_gmt":"2025-03-02T09:09:35","guid":{"rendered":"https:\/\/effafood.com\/product\/aloe-vera-mango-suyu\/"},"modified":"2025-03-02T13:28:46","modified_gmt":"2025-03-02T13:28:46","slug":"aloe-vera-mango-suyu","status":"publish","type":"product","link":"https:\/\/effafood.com\/tr\/product\/aloe-vera-mango-suyu\/","title":{"rendered":"Aloe Vera Mango Suyu"},"content":{"rendered":"","protected":false},"excerpt":{"rendered":"<p>Lotte Aloe Vera Sular\u0131<\/p>\n<p>Kullan\u0131\u015fl\u0131 kutularda ve plastik \u015fi\u015felerde sunulan, nemlendirici ve sa\u011fl\u0131kl\u0131 bir i\u00e7ecek olan Lotte Aloe Vera Sular\u0131n\u0131 ke\u015ffedin. Do\u011fal aloe vera ile dolu meyve sular\u0131m\u0131z, ferahlat\u0131c\u0131 bir tat ve ek sa\u011fl\u0131k faydalar\u0131 sunar. G\u00fcn\u00fcn her saati i\u00e7in m\u00fckemmel olan Lotte Aloe Vera Sular\u0131, g\u00fcvenebilece\u011finiz kalite ile ihtiyac\u0131n\u0131z olan hidrasyonu sa\u011flar.  <\/p>\n<p>Her yudumda do\u011fal iyili\u011fin tad\u0131n\u0131 \u00e7\u0131kar\u0131n!<\/p>\n","protected":false},"featured_media":24457,"template":"","meta":[],"product_brand":[2904],"product_cat":[384],"product_tag":[],"class_list":{"0":"post-24540","1":"product","2":"type-product","3":"status-publish","4":"has-post-thumbnail","6":"product_brand-natura-tr","7":"product_cat-icecekler-tr","8":"pa_barcode-8801056084028-tr","9":"pa_brand-natura-tr","10":"pa_inbox-30-tr","11":"pa_pallet-90-tr","12":"pa_shelf-life-12-ay","13":"pa_weight-2-240-ml-tr","15":"first","16":"instock","17":"shipping-taxable","18":"product-type-simple"},"_links":{"self":[{"href":"https:\/\/effafood.com\/tr\/wp-json\/wp\/v2\/product\/24540","targetHints":{"allow":["GET"]}}],"collection":[{"href":"https:\/\/effafood.com\/tr\/wp-json\/wp\/v2\/product"}],"about":[{"href":"https:\/\/effafood.com\/tr\/wp-json\/wp\/v2\/types\/product"}],"version-history":[{"count":1,"href":"https:\/\/effafood.com\/tr\/wp-json\/wp\/v2\/product\/24540\/revisions"}],"predecessor-version":[{"id":24897,"href":"https:\/\/effafood.com\/tr\/wp-json\/wp\/v2\/product\/24540\/revisions\/24897"}],"wp:featuredmedia":[{"embeddable":true,"href":"https:\/\/effafood.com\/tr\/wp-json\/wp\/v2\/media\/24457"}],"wp:attachment":[{"href":"https:\/\/effafood.com\/tr\/wp-json\/wp\/v2\/media?parent=24540"}],"wp:term":[{"taxonomy":"product_brand","embeddable":true,"href":"https:\/\/effafood.com\/tr\/wp-json\/wp\/v2\/product_brand?post=24540"},{"taxonomy":"product_cat","embeddable":true,"href":"https:\/\/effafood.com\/tr\/wp-json\/wp\/v2\/product_cat?post=24540"},{"taxonomy":"product_tag","embeddable":true,"href":"https:\/\/effafood.com\/tr\/wp-json\/wp\/v2\/product_tag?post=24540"}],"curies":[{"name":"wp","href":"https:\/\/api.w.org\/{rel}","templated":true}]}}