{"id":24217,"date":"2025-02-14T20:11:30","date_gmt":"2025-02-14T20:11:30","guid":{"rendered":"https:\/\/effafood.com\/product\/soslu-misir\/"},"modified":"2025-03-02T14:28:11","modified_gmt":"2025-03-02T14:28:11","slug":"soslu-misir","status":"publish","type":"product","link":"https:\/\/effafood.com\/tr\/product\/soslu-misir\/","title":{"rendered":"Soslu Kavrulmu\u015f M\u0131s\u0131r"},"content":{"rendered":"","protected":false},"excerpt":{"rendered":"<p>Malatya Pazar\u0131 Kuruyemi\u015f<\/p>\n<p>Malatya Pazar\u0131 Kuruyemi\u015fleri, do\u011frudan Malatya, T\u00fcrkiye\u2019nin kalbinden gelen \u00fcst\u00fcn kalitede enfes bir tat sunar. Zengin topraklar\u0131 ve ideal iklimiyle bilinen bu b\u00f6lge, d\u00fcnyan\u0131n en iyi kuruyemi\u015flerinden baz\u0131lar\u0131n\u0131 \u00fcretmektedir. \u00c7\u0131t\u0131r \u00e7\u0131t\u0131r Antep f\u0131st\u0131\u011f\u0131ndan tatl\u0131 f\u0131nd\u0131\u011fa, Malatya Pazar\u0131\u2019n\u0131n her \u00fcr\u00fcn\u00fc tazeli\u011fini ve lezzetini korumak i\u00e7in \u00f6zenle se\u00e7ilir ve paketlenir.<\/p>\n<p>Effa Food, her durum i\u00e7in m\u00fckemmel olan bu sa\u011fl\u0131kl\u0131, do\u011fal at\u0131\u015ft\u0131rmal\u0131klar\u0131 sunmaktan gurur duyar. Malatya Pazar\u0131 Kuruyemi\u015f ile kendinizi lezzetli ve besleyici bir deneyimle \u015f\u0131mart\u0131n!<\/p>\n","protected":false},"featured_media":24133,"template":"","meta":[],"product_brand":[2901],"product_cat":[442],"product_tag":[],"class_list":{"0":"post-24217","1":"product","2":"type-product","3":"status-publish","4":"has-post-thumbnail","6":"product_brand-malatya-pazari-tr","7":"product_cat-atistirmalik","8":"pa_barcode-8690985147139-tr","9":"pa_brand-malatya-pazari-tr","10":"pa_inbox-22-tr","11":"pa_pallet-918","12":"pa_shelf-life-12-ay","13":"pa_weight-2-200-gr-tr","15":"first","16":"instock","17":"shipping-taxable","18":"product-type-simple"},"_links":{"self":[{"href":"https:\/\/effafood.com\/tr\/wp-json\/wp\/v2\/product\/24217","targetHints":{"allow":["GET"]}}],"collection":[{"href":"https:\/\/effafood.com\/tr\/wp-json\/wp\/v2\/product"}],"about":[{"href":"https:\/\/effafood.com\/tr\/wp-json\/wp\/v2\/types\/product"}],"version-history":[{"count":3,"href":"https:\/\/effafood.com\/tr\/wp-json\/wp\/v2\/product\/24217\/revisions"}],"predecessor-version":[{"id":24997,"href":"https:\/\/effafood.com\/tr\/wp-json\/wp\/v2\/product\/24217\/revisions\/24997"}],"wp:featuredmedia":[{"embeddable":true,"href":"https:\/\/effafood.com\/tr\/wp-json\/wp\/v2\/media\/24133"}],"wp:attachment":[{"href":"https:\/\/effafood.com\/tr\/wp-json\/wp\/v2\/media?parent=24217"}],"wp:term":[{"taxonomy":"product_brand","embeddable":true,"href":"https:\/\/effafood.com\/tr\/wp-json\/wp\/v2\/product_brand?post=24217"},{"taxonomy":"product_cat","embeddable":true,"href":"https:\/\/effafood.com\/tr\/wp-json\/wp\/v2\/product_cat?post=24217"},{"taxonomy":"product_tag","embeddable":true,"href":"https:\/\/effafood.com\/tr\/wp-json\/wp\/v2\/product_tag?post=24217"}],"curies":[{"name":"wp","href":"https:\/\/api.w.org\/{rel}","templated":true}]}}