{"id":24095,"date":"2025-02-09T09:00:53","date_gmt":"2025-02-09T09:00:53","guid":{"rendered":"https:\/\/effafood.com\/product\/ust-silindir\/"},"modified":"2025-03-02T13:26:11","modified_gmt":"2025-03-02T13:26:11","slug":"ust-silindir","status":"publish","type":"product","link":"https:\/\/effafood.com\/tr\/product\/ust-silindir\/","title":{"rendered":"\u00dcst Silindir"},"content":{"rendered":"","protected":false},"excerpt":{"rendered":"<p>YAVUZ AVRUPA OYUNCAKLARI<\/p>\n<p>Yavuz Europe, e\u011flenmek ve \u00f6\u011frenmek i\u00e7in tasarlanm\u0131\u015f \u00e7ok \u00e7e\u015fitli y\u00fcksek kaliteli oyuncaklar sunmaktad\u0131r. E\u011fitici oyuncaklardan yarat\u0131c\u0131 oyun setlerine kadar, koleksiyonumuz her ya\u015ftan \u00e7ocuk i\u00e7in yarat\u0131c\u0131l\u0131\u011f\u0131 ve beceri geli\u015fimini te\u015fvik eder. <\/p>\n<p>G\u00fcvenlik ve dayan\u0131kl\u0131l\u0131k i\u00e7in toksik olmayan malzemelerden \u00fcretilen Yavuz Europe Oyuncaklar\u0131, ne\u015fe ve merak uyand\u0131rmak i\u00e7in m\u00fckemmeldir. Oyuncaklar\u0131m\u0131z e\u011flenceyi e\u011fitimle birle\u015ftirerek \u00e7ocuklara b\u00fcy\u00fcme ve geli\u015fim i\u00e7in ihtiya\u00e7 duyduklar\u0131 ara\u00e7lar\u0131 sa\u011flar. <\/p>\n","protected":false},"featured_media":23613,"template":"","meta":[],"product_brand":[2912],"product_cat":[444],"product_tag":[],"class_list":{"0":"post-24095","1":"product","2":"type-product","3":"status-publish","4":"has-post-thumbnail","6":"product_brand-yavuzeurope-tr","7":"product_cat-oyuncak","8":"pa_barcode-933-tr","9":"pa_brand-yavuzeurope-tr","10":"pa_inbox-15-x-12-tr","11":"pa_pallet-35-tr","12":"pa_weight-2-60-ml-tr","14":"first","15":"instock","16":"shipping-taxable","17":"product-type-simple"},"_links":{"self":[{"href":"https:\/\/effafood.com\/tr\/wp-json\/wp\/v2\/product\/24095","targetHints":{"allow":["GET"]}}],"collection":[{"href":"https:\/\/effafood.com\/tr\/wp-json\/wp\/v2\/product"}],"about":[{"href":"https:\/\/effafood.com\/tr\/wp-json\/wp\/v2\/types\/product"}],"version-history":[{"count":1,"href":"https:\/\/effafood.com\/tr\/wp-json\/wp\/v2\/product\/24095\/revisions"}],"predecessor-version":[{"id":24778,"href":"https:\/\/effafood.com\/tr\/wp-json\/wp\/v2\/product\/24095\/revisions\/24778"}],"wp:featuredmedia":[{"embeddable":true,"href":"https:\/\/effafood.com\/tr\/wp-json\/wp\/v2\/media\/23613"}],"wp:attachment":[{"href":"https:\/\/effafood.com\/tr\/wp-json\/wp\/v2\/media?parent=24095"}],"wp:term":[{"taxonomy":"product_brand","embeddable":true,"href":"https:\/\/effafood.com\/tr\/wp-json\/wp\/v2\/product_brand?post=24095"},{"taxonomy":"product_cat","embeddable":true,"href":"https:\/\/effafood.com\/tr\/wp-json\/wp\/v2\/product_cat?post=24095"},{"taxonomy":"product_tag","embeddable":true,"href":"https:\/\/effafood.com\/tr\/wp-json\/wp\/v2\/product_tag?post=24095"}],"curies":[{"name":"wp","href":"https:\/\/api.w.org\/{rel}","templated":true}]}}