{"id":24084,"date":"2025-02-09T10:35:40","date_gmt":"2025-02-09T10:35:40","guid":{"rendered":"https:\/\/effafood.com\/product\/hello-kitty-surpriz-yumurtalar\/"},"modified":"2025-03-02T13:26:32","modified_gmt":"2025-03-02T13:26:32","slug":"hello-kitty-surpriz-yumurtalar","status":"publish","type":"product","link":"https:\/\/effafood.com\/tr\/product\/hello-kitty-surpriz-yumurtalar\/","title":{"rendered":"Hello Kitty S\u00fcrpriz Yumurtalar"},"content":{"rendered":"","protected":false},"excerpt":{"rendered":"<p>YAVUZ AVRUPA S\u00dcRPRI\u0307Z YUMURTALAR \u00c7I\u0307ZGI\u0307 FI\u0307LM LI\u0307SANSLARINDA<\/p>\n<p>Yavuz Avrupa, koleksiyon oyuncaklar\u0131, fig\u00fcrler ve aksesuarlarla dolu, sevilen \u00e7izgi film karakterlerinin yer ald\u0131\u011f\u0131 S\u00fcrpriz Yumurtalar sunuyor. Her yumurta, \u00e7ocuklar en iyi \u00e7izgi film lisanslar\u0131ndan en sevdikleri karakterleri ke\u015ffederken heyecan ve e\u011flence getiriyor. <\/p>\n<p>Y\u00fcksek kaliteli, toksik olmayan malzemelerden \u00fcretilen Yavuz Europe S\u00fcrpriz Yumurtalar g\u00fcvenli ve dayan\u0131kl\u0131d\u0131r, \u00e7ocuklar i\u00e7in sonsuz e\u011flence ve yarat\u0131c\u0131 oyun sa\u011flar.<\/p>\n","protected":false},"featured_media":23753,"template":"","meta":[],"product_brand":[2912],"product_cat":[444],"product_tag":[],"class_list":{"0":"post-24084","1":"product","2":"type-product","3":"status-publish","4":"has-post-thumbnail","6":"product_brand-yavuzeurope-tr","7":"product_cat-oyuncak","8":"pa_barcode-933-tr","9":"pa_brand-yavuzeurope-tr","10":"pa_pallet-918","12":"first","13":"instock","14":"shipping-taxable","15":"product-type-simple"},"_links":{"self":[{"href":"https:\/\/effafood.com\/tr\/wp-json\/wp\/v2\/product\/24084","targetHints":{"allow":["GET"]}}],"collection":[{"href":"https:\/\/effafood.com\/tr\/wp-json\/wp\/v2\/product"}],"about":[{"href":"https:\/\/effafood.com\/tr\/wp-json\/wp\/v2\/types\/product"}],"version-history":[{"count":1,"href":"https:\/\/effafood.com\/tr\/wp-json\/wp\/v2\/product\/24084\/revisions"}],"predecessor-version":[{"id":24836,"href":"https:\/\/effafood.com\/tr\/wp-json\/wp\/v2\/product\/24084\/revisions\/24836"}],"wp:featuredmedia":[{"embeddable":true,"href":"https:\/\/effafood.com\/tr\/wp-json\/wp\/v2\/media\/23753"}],"wp:attachment":[{"href":"https:\/\/effafood.com\/tr\/wp-json\/wp\/v2\/media?parent=24084"}],"wp:term":[{"taxonomy":"product_brand","embeddable":true,"href":"https:\/\/effafood.com\/tr\/wp-json\/wp\/v2\/product_brand?post=24084"},{"taxonomy":"product_cat","embeddable":true,"href":"https:\/\/effafood.com\/tr\/wp-json\/wp\/v2\/product_cat?post=24084"},{"taxonomy":"product_tag","embeddable":true,"href":"https:\/\/effafood.com\/tr\/wp-json\/wp\/v2\/product_tag?post=24084"}],"curies":[{"name":"wp","href":"https:\/\/api.w.org\/{rel}","templated":true}]}}