{"id":24005,"date":"2025-02-09T07:47:40","date_gmt":"2025-02-09T07:47:40","guid":{"rendered":"https:\/\/effafood.com\/product\/koylu-kombi-peynir\/"},"modified":"2025-03-02T13:25:11","modified_gmt":"2025-03-02T13:25:11","slug":"koylu-kombi-peynir","status":"publish","type":"product","link":"https:\/\/effafood.com\/tr\/product\/koylu-kombi-peynir\/","title":{"rendered":"K\u00f6yl\u00fc Kombi Peynir"},"content":{"rendered":"","protected":false},"excerpt":{"rendered":"<p>K\u00d6YL\u00dc S\u00dcT \u00dcR\u00dcNLERI\u0307<\/p>\n<p>K\u00f6yl\u00fc, sofran\u0131za lezzet ve gelenek getirmek i\u00e7in \u00f6zenle haz\u0131rlanm\u0131\u015f \u00e7ok \u00e7e\u015fitli y\u00fcksek kaliteli s\u00fct \u00fcr\u00fcnleri sunmaktad\u0131r. Sandvi\u00e7ler, at\u0131\u015ft\u0131rmal\u0131klar veya \u015farapla e\u015fle\u015ftirmek i\u00e7in m\u00fckemmel olan zengin ve kremsi K\u00f6yl\u00fc Peyniri ve p\u00fcr\u00fczs\u00fcz Gouda Dilimli Peynir se\u00e7eneklerimiz aras\u0131nda yer almaktad\u0131r. <\/p>\n<p>Gouda&#8217;n\u0131n yan\u0131 s\u0131ra, otantik lezzeti garantilemek i\u00e7in geleneksel y\u00f6ntemler kullan\u0131larak yap\u0131lan \u00e7e\u015fitli peynirler sunuyoruz. S\u00fct \u00fcr\u00fcnleri yelpazemizde ayr\u0131ca yo\u011furt, tereya\u011f\u0131 ve daha fazlas\u0131 yer almaktad\u0131r ve bunlar\u0131n t\u00fcm\u00fc g\u00fcnl\u00fck keyfiniz i\u00e7in do\u011fal malzemelerle \u00fcretilmi\u015ftir. <\/p>\n<p>Her lokmas\u0131nda gelene\u011fin lezzetle bulu\u015ftu\u011fu K\u00f6yl\u00fc S\u00fct \u00dcr\u00fcnleri ile lezzet ve kalite fark\u0131n\u0131 ke\u015ffedin.<\/p>\n","protected":false},"featured_media":23505,"template":"","meta":[],"product_brand":[2899],"product_cat":[436],"product_tag":[],"class_list":{"0":"post-24005","1":"product","2":"type-product","3":"status-publish","4":"has-post-thumbnail","6":"product_brand-koylu-tr","7":"product_cat-sut-urunleri","8":"pa_barcode-933-tr","9":"pa_brand-koylu-tr","10":"pa_inbox-6-tr","11":"pa_pallet-84-tr","12":"pa_shelf-life-12-ay","13":"pa_weight-2-800-gr-tr","15":"first","16":"instock","17":"shipping-taxable","18":"product-type-simple"},"_links":{"self":[{"href":"https:\/\/effafood.com\/tr\/wp-json\/wp\/v2\/product\/24005","targetHints":{"allow":["GET"]}}],"collection":[{"href":"https:\/\/effafood.com\/tr\/wp-json\/wp\/v2\/product"}],"about":[{"href":"https:\/\/effafood.com\/tr\/wp-json\/wp\/v2\/types\/product"}],"version-history":[{"count":1,"href":"https:\/\/effafood.com\/tr\/wp-json\/wp\/v2\/product\/24005\/revisions"}],"predecessor-version":[{"id":24751,"href":"https:\/\/effafood.com\/tr\/wp-json\/wp\/v2\/product\/24005\/revisions\/24751"}],"wp:featuredmedia":[{"embeddable":true,"href":"https:\/\/effafood.com\/tr\/wp-json\/wp\/v2\/media\/23505"}],"wp:attachment":[{"href":"https:\/\/effafood.com\/tr\/wp-json\/wp\/v2\/media?parent=24005"}],"wp:term":[{"taxonomy":"product_brand","embeddable":true,"href":"https:\/\/effafood.com\/tr\/wp-json\/wp\/v2\/product_brand?post=24005"},{"taxonomy":"product_cat","embeddable":true,"href":"https:\/\/effafood.com\/tr\/wp-json\/wp\/v2\/product_cat?post=24005"},{"taxonomy":"product_tag","embeddable":true,"href":"https:\/\/effafood.com\/tr\/wp-json\/wp\/v2\/product_tag?post=24005"}],"curies":[{"name":"wp","href":"https:\/\/api.w.org\/{rel}","templated":true}]}}