{"id":23996,"date":"2025-02-09T08:01:13","date_gmt":"2025-02-09T08:01:13","guid":{"rendered":"https:\/\/effafood.com\/product\/koylu-dilimlenmis-gouda\/"},"modified":"2025-03-02T13:26:04","modified_gmt":"2025-03-02T13:26:04","slug":"koylu-dilimlenmis-gouda","status":"publish","type":"product","link":"https:\/\/effafood.com\/tr\/product\/koylu-dilimlenmis-gouda\/","title":{"rendered":"K\u00f6yl\u00fc Dilimlenmi\u015f Gouda"},"content":{"rendered":"","protected":false},"excerpt":{"rendered":"<p>K\u00d6YL\u00dc S\u00dcT \u00dcR\u00dcNLERI\u0307<\/p>\n<p>K\u00f6yl\u00fc, sofran\u0131za hem lezzet hem de gelenek getirmek i\u00e7in \u00f6zenle haz\u0131rlanm\u0131\u015f \u00e7ok \u00e7e\u015fitli birinci s\u0131n\u0131f s\u00fct \u00fcr\u00fcnleri sunmaktad\u0131r. Koleksiyonumuzda sandvi\u00e7ler, at\u0131\u015ft\u0131rmal\u0131klar veya \u015farapla e\u015fle\u015ftirmek i\u00e7in m\u00fckemmel olan zengin, kremsi K\u00f6yl\u00fc Peyniri ve p\u00fcr\u00fczs\u00fcz Gouda Dilim Peyniri bulunmaktad\u0131r. <\/p>\n<p>Gouda&#8217;ya ek olarak, otantik bir tat sunmak i\u00e7in geleneksel y\u00f6ntemler kullan\u0131larak yap\u0131lan \u00e7e\u015fitli peynirler sunuyoruz. S\u00fct \u00fcr\u00fcnleri yelpazemizde ayr\u0131ca, g\u00fcnl\u00fck \u00f6\u011f\u00fcnlerinizi zenginle\u015ftirmek i\u00e7in hepsi do\u011fal malzemelerle \u00fcretilmi\u015f yo\u011furt, tereya\u011f\u0131 ve daha fazlas\u0131 bulunmaktad\u0131r. <\/p>\n<p>Her lokmas\u0131nda gelenek ve lezzetin bir araya geldi\u011fi K\u00f6yl\u00fc S\u00fct \u00dcr\u00fcnleri&#8217;nin \u00fcst\u00fcn lezzet ve kalitesini deneyimleyin.<\/p>\n","protected":false},"featured_media":23537,"template":"","meta":[],"product_brand":[2899],"product_cat":[436],"product_tag":[],"class_list":{"0":"post-23996","1":"product","2":"type-product","3":"status-publish","4":"has-post-thumbnail","6":"product_brand-koylu-tr","7":"product_cat-sut-urunleri","8":"pa_barcode-933-tr","9":"pa_brand-koylu-tr","10":"pa_pallet-918","11":"pa_shelf-life-12-ay","12":"pa_weight-2-500-gr-tr","14":"first","15":"instock","16":"shipping-taxable","17":"product-type-simple"},"_links":{"self":[{"href":"https:\/\/effafood.com\/tr\/wp-json\/wp\/v2\/product\/23996","targetHints":{"allow":["GET"]}}],"collection":[{"href":"https:\/\/effafood.com\/tr\/wp-json\/wp\/v2\/product"}],"about":[{"href":"https:\/\/effafood.com\/tr\/wp-json\/wp\/v2\/types\/product"}],"version-history":[{"count":1,"href":"https:\/\/effafood.com\/tr\/wp-json\/wp\/v2\/product\/23996\/revisions"}],"predecessor-version":[{"id":24758,"href":"https:\/\/effafood.com\/tr\/wp-json\/wp\/v2\/product\/23996\/revisions\/24758"}],"wp:featuredmedia":[{"embeddable":true,"href":"https:\/\/effafood.com\/tr\/wp-json\/wp\/v2\/media\/23537"}],"wp:attachment":[{"href":"https:\/\/effafood.com\/tr\/wp-json\/wp\/v2\/media?parent=23996"}],"wp:term":[{"taxonomy":"product_brand","embeddable":true,"href":"https:\/\/effafood.com\/tr\/wp-json\/wp\/v2\/product_brand?post=23996"},{"taxonomy":"product_cat","embeddable":true,"href":"https:\/\/effafood.com\/tr\/wp-json\/wp\/v2\/product_cat?post=23996"},{"taxonomy":"product_tag","embeddable":true,"href":"https:\/\/effafood.com\/tr\/wp-json\/wp\/v2\/product_tag?post=23996"}],"curies":[{"name":"wp","href":"https:\/\/api.w.org\/{rel}","templated":true}]}}