{"id":23982,"date":"2025-02-09T07:59:43","date_gmt":"2025-02-09T07:59:43","guid":{"rendered":"https:\/\/effafood.com\/product\/koylu-ayran\/"},"modified":"2025-03-02T13:26:03","modified_gmt":"2025-03-02T13:26:03","slug":"koylu-ayran","status":"publish","type":"product","link":"https:\/\/effafood.com\/tr\/product\/koylu-ayran\/","title":{"rendered":"K\u00f6yl\u00fc Ayran"},"content":{"rendered":"","protected":false},"excerpt":{"rendered":"<p>K\u00d6YL\u00dc S\u00dcT \u00dcR\u00dcNLERI\u0307<\/p>\n<p>K\u00f6yl\u00fc, sofran\u0131za hem lezzet hem de gelenek getirmek i\u00e7in \u00f6zenle haz\u0131rlanm\u0131\u015f \u00e7ok \u00e7e\u015fitli birinci s\u0131n\u0131f s\u00fct \u00fcr\u00fcnleri sunmaktad\u0131r. Koleksiyonumuzda sandvi\u00e7ler, at\u0131\u015ft\u0131rmal\u0131klar veya herhangi bir yeme\u011fe eklemek i\u00e7in m\u00fckemmel olan zengin, kremsi K\u00f6yl\u00fc Peynir bulunmaktad\u0131r. <\/p>\n<p>Peynirlerimize ek olarak, yemeklerinizle harika bir \u015fekilde e\u015fle\u015fen veya tek ba\u015f\u0131na tad\u0131n\u0131 \u00e7\u0131karabilece\u011finiz ferahlat\u0131c\u0131, yo\u011furt bazl\u0131 bir i\u00e7ecek olan K\u00f6yl\u00fc Ayran&#8217;\u0131 gururla sunuyoruz. S\u00fct \u00fcr\u00fcnleri yelpazemizde ayr\u0131ca g\u00fcnl\u00fck \u00f6\u011f\u00fcnlerinizi zenginle\u015ftirmek i\u00e7in hepsi do\u011fal malzemelerle yap\u0131lan yo\u011furt, tereya\u011f\u0131 ve daha fazlas\u0131 bulunmaktad\u0131r. <\/p>\n<p>Her lokmas\u0131nda gelenek ve lezzetin bir araya geldi\u011fi K\u00f6yl\u00fc S\u00fct \u00dcr\u00fcnleri&#8217;nin \u00fcst\u00fcn lezzet ve kalitesini deneyimleyin.<\/p>\n","protected":false},"featured_media":23531,"template":"","meta":[],"product_brand":[2899],"product_cat":[436],"product_tag":[],"class_list":{"0":"post-23982","1":"product","2":"type-product","3":"status-publish","4":"has-post-thumbnail","6":"product_brand-koylu-tr","7":"product_cat-sut-urunleri","8":"pa_barcode-933-tr","9":"pa_brand-koylu-tr","10":"pa_pallet-918","11":"pa_shelf-life-6-ay","12":"pa_weight-2-1000-ml-tr","14":"first","15":"instock","16":"shipping-taxable","17":"product-type-simple"},"_links":{"self":[{"href":"https:\/\/effafood.com\/tr\/wp-json\/wp\/v2\/product\/23982","targetHints":{"allow":["GET"]}}],"collection":[{"href":"https:\/\/effafood.com\/tr\/wp-json\/wp\/v2\/product"}],"about":[{"href":"https:\/\/effafood.com\/tr\/wp-json\/wp\/v2\/types\/product"}],"version-history":[{"count":1,"href":"https:\/\/effafood.com\/tr\/wp-json\/wp\/v2\/product\/23982\/revisions"}],"predecessor-version":[{"id":24755,"href":"https:\/\/effafood.com\/tr\/wp-json\/wp\/v2\/product\/23982\/revisions\/24755"}],"wp:featuredmedia":[{"embeddable":true,"href":"https:\/\/effafood.com\/tr\/wp-json\/wp\/v2\/media\/23531"}],"wp:attachment":[{"href":"https:\/\/effafood.com\/tr\/wp-json\/wp\/v2\/media?parent=23982"}],"wp:term":[{"taxonomy":"product_brand","embeddable":true,"href":"https:\/\/effafood.com\/tr\/wp-json\/wp\/v2\/product_brand?post=23982"},{"taxonomy":"product_cat","embeddable":true,"href":"https:\/\/effafood.com\/tr\/wp-json\/wp\/v2\/product_cat?post=23982"},{"taxonomy":"product_tag","embeddable":true,"href":"https:\/\/effafood.com\/tr\/wp-json\/wp\/v2\/product_tag?post=23982"}],"curies":[{"name":"wp","href":"https:\/\/api.w.org\/{rel}","templated":true}]}}