{"id":23979,"date":"2025-02-09T08:07:04","date_gmt":"2025-02-09T08:07:04","guid":{"rendered":"https:\/\/effafood.com\/product\/koylu-yogurt-1000-gr-%10-fet\/"},"modified":"2025-03-02T13:26:07","modified_gmt":"2025-03-02T13:26:07","slug":"koylu-yogurt-1000-gr-%10-fet","status":"publish","type":"product","link":"https:\/\/effafood.com\/tr\/product\/koylu-yogurt-1000-gr-%10-fet\/","title":{"rendered":"K\u00f6yl\u00fc Yo\u011furt 1000 gr %10 Fet"},"content":{"rendered":"","protected":false},"excerpt":{"rendered":"<p>K\u00d6YL\u00dc YO\u011eURT<\/p>\n<p>K\u00f6yl\u00fc, en iyi malzemeler ve canl\u0131 k\u00fclt\u00fcrlerle yap\u0131lm\u0131\u015f \u00e7e\u015fitli lezzetli yo\u011furtlar sunmaktad\u0131r. \u0130ster kremal\u0131 sade yo\u011furt ister meyveli tatlar tercih edin, \u00fcr\u00fcn yelpazemiz kahvalt\u0131, at\u0131\u015ft\u0131rmal\u0131klar veya tatl\u0131lar i\u00e7in m\u00fckemmeldir. <\/p>\n<p>Y\u00fcksek kaliteli s\u00fctten \u00fcretilen K\u00f6yl\u00fc Yo\u011furt, yapay katk\u0131 maddeleri i\u00e7ermeyen taze ve sa\u011fl\u0131kl\u0131 bir lezzet sunar. Her ka\u015f\u0131kta K\u00f6yl\u00fc&#8217;n\u00fcn do\u011fal iyili\u011finin tad\u0131n\u0131 \u00e7\u0131kar\u0131n. <\/p>\n","protected":false},"featured_media":23547,"template":"","meta":[],"product_brand":[2899],"product_cat":[436],"product_tag":[],"class_list":{"0":"post-23979","1":"product","2":"type-product","3":"status-publish","4":"has-post-thumbnail","6":"product_brand-koylu-tr","7":"product_cat-sut-urunleri","8":"pa_barcode-933-tr","9":"pa_brand-koylu-tr","10":"pa_pallet-918","11":"pa_shelf-life-1-ay","12":"pa_weight-2-1000-gr-tr","14":"first","15":"instock","16":"shipping-taxable","17":"product-type-simple"},"_links":{"self":[{"href":"https:\/\/effafood.com\/tr\/wp-json\/wp\/v2\/product\/23979","targetHints":{"allow":["GET"]}}],"collection":[{"href":"https:\/\/effafood.com\/tr\/wp-json\/wp\/v2\/product"}],"about":[{"href":"https:\/\/effafood.com\/tr\/wp-json\/wp\/v2\/types\/product"}],"version-history":[{"count":1,"href":"https:\/\/effafood.com\/tr\/wp-json\/wp\/v2\/product\/23979\/revisions"}],"predecessor-version":[{"id":24766,"href":"https:\/\/effafood.com\/tr\/wp-json\/wp\/v2\/product\/23979\/revisions\/24766"}],"wp:featuredmedia":[{"embeddable":true,"href":"https:\/\/effafood.com\/tr\/wp-json\/wp\/v2\/media\/23547"}],"wp:attachment":[{"href":"https:\/\/effafood.com\/tr\/wp-json\/wp\/v2\/media?parent=23979"}],"wp:term":[{"taxonomy":"product_brand","embeddable":true,"href":"https:\/\/effafood.com\/tr\/wp-json\/wp\/v2\/product_brand?post=23979"},{"taxonomy":"product_cat","embeddable":true,"href":"https:\/\/effafood.com\/tr\/wp-json\/wp\/v2\/product_cat?post=23979"},{"taxonomy":"product_tag","embeddable":true,"href":"https:\/\/effafood.com\/tr\/wp-json\/wp\/v2\/product_tag?post=23979"}],"curies":[{"name":"wp","href":"https:\/\/api.w.org\/{rel}","templated":true}]}}