{"id":22928,"date":"2025-01-20T19:48:18","date_gmt":"2025-01-20T19:48:18","guid":{"rendered":"https:\/\/effafood.com\/product\/cilek-aromali-soda\/"},"modified":"2025-03-02T13:24:29","modified_gmt":"2025-03-02T13:24:29","slug":"cilek-aromali-soda","status":"publish","type":"product","link":"https:\/\/effafood.com\/tr\/product\/cilek-aromali-soda\/","title":{"rendered":"\u00c7ilek Aromal\u0131 Soda"},"content":{"rendered":"","protected":false},"excerpt":{"rendered":"<div class=\"relative p-1 rounded-sm flex items-center justify-center bg-token-main-surface-primary text-token-text-primary h-8 w-8\">Beypazar\u0131 Do\u011fal Maden Suyu<\/div>\n<div><\/div>\n<div class=\"relative p-1 rounded-sm flex items-center justify-center bg-token-main-surface-primary text-token-text-primary h-8 w-8\">Do\u011fan\u0131n sundu\u011fu en saf ve en taze tad\u0131, sa\u011fl\u0131\u011f\u0131n faydalar\u0131yla birle\u015ftirerek sunar. Do\u011fal minerallerle zenginle\u015ftirilmi\u015f bu maden suyu, her yudumda tazelik ve canl\u0131l\u0131k sa\u011fl\u0131yor. Klasik ve meyve aromal\u0131 \u00e7e\u015fitleriyle damak tad\u0131n\u0131za hitap eden Beypazar\u0131 Maden Suyu, g\u00fcn boyu enerjik kalman\u0131za yard\u0131mc\u0131 olur. Sa\u011fl\u0131kl\u0131 bir ya\u015fam i\u00e7in m\u00fckemmel bir yol arkada\u015f\u0131 olan Beypazar\u0131, g\u00fcn\u00fcn her an\u0131 i\u00e7in do\u011fan\u0131n iyili\u011fini \u00f6d\u00fcn vermeden sunuyor!   <\/div>\n","protected":false},"featured_media":22665,"template":"","meta":[],"product_brand":[2890],"product_cat":[384],"product_tag":[],"class_list":{"0":"post-22928","1":"product","2":"type-product","3":"status-publish","4":"has-post-thumbnail","6":"product_brand-beypazari-tr","7":"product_cat-icecekler-tr","8":"pa_barcode-8691381000080-tr","9":"pa_brand-beypazari-tr","10":"pa_inbox-24-tr","11":"pa_pallet-96-tr","12":"pa_shelf-life-12-ay","13":"pa_weight-2-200-ml-tr","15":"first","16":"instock","17":"shipping-taxable","18":"product-type-simple"},"_links":{"self":[{"href":"https:\/\/effafood.com\/tr\/wp-json\/wp\/v2\/product\/22928","targetHints":{"allow":["GET"]}}],"collection":[{"href":"https:\/\/effafood.com\/tr\/wp-json\/wp\/v2\/product"}],"about":[{"href":"https:\/\/effafood.com\/tr\/wp-json\/wp\/v2\/types\/product"}],"version-history":[{"count":1,"href":"https:\/\/effafood.com\/tr\/wp-json\/wp\/v2\/product\/22928\/revisions"}],"predecessor-version":[{"id":24642,"href":"https:\/\/effafood.com\/tr\/wp-json\/wp\/v2\/product\/22928\/revisions\/24642"}],"wp:featuredmedia":[{"embeddable":true,"href":"https:\/\/effafood.com\/tr\/wp-json\/wp\/v2\/media\/22665"}],"wp:attachment":[{"href":"https:\/\/effafood.com\/tr\/wp-json\/wp\/v2\/media?parent=22928"}],"wp:term":[{"taxonomy":"product_brand","embeddable":true,"href":"https:\/\/effafood.com\/tr\/wp-json\/wp\/v2\/product_brand?post=22928"},{"taxonomy":"product_cat","embeddable":true,"href":"https:\/\/effafood.com\/tr\/wp-json\/wp\/v2\/product_cat?post=22928"},{"taxonomy":"product_tag","embeddable":true,"href":"https:\/\/effafood.com\/tr\/wp-json\/wp\/v2\/product_tag?post=22928"}],"curies":[{"name":"wp","href":"https:\/\/api.w.org\/{rel}","templated":true}]}}