{"id":22920,"date":"2025-01-19T16:50:45","date_gmt":"2025-01-19T16:50:45","guid":{"rendered":"https:\/\/effafood.com\/product\/premium-gofret-vanilya-kremasi\/"},"modified":"2025-02-08T11:58:21","modified_gmt":"2025-02-08T11:58:21","slug":"premium-gofret-vanilya-kremasi","status":"publish","type":"product","link":"https:\/\/effafood.com\/tr\/product\/premium-gofret-vanilya-kremasi\/","title":{"rendered":"Premium Gofret Vanilya Kremas\u0131"},"content":{"rendered":"","protected":false},"excerpt":{"rendered":"<p>PREMIUM WAFERS VAN\u0130LYA KREMASI<\/p>\n<p>Zengin vanilya kremas\u0131 ile doldurulmu\u015f Premium Gofretlerin p\u00fcr\u00fczs\u00fcz ve aromatik lezzetinin tad\u0131n\u0131 \u00e7\u0131kar\u0131n. Her bir \u00e7\u0131t\u0131r gofret katman\u0131, kadifemsi vanilya dolgusu ile m\u00fckemmel bir \u015fekilde e\u015fle\u015ferek ho\u015f bir doku ve tat dengesi yarat\u0131r. Her \u0131s\u0131r\u0131k, tatl\u0131 bir dokunu\u015f getirerek klasik ve zamans\u0131z bir ikram sunar.<\/p>\n","protected":false},"featured_media":22155,"template":"","meta":[],"product_brand":[2910],"product_cat":[442],"product_tag":[],"class_list":{"0":"post-22920","1":"product","2":"type-product","3":"status-publish","4":"has-post-thumbnail","6":"product_brand-tore-tr","7":"product_cat-atistirmalik","8":"pa_barcode-8697439300225-tr","9":"pa_brand-tore-tr","10":"pa_inbox-24-x-6-tr","11":"pa_pallet-918","12":"pa_shelf-life-12-ay","13":"pa_weight-2-52-gr-tr","15":"first","16":"instock","17":"shipping-taxable","18":"product-type-simple"},"_links":{"self":[{"href":"https:\/\/effafood.com\/tr\/wp-json\/wp\/v2\/product\/22920","targetHints":{"allow":["GET"]}}],"collection":[{"href":"https:\/\/effafood.com\/tr\/wp-json\/wp\/v2\/product"}],"about":[{"href":"https:\/\/effafood.com\/tr\/wp-json\/wp\/v2\/types\/product"}],"version-history":[{"count":1,"href":"https:\/\/effafood.com\/tr\/wp-json\/wp\/v2\/product\/22920\/revisions"}],"predecessor-version":[{"id":23100,"href":"https:\/\/effafood.com\/tr\/wp-json\/wp\/v2\/product\/22920\/revisions\/23100"}],"wp:featuredmedia":[{"embeddable":true,"href":"https:\/\/effafood.com\/tr\/wp-json\/wp\/v2\/media\/22155"}],"wp:attachment":[{"href":"https:\/\/effafood.com\/tr\/wp-json\/wp\/v2\/media?parent=22920"}],"wp:term":[{"taxonomy":"product_brand","embeddable":true,"href":"https:\/\/effafood.com\/tr\/wp-json\/wp\/v2\/product_brand?post=22920"},{"taxonomy":"product_cat","embeddable":true,"href":"https:\/\/effafood.com\/tr\/wp-json\/wp\/v2\/product_cat?post=22920"},{"taxonomy":"product_tag","embeddable":true,"href":"https:\/\/effafood.com\/tr\/wp-json\/wp\/v2\/product_tag?post=22920"}],"curies":[{"name":"wp","href":"https:\/\/api.w.org\/{rel}","templated":true}]}}