{"id":22919,"date":"2025-01-19T16:59:02","date_gmt":"2025-01-19T16:59:02","guid":{"rendered":"https:\/\/effafood.com\/product\/gringo-sutlu-cikolata-kaplamali-fistikli-kakaolu-gofret\/"},"modified":"2025-02-08T11:57:00","modified_gmt":"2025-02-08T11:57:00","slug":"gringo-sutlu-cikolata-kaplamali-fistikli-kakaolu-gofret","status":"publish","type":"product","link":"https:\/\/effafood.com\/tr\/product\/gringo-sutlu-cikolata-kaplamali-fistikli-kakaolu-gofret\/","title":{"rendered":"Gringo S\u00fctl\u00fc \u00c7ikolata Kaplamal\u0131 F\u0131st\u0131kl\u0131 Kakaolu Gofret"},"content":{"rendered":"","protected":false},"excerpt":{"rendered":"<p>GRINGO S\u00dcTL\u00dc \u00c7\u0130KOLATA KAPLI FISTIKLI KAKAOLU GOFRET<\/p>\n<p>T\u00f6ren Gringo S\u00fctl\u00fc \u00c7ikolata Kapl\u0131 F\u0131st\u0131kl\u0131 Kakaolu Gofret ile kremal\u0131 s\u00fctl\u00fc \u00e7ikolatan\u0131n, \u00e7\u0131t\u0131r kakaolu gofretin ve k\u0131t\u0131r f\u0131st\u0131klar\u0131n m\u00fckemmel birle\u015fiminin tad\u0131n\u0131 \u00e7\u0131kar\u0131n. Her \u0131s\u0131r\u0131k, p\u00fcr\u00fczs\u00fcz \u00e7ikolata kaplamas\u0131ndan zengin kakaolu gofrete ve yer f\u0131st\u0131\u011f\u0131n\u0131n lezzetli \u00e7\u0131t\u0131rl\u0131\u011f\u0131na kadar ho\u015f bir doku ve tat dengesi sunar. Tatl\u0131 ve f\u0131nd\u0131kl\u0131 bir ikram arayan at\u0131\u015ft\u0131rmal\u0131k severler i\u00e7in idealdir.<\/p>\n","protected":false},"featured_media":22165,"template":"","meta":[],"product_brand":[2910],"product_cat":[442],"product_tag":[],"class_list":{"0":"post-22919","1":"product","2":"type-product","3":"status-publish","4":"has-post-thumbnail","6":"product_brand-tore-tr","7":"product_cat-atistirmalik","8":"pa_barcode-8697439302885-tr","9":"pa_brand-tore-tr","10":"pa_inbox-24-x-6-tr","11":"pa_pallet-918","12":"pa_shelf-life-12-ay","13":"pa_weight-2-55-gr-tr","15":"first","16":"instock","17":"shipping-taxable","18":"product-type-simple"},"_links":{"self":[{"href":"https:\/\/effafood.com\/tr\/wp-json\/wp\/v2\/product\/22919","targetHints":{"allow":["GET"]}}],"collection":[{"href":"https:\/\/effafood.com\/tr\/wp-json\/wp\/v2\/product"}],"about":[{"href":"https:\/\/effafood.com\/tr\/wp-json\/wp\/v2\/types\/product"}],"version-history":[{"count":2,"href":"https:\/\/effafood.com\/tr\/wp-json\/wp\/v2\/product\/22919\/revisions"}],"predecessor-version":[{"id":23098,"href":"https:\/\/effafood.com\/tr\/wp-json\/wp\/v2\/product\/22919\/revisions\/23098"}],"wp:featuredmedia":[{"embeddable":true,"href":"https:\/\/effafood.com\/tr\/wp-json\/wp\/v2\/media\/22165"}],"wp:attachment":[{"href":"https:\/\/effafood.com\/tr\/wp-json\/wp\/v2\/media?parent=22919"}],"wp:term":[{"taxonomy":"product_brand","embeddable":true,"href":"https:\/\/effafood.com\/tr\/wp-json\/wp\/v2\/product_brand?post=22919"},{"taxonomy":"product_cat","embeddable":true,"href":"https:\/\/effafood.com\/tr\/wp-json\/wp\/v2\/product_cat?post=22919"},{"taxonomy":"product_tag","embeddable":true,"href":"https:\/\/effafood.com\/tr\/wp-json\/wp\/v2\/product_tag?post=22919"}],"curies":[{"name":"wp","href":"https:\/\/api.w.org\/{rel}","templated":true}]}}