{"id":22916,"date":"2025-01-19T15:59:18","date_gmt":"2025-01-19T15:59:18","guid":{"rendered":"https:\/\/effafood.com\/product\/premium-gofret-sut-kremasi\/"},"modified":"2025-02-08T11:58:53","modified_gmt":"2025-02-08T11:58:53","slug":"premium-gofret-sut-kremasi","status":"publish","type":"product","link":"https:\/\/effafood.com\/tr\/product\/premium-gofret-sut-kremasi\/","title":{"rendered":"Premium Gofret S\u00fct Kremal\u0131"},"content":{"rendered":"","protected":false},"excerpt":{"rendered":"<p><strong>PREMIUM WAFERS S\u00dcT KREMALI<\/strong><\/p>\n<p>Lezzetli s\u00fct kremas\u0131 dolgulu Premium Gofretlerin zengin ve kadifemsi lezzetinin tad\u0131n\u0131 \u00e7\u0131kar\u0131n. Her bir \u00e7\u0131t\u0131r gofret, p\u00fcr\u00fczs\u00fcz, kremsi s\u00fct dolgusu ile m\u00fckemmel bir \u015fekilde tamamlan\u0131r ve her \u0131s\u0131r\u0131kta keyifli ve rahatlat\u0131c\u0131 bir ikram sunar. Her durum i\u00e7in m\u00fckemmel olan, zamans\u0131z bir at\u0131\u015ft\u0131rmal\u0131kt\u0131r!<\/p>\n","protected":false},"featured_media":22150,"template":"","meta":[],"product_brand":[2910],"product_cat":[442],"product_tag":[],"class_list":{"0":"post-22916","1":"product","2":"type-product","3":"status-publish","4":"has-post-thumbnail","6":"product_brand-tore-tr","7":"product_cat-atistirmalik","8":"pa_barcode-8697439300256-tr","9":"pa_brand-tore-tr","10":"pa_inbox-24-x-6-tr","11":"pa_pallet-918","12":"pa_shelf-life-12-ay","13":"pa_weight-2-52-gr-tr","15":"first","16":"instock","17":"shipping-taxable","18":"product-type-simple"},"_links":{"self":[{"href":"https:\/\/effafood.com\/tr\/wp-json\/wp\/v2\/product\/22916","targetHints":{"allow":["GET"]}}],"collection":[{"href":"https:\/\/effafood.com\/tr\/wp-json\/wp\/v2\/product"}],"about":[{"href":"https:\/\/effafood.com\/tr\/wp-json\/wp\/v2\/types\/product"}],"version-history":[{"count":1,"href":"https:\/\/effafood.com\/tr\/wp-json\/wp\/v2\/product\/22916\/revisions"}],"predecessor-version":[{"id":23101,"href":"https:\/\/effafood.com\/tr\/wp-json\/wp\/v2\/product\/22916\/revisions\/23101"}],"wp:featuredmedia":[{"embeddable":true,"href":"https:\/\/effafood.com\/tr\/wp-json\/wp\/v2\/media\/22150"}],"wp:attachment":[{"href":"https:\/\/effafood.com\/tr\/wp-json\/wp\/v2\/media?parent=22916"}],"wp:term":[{"taxonomy":"product_brand","embeddable":true,"href":"https:\/\/effafood.com\/tr\/wp-json\/wp\/v2\/product_brand?post=22916"},{"taxonomy":"product_cat","embeddable":true,"href":"https:\/\/effafood.com\/tr\/wp-json\/wp\/v2\/product_cat?post=22916"},{"taxonomy":"product_tag","embeddable":true,"href":"https:\/\/effafood.com\/tr\/wp-json\/wp\/v2\/product_tag?post=22916"}],"curies":[{"name":"wp","href":"https:\/\/api.w.org\/{rel}","templated":true}]}}