{"id":22915,"date":"2025-01-19T16:53:02","date_gmt":"2025-01-19T16:53:02","guid":{"rendered":"https:\/\/effafood.com\/product\/premium-gofret-visne-kremasi\/"},"modified":"2025-02-08T11:57:42","modified_gmt":"2025-02-08T11:57:42","slug":"premium-gofret-visne-kremasi","status":"publish","type":"product","link":"https:\/\/effafood.com\/tr\/product\/premium-gofret-visne-kremasi\/","title":{"rendered":"Premium Gofret Vi\u015fne Kremas\u0131"},"content":{"rendered":"","protected":false},"excerpt":{"rendered":"<p>PREMIUM WAFERS V\u0130\u015eNEL\u0130 KREMA<\/p>\n<p>\u00c7\u0131t\u0131r gofretler ve tatl\u0131 vi\u015fne kremas\u0131 dolgusu ile Premium Wafers Vi\u015fneli Krema&#8217;daki kar\u015f\u0131 konulmaz kombinasyonun tad\u0131n\u0131 \u00e7\u0131kar\u0131n. Vi\u015fne kremas\u0131n\u0131n keskin tatl\u0131l\u0131\u011f\u0131, narin gofret katmanlar\u0131n\u0131 m\u00fckemmel bir \u015fekilde tamamlayarak ferahlat\u0131c\u0131 ve tatmin edici bir lezzet sunar. Meyveli tatlardan ho\u015flananlar i\u00e7in m\u00fckemmel bir ikramd\u0131r.<\/p>\n","protected":false},"featured_media":22160,"template":"","meta":[],"product_brand":[2910],"product_cat":[442],"product_tag":[],"class_list":{"0":"post-22915","1":"product","2":"type-product","3":"status-publish","4":"has-post-thumbnail","6":"product_brand-tore-tr","7":"product_cat-atistirmalik","8":"pa_barcode-8697439300133-tr","9":"pa_brand-tore-tr","10":"pa_inbox-24-x-6-tr","11":"pa_pallet-918","12":"pa_shelf-life-12-ay","13":"pa_weight-2-52-gr-tr","15":"first","16":"instock","17":"shipping-taxable","18":"product-type-simple"},"_links":{"self":[{"href":"https:\/\/effafood.com\/tr\/wp-json\/wp\/v2\/product\/22915","targetHints":{"allow":["GET"]}}],"collection":[{"href":"https:\/\/effafood.com\/tr\/wp-json\/wp\/v2\/product"}],"about":[{"href":"https:\/\/effafood.com\/tr\/wp-json\/wp\/v2\/types\/product"}],"version-history":[{"count":1,"href":"https:\/\/effafood.com\/tr\/wp-json\/wp\/v2\/product\/22915\/revisions"}],"predecessor-version":[{"id":23099,"href":"https:\/\/effafood.com\/tr\/wp-json\/wp\/v2\/product\/22915\/revisions\/23099"}],"wp:featuredmedia":[{"embeddable":true,"href":"https:\/\/effafood.com\/tr\/wp-json\/wp\/v2\/media\/22160"}],"wp:attachment":[{"href":"https:\/\/effafood.com\/tr\/wp-json\/wp\/v2\/media?parent=22915"}],"wp:term":[{"taxonomy":"product_brand","embeddable":true,"href":"https:\/\/effafood.com\/tr\/wp-json\/wp\/v2\/product_brand?post=22915"},{"taxonomy":"product_cat","embeddable":true,"href":"https:\/\/effafood.com\/tr\/wp-json\/wp\/v2\/product_cat?post=22915"},{"taxonomy":"product_tag","embeddable":true,"href":"https:\/\/effafood.com\/tr\/wp-json\/wp\/v2\/product_tag?post=22915"}],"curies":[{"name":"wp","href":"https:\/\/api.w.org\/{rel}","templated":true}]}}