{"id":22912,"date":"2025-01-19T15:56:41","date_gmt":"2025-01-19T15:56:41","guid":{"rendered":"https:\/\/effafood.com\/product\/premium-gofret-muzlu-krema\/"},"modified":"2025-02-08T12:00:25","modified_gmt":"2025-02-08T12:00:25","slug":"premium-gofret-muzlu-krema","status":"publish","type":"product","link":"https:\/\/effafood.com\/tr\/product\/premium-gofret-muzlu-krema\/","title":{"rendered":"Premium Gofret Muzlu"},"content":{"rendered":"","protected":false},"excerpt":{"rendered":"<p>PREMIUM WAFERS MUZ KREMALI<\/p>\n<p>Tatl\u0131 muz kremas\u0131 dolgulu Premium Gofretlerin kremsi ve tatl\u0131 tad\u0131yla kendinizi \u015f\u0131mart\u0131n. Bu \u00e7\u0131t\u0131r gofretler, her \u0131s\u0131r\u0131kta tatl\u0131l\u0131k ve tazeli\u011fin m\u00fckemmel bir kar\u0131\u015f\u0131m\u0131n\u0131 sunan p\u00fcr\u00fczs\u00fcz ve zengin muz aromal\u0131 krema ile tamamlanmaktad\u0131r. Muz severler i\u00e7in enfes bir ikram!<\/p>\n","protected":false},"featured_media":22145,"template":"","meta":[],"product_brand":[2910],"product_cat":[442],"product_tag":[],"class_list":{"0":"post-22912","1":"product","2":"type-product","3":"status-publish","4":"has-post-thumbnail","6":"product_brand-tore-tr","7":"product_cat-atistirmalik","8":"pa_barcode-8697439300317-tr","9":"pa_brand-tore-tr","10":"pa_inbox-24-x-6-tr","11":"pa_pallet-918","12":"pa_shelf-life-12-ay","13":"pa_weight-2-52-gr-tr","15":"first","16":"instock","17":"shipping-taxable","18":"product-type-simple"},"_links":{"self":[{"href":"https:\/\/effafood.com\/tr\/wp-json\/wp\/v2\/product\/22912","targetHints":{"allow":["GET"]}}],"collection":[{"href":"https:\/\/effafood.com\/tr\/wp-json\/wp\/v2\/product"}],"about":[{"href":"https:\/\/effafood.com\/tr\/wp-json\/wp\/v2\/types\/product"}],"version-history":[{"count":1,"href":"https:\/\/effafood.com\/tr\/wp-json\/wp\/v2\/product\/22912\/revisions"}],"predecessor-version":[{"id":23102,"href":"https:\/\/effafood.com\/tr\/wp-json\/wp\/v2\/product\/22912\/revisions\/23102"}],"wp:featuredmedia":[{"embeddable":true,"href":"https:\/\/effafood.com\/tr\/wp-json\/wp\/v2\/media\/22145"}],"wp:attachment":[{"href":"https:\/\/effafood.com\/tr\/wp-json\/wp\/v2\/media?parent=22912"}],"wp:term":[{"taxonomy":"product_brand","embeddable":true,"href":"https:\/\/effafood.com\/tr\/wp-json\/wp\/v2\/product_brand?post=22912"},{"taxonomy":"product_cat","embeddable":true,"href":"https:\/\/effafood.com\/tr\/wp-json\/wp\/v2\/product_cat?post=22912"},{"taxonomy":"product_tag","embeddable":true,"href":"https:\/\/effafood.com\/tr\/wp-json\/wp\/v2\/product_tag?post=22912"}],"curies":[{"name":"wp","href":"https:\/\/api.w.org\/{rel}","templated":true}]}}