{"id":22910,"date":"2025-01-19T15:47:23","date_gmt":"2025-01-19T15:47:23","guid":{"rendered":"https:\/\/effafood.com\/product\/premium-gofretler-en-iyi-kakao-kremasi\/"},"modified":"2025-02-08T12:05:15","modified_gmt":"2025-02-08T12:05:15","slug":"premium-gofretler-en-iyi-kakao-kremasi","status":"publish","type":"product","link":"https:\/\/effafood.com\/tr\/product\/premium-gofretler-en-iyi-kakao-kremasi\/","title":{"rendered":"Premium Gofret Kakao Aromal\u0131"},"content":{"rendered":"","protected":false},"excerpt":{"rendered":"<p>PREMIUM GOFRET KAKAO AROMALI<\/p>\n<p>En iyi kakao kremas\u0131 dolgulu Premium Wafers\u2019\u0131n zengin, kadifemsi lezzetiyle kendinizi \u015f\u0131mart\u0131n. Bu narin, \u00e7\u0131t\u0131r gofretler, p\u00fcr\u00fczs\u00fcz ve zengin kakao kremas\u0131 ile m\u00fckemmel bir \u015fekilde tamamlan\u0131r ve her \u0131s\u0131r\u0131kta l\u00fcks bir ikram sunar. Premium \u00e7ikolatan\u0131n rafine tad\u0131n\u0131 takdir edenler i\u00e7in idealdir.<\/p>\n","protected":false},"featured_media":22130,"template":"","meta":[],"product_brand":[2910],"product_cat":[442],"product_tag":[],"class_list":{"0":"post-22910","1":"product","2":"type-product","3":"status-publish","4":"has-post-thumbnail","6":"product_brand-tore-tr","7":"product_cat-atistirmalik","8":"pa_barcode-8697439300379-tr","9":"pa_brand-tore-tr","10":"pa_inbox-24-x-6-tr","11":"pa_pallet-918","12":"pa_shelf-life-12-ay","13":"pa_weight-2-52-gr-tr","15":"first","16":"instock","17":"shipping-taxable","18":"product-type-simple"},"_links":{"self":[{"href":"https:\/\/effafood.com\/tr\/wp-json\/wp\/v2\/product\/22910","targetHints":{"allow":["GET"]}}],"collection":[{"href":"https:\/\/effafood.com\/tr\/wp-json\/wp\/v2\/product"}],"about":[{"href":"https:\/\/effafood.com\/tr\/wp-json\/wp\/v2\/types\/product"}],"version-history":[{"count":2,"href":"https:\/\/effafood.com\/tr\/wp-json\/wp\/v2\/product\/22910\/revisions"}],"predecessor-version":[{"id":23106,"href":"https:\/\/effafood.com\/tr\/wp-json\/wp\/v2\/product\/22910\/revisions\/23106"}],"wp:featuredmedia":[{"embeddable":true,"href":"https:\/\/effafood.com\/tr\/wp-json\/wp\/v2\/media\/22130"}],"wp:attachment":[{"href":"https:\/\/effafood.com\/tr\/wp-json\/wp\/v2\/media?parent=22910"}],"wp:term":[{"taxonomy":"product_brand","embeddable":true,"href":"https:\/\/effafood.com\/tr\/wp-json\/wp\/v2\/product_brand?post=22910"},{"taxonomy":"product_cat","embeddable":true,"href":"https:\/\/effafood.com\/tr\/wp-json\/wp\/v2\/product_cat?post=22910"},{"taxonomy":"product_tag","embeddable":true,"href":"https:\/\/effafood.com\/tr\/wp-json\/wp\/v2\/product_tag?post=22910"}],"curies":[{"name":"wp","href":"https:\/\/api.w.org\/{rel}","templated":true}]}}