{"id":22909,"date":"2025-01-19T15:52:01","date_gmt":"2025-01-19T15:52:01","guid":{"rendered":"https:\/\/effafood.com\/product\/premium-gofret-limon-kremasi\/"},"modified":"2025-02-08T12:01:03","modified_gmt":"2025-02-08T12:01:03","slug":"premium-gofret-limon-kremasi","status":"publish","type":"product","link":"https:\/\/effafood.com\/tr\/product\/premium-gofret-limon-kremasi\/","title":{"rendered":"Premium Gofret Limon Aromal\u0131"},"content":{"rendered":"","protected":false},"excerpt":{"rendered":"<p>PREMIUM WAFERS L\u0130MON AROMALI<\/p>\n<p>Premium Gofretlerin ferahlat\u0131c\u0131 tad\u0131n\u0131, lezzetli limon kremas\u0131 dolgusuyla ya\u015fay\u0131n. Bu gevrek gofretler, her \u0131s\u0131r\u0131kta m\u00fckemmel bir tatl\u0131l\u0131k ve ek\u015filik dengesi sunan, p\u00fcr\u00fczs\u00fcz ve narenciye aromal\u0131 bir krema ile e\u015fle\u015ftirilmi\u015ftir. Ferahlat\u0131c\u0131 bir lezzet patlamas\u0131ndan ho\u015flananlar i\u00e7in keyifli bir ikram.<\/p>\n","protected":false},"featured_media":22140,"template":"","meta":[],"product_brand":[2910],"product_cat":[442],"product_tag":[],"class_list":{"0":"post-22909","1":"product","2":"type-product","3":"status-publish","4":"has-post-thumbnail","6":"product_brand-tore-tr","7":"product_cat-atistirmalik","8":"pa_barcode-8697439300072-tr","9":"pa_brand-tore-tr","10":"pa_inbox-24-x-6-tr","11":"pa_pallet-918","12":"pa_shelf-life-12-ay","13":"pa_weight-2-52-gr-tr","15":"first","16":"instock","17":"shipping-taxable","18":"product-type-simple"},"_links":{"self":[{"href":"https:\/\/effafood.com\/tr\/wp-json\/wp\/v2\/product\/22909","targetHints":{"allow":["GET"]}}],"collection":[{"href":"https:\/\/effafood.com\/tr\/wp-json\/wp\/v2\/product"}],"about":[{"href":"https:\/\/effafood.com\/tr\/wp-json\/wp\/v2\/types\/product"}],"version-history":[{"count":1,"href":"https:\/\/effafood.com\/tr\/wp-json\/wp\/v2\/product\/22909\/revisions"}],"predecessor-version":[{"id":23103,"href":"https:\/\/effafood.com\/tr\/wp-json\/wp\/v2\/product\/22909\/revisions\/23103"}],"wp:featuredmedia":[{"embeddable":true,"href":"https:\/\/effafood.com\/tr\/wp-json\/wp\/v2\/media\/22140"}],"wp:attachment":[{"href":"https:\/\/effafood.com\/tr\/wp-json\/wp\/v2\/media?parent=22909"}],"wp:term":[{"taxonomy":"product_brand","embeddable":true,"href":"https:\/\/effafood.com\/tr\/wp-json\/wp\/v2\/product_brand?post=22909"},{"taxonomy":"product_cat","embeddable":true,"href":"https:\/\/effafood.com\/tr\/wp-json\/wp\/v2\/product_cat?post=22909"},{"taxonomy":"product_tag","embeddable":true,"href":"https:\/\/effafood.com\/tr\/wp-json\/wp\/v2\/product_tag?post=22909"}],"curies":[{"name":"wp","href":"https:\/\/api.w.org\/{rel}","templated":true}]}}