{"id":22906,"date":"2025-01-19T15:45:10","date_gmt":"2025-01-19T15:45:10","guid":{"rendered":"https:\/\/effafood.com\/product\/premium-gofret-ahududulu-yogurt-kremasi\/"},"modified":"2025-02-08T12:06:58","modified_gmt":"2025-02-08T12:06:58","slug":"premium-gofret-ahududulu-yogurt-kremasi","status":"publish","type":"product","link":"https:\/\/effafood.com\/tr\/product\/premium-gofret-ahududulu-yogurt-kremasi\/","title":{"rendered":"Premium Gofret Ahududulu Yo\u011furt Aromal\u0131"},"content":{"rendered":"","protected":false},"excerpt":{"rendered":"<p>PREMIUM GOFRET AHUDUDUDULU YO\u011eURT AROMALI<\/p>\n<p>Premium Gofret ek\u015fi ahududu ve kremal\u0131 yo\u011furdun m\u00fckemmel kar\u0131\u015f\u0131m\u0131n\u0131 deneyimleyin. Bu narin, \u00e7\u0131t\u0131r gofretler, hafif ve keskin bir lezzet kombinasyonu sunan ferahlat\u0131c\u0131 ahududulu yo\u011furt kremas\u0131 ile doldurulmu\u015ftur. Her \u0131s\u0131r\u0131kta hem tatl\u0131l\u0131k hem de meyveli bir lezzet sunan keyifli bir ikram.<\/p>\n","protected":false},"featured_media":22125,"template":"","meta":[],"product_brand":[2910],"product_cat":[442],"product_tag":[],"class_list":{"0":"post-22906","1":"product","2":"type-product","3":"status-publish","4":"has-post-thumbnail","6":"product_brand-tore-tr","7":"product_cat-atistirmalik","8":"pa_barcode-8697439300164-tr","9":"pa_brand-tore-tr","10":"pa_inbox-24-x-6-tr","11":"pa_pallet-918","12":"pa_shelf-life-12-ay","13":"pa_weight-2-52-gr-tr","15":"first","16":"instock","17":"shipping-taxable","18":"product-type-simple"},"_links":{"self":[{"href":"https:\/\/effafood.com\/tr\/wp-json\/wp\/v2\/product\/22906","targetHints":{"allow":["GET"]}}],"collection":[{"href":"https:\/\/effafood.com\/tr\/wp-json\/wp\/v2\/product"}],"about":[{"href":"https:\/\/effafood.com\/tr\/wp-json\/wp\/v2\/types\/product"}],"version-history":[{"count":2,"href":"https:\/\/effafood.com\/tr\/wp-json\/wp\/v2\/product\/22906\/revisions"}],"predecessor-version":[{"id":23108,"href":"https:\/\/effafood.com\/tr\/wp-json\/wp\/v2\/product\/22906\/revisions\/23108"}],"wp:featuredmedia":[{"embeddable":true,"href":"https:\/\/effafood.com\/tr\/wp-json\/wp\/v2\/media\/22125"}],"wp:attachment":[{"href":"https:\/\/effafood.com\/tr\/wp-json\/wp\/v2\/media?parent=22906"}],"wp:term":[{"taxonomy":"product_brand","embeddable":true,"href":"https:\/\/effafood.com\/tr\/wp-json\/wp\/v2\/product_brand?post=22906"},{"taxonomy":"product_cat","embeddable":true,"href":"https:\/\/effafood.com\/tr\/wp-json\/wp\/v2\/product_cat?post=22906"},{"taxonomy":"product_tag","embeddable":true,"href":"https:\/\/effafood.com\/tr\/wp-json\/wp\/v2\/product_tag?post=22906"}],"curies":[{"name":"wp","href":"https:\/\/api.w.org\/{rel}","templated":true}]}}