{"id":22905,"date":"2025-01-19T15:49:46","date_gmt":"2025-01-19T15:49:46","guid":{"rendered":"https:\/\/effafood.com\/product\/premium-gofret-kakao-kremasi\/"},"modified":"2025-02-08T12:02:15","modified_gmt":"2025-02-08T12:02:15","slug":"premium-gofret-kakao-kremasi","status":"publish","type":"product","link":"https:\/\/effafood.com\/tr\/product\/premium-gofret-kakao-kremasi\/","title":{"rendered":"Premium Gofret Kakao Kremal\u0131"},"content":{"rendered":"","protected":false},"excerpt":{"rendered":"<p>PREMIUM WAFERS KAKAO KREMALI<\/p>\n<p>Zengin kakao kremas\u0131 dolgulu Premium Wafers\u2019\u0131n enfes lezzetinin tad\u0131n\u0131 \u00e7\u0131kar\u0131n. Bu \u00e7\u0131t\u0131r gofretler, her \u0131s\u0131r\u0131kta m\u00fckemmel bir doku ve lezzet dengesi sunan p\u00fcr\u00fczs\u00fcz, zengin kakao kremas\u0131 ile doldurulmu\u015ftur. Basit ama l\u00fcks bir ikram arayan \u00e7ikolata severler i\u00e7in idealdir.<\/p>\n","protected":false},"featured_media":22135,"template":"","meta":[],"product_brand":[2910],"product_cat":[442],"product_tag":[],"class_list":{"0":"post-22905","1":"product","2":"type-product","3":"status-publish","4":"has-post-thumbnail","6":"product_brand-tore-tr","7":"product_cat-atistirmalik","8":"pa_barcode-8697439300287-tr","9":"pa_brand-tore-tr","10":"pa_inbox-24-x-6-tr","11":"pa_pallet-918","12":"pa_shelf-life-12-ay","13":"pa_weight-2-52-gr-tr","15":"first","16":"instock","17":"shipping-taxable","18":"product-type-simple"},"_links":{"self":[{"href":"https:\/\/effafood.com\/tr\/wp-json\/wp\/v2\/product\/22905","targetHints":{"allow":["GET"]}}],"collection":[{"href":"https:\/\/effafood.com\/tr\/wp-json\/wp\/v2\/product"}],"about":[{"href":"https:\/\/effafood.com\/tr\/wp-json\/wp\/v2\/types\/product"}],"version-history":[{"count":1,"href":"https:\/\/effafood.com\/tr\/wp-json\/wp\/v2\/product\/22905\/revisions"}],"predecessor-version":[{"id":23104,"href":"https:\/\/effafood.com\/tr\/wp-json\/wp\/v2\/product\/22905\/revisions\/23104"}],"wp:featuredmedia":[{"embeddable":true,"href":"https:\/\/effafood.com\/tr\/wp-json\/wp\/v2\/media\/22135"}],"wp:attachment":[{"href":"https:\/\/effafood.com\/tr\/wp-json\/wp\/v2\/media?parent=22905"}],"wp:term":[{"taxonomy":"product_brand","embeddable":true,"href":"https:\/\/effafood.com\/tr\/wp-json\/wp\/v2\/product_brand?post=22905"},{"taxonomy":"product_cat","embeddable":true,"href":"https:\/\/effafood.com\/tr\/wp-json\/wp\/v2\/product_cat?post=22905"},{"taxonomy":"product_tag","embeddable":true,"href":"https:\/\/effafood.com\/tr\/wp-json\/wp\/v2\/product_tag?post=22905"}],"curies":[{"name":"wp","href":"https:\/\/api.w.org\/{rel}","templated":true}]}}