{"id":22903,"date":"2025-01-19T15:42:43","date_gmt":"2025-01-19T15:42:43","guid":{"rendered":"https:\/\/effafood.com\/product\/premium-gofret-findik-kremasi\/"},"modified":"2025-02-08T12:07:49","modified_gmt":"2025-02-08T12:07:49","slug":"premium-gofret-findik-kremasi","status":"publish","type":"product","link":"https:\/\/effafood.com\/tr\/product\/premium-gofret-findik-kremasi\/","title":{"rendered":"Premium Gofret F\u0131nd\u0131k Aromal\u0131"},"content":{"rendered":"","protected":false},"excerpt":{"rendered":"<p>PREMIUM GOFRET FINDIK AROMALI<\/p>\n<p>P\u00fcr\u00fczs\u00fcz, zengin f\u0131nd\u0131k kremas\u0131 ile doldurulmu\u015f Premium Gofret&#8217;in enfes lezzetinin tad\u0131n\u0131 \u00e7\u0131kar\u0131n. Bu \u00e7\u0131t\u0131r gofretler, kremal\u0131 f\u0131nd\u0131k dolgusu ile c\u00f6mert\u00e7e katmanland\u0131r\u0131larak \u00e7\u0131t\u0131rl\u0131k ve p\u00fcr\u00fczs\u00fcz f\u0131nd\u0131k aromas\u0131n\u0131n m\u00fckemmel dengesini yarat\u0131r. F\u0131nd\u0131k severler i\u00e7in her \u0131s\u0131r\u0131kta tatmin edici bir ikram sunan ger\u00e7ek bir ho\u015fg\u00f6r\u00fc.<\/p>\n","protected":false},"featured_media":22120,"template":"","meta":[],"product_brand":[2910],"product_cat":[442],"product_tag":[],"class_list":{"0":"post-22903","1":"product","2":"type-product","3":"status-publish","4":"has-post-thumbnail","6":"product_brand-tore-tr","7":"product_cat-atistirmalik","8":"pa_barcode-8697439300195-tr","9":"pa_brand-tore-tr","10":"pa_inbox-24-x-6-tr","11":"pa_pallet-918","12":"pa_shelf-life-12-ay","13":"pa_weight-2-52-gr-tr","15":"first","16":"instock","17":"shipping-taxable","18":"product-type-simple"},"_links":{"self":[{"href":"https:\/\/effafood.com\/tr\/wp-json\/wp\/v2\/product\/22903","targetHints":{"allow":["GET"]}}],"collection":[{"href":"https:\/\/effafood.com\/tr\/wp-json\/wp\/v2\/product"}],"about":[{"href":"https:\/\/effafood.com\/tr\/wp-json\/wp\/v2\/types\/product"}],"version-history":[{"count":2,"href":"https:\/\/effafood.com\/tr\/wp-json\/wp\/v2\/product\/22903\/revisions"}],"predecessor-version":[{"id":23110,"href":"https:\/\/effafood.com\/tr\/wp-json\/wp\/v2\/product\/22903\/revisions\/23110"}],"wp:featuredmedia":[{"embeddable":true,"href":"https:\/\/effafood.com\/tr\/wp-json\/wp\/v2\/media\/22120"}],"wp:attachment":[{"href":"https:\/\/effafood.com\/tr\/wp-json\/wp\/v2\/media?parent=22903"}],"wp:term":[{"taxonomy":"product_brand","embeddable":true,"href":"https:\/\/effafood.com\/tr\/wp-json\/wp\/v2\/product_brand?post=22903"},{"taxonomy":"product_cat","embeddable":true,"href":"https:\/\/effafood.com\/tr\/wp-json\/wp\/v2\/product_cat?post=22903"},{"taxonomy":"product_tag","embeddable":true,"href":"https:\/\/effafood.com\/tr\/wp-json\/wp\/v2\/product_tag?post=22903"}],"curies":[{"name":"wp","href":"https:\/\/api.w.org\/{rel}","templated":true}]}}