{"id":22900,"date":"2025-01-19T15:33:17","date_gmt":"2025-01-19T15:33:17","guid":{"rendered":"https:\/\/effafood.com\/product\/premium-gofret-badem-kremasi\/"},"modified":"2025-02-08T12:13:56","modified_gmt":"2025-02-08T12:13:56","slug":"premium-gofret-badem-kremasi","status":"publish","type":"product","link":"https:\/\/effafood.com\/tr\/product\/premium-gofret-badem-kremasi\/","title":{"rendered":"Premium Gofret Badem Kremal\u0131"},"content":{"rendered":"","protected":false},"excerpt":{"rendered":"<p>BADEM KREMALI PREMIUM GOFRET<\/p>\n<p>P\u00fcr\u00fczs\u00fcz ve zengin badem kremas\u0131 ile doldurulmu\u015f Premium Gofret&#8217;in ho\u015fg\u00f6r\u00fcl\u00fc lezzetinin tad\u0131n\u0131 \u00e7\u0131kar\u0131n. Bu hafif ve \u00e7\u0131t\u0131r gofretler, kadifemsi badem kremas\u0131 ile m\u00fckemmel bir \u015fekilde kaplanm\u0131\u015f ve tatl\u0131l\u0131k ile bademin narin ceviz aromas\u0131 aras\u0131nda ho\u015f bir denge sunar. Rafine, y\u00fcksek kaliteli at\u0131\u015ft\u0131rmal\u0131klar\u0131 takdir edenler i\u00e7in birinci s\u0131n\u0131f bir ikram.<\/p>\n","protected":false},"featured_media":22105,"template":"","meta":[],"product_brand":[2910],"product_cat":[442],"product_tag":[],"class_list":{"0":"post-22900","1":"product","2":"type-product","3":"status-publish","4":"has-post-thumbnail","6":"product_brand-tore-tr","7":"product_cat-atistirmalik","8":"pa_barcode-8697439300317-tr","9":"pa_brand-tore-tr","10":"pa_inbox-24-x-6-tr","11":"pa_pallet-918","12":"pa_shelf-life-12-ay","13":"pa_weight-2-52-gr-tr","15":"first","16":"instock","17":"shipping-taxable","18":"product-type-simple"},"_links":{"self":[{"href":"https:\/\/effafood.com\/tr\/wp-json\/wp\/v2\/product\/22900","targetHints":{"allow":["GET"]}}],"collection":[{"href":"https:\/\/effafood.com\/tr\/wp-json\/wp\/v2\/product"}],"about":[{"href":"https:\/\/effafood.com\/tr\/wp-json\/wp\/v2\/types\/product"}],"version-history":[{"count":1,"href":"https:\/\/effafood.com\/tr\/wp-json\/wp\/v2\/product\/22900\/revisions"}],"predecessor-version":[{"id":23114,"href":"https:\/\/effafood.com\/tr\/wp-json\/wp\/v2\/product\/22900\/revisions\/23114"}],"wp:featuredmedia":[{"embeddable":true,"href":"https:\/\/effafood.com\/tr\/wp-json\/wp\/v2\/media\/22105"}],"wp:attachment":[{"href":"https:\/\/effafood.com\/tr\/wp-json\/wp\/v2\/media?parent=22900"}],"wp:term":[{"taxonomy":"product_brand","embeddable":true,"href":"https:\/\/effafood.com\/tr\/wp-json\/wp\/v2\/product_brand?post=22900"},{"taxonomy":"product_cat","embeddable":true,"href":"https:\/\/effafood.com\/tr\/wp-json\/wp\/v2\/product_cat?post=22900"},{"taxonomy":"product_tag","embeddable":true,"href":"https:\/\/effafood.com\/tr\/wp-json\/wp\/v2\/product_tag?post=22900"}],"curies":[{"name":"wp","href":"https:\/\/api.w.org\/{rel}","templated":true}]}}