{"id":22899,"date":"2025-01-19T15:39:56","date_gmt":"2025-01-19T15:39:56","guid":{"rendered":"https:\/\/effafood.com\/product\/premium-gofret-ekstra-kremali\/"},"modified":"2025-02-08T12:12:52","modified_gmt":"2025-02-08T12:12:52","slug":"premium-gofret-ekstra-kremali","status":"publish","type":"product","link":"https:\/\/effafood.com\/tr\/product\/premium-gofret-ekstra-kremali\/","title":{"rendered":"Premium Gofret Siyah Beyaz"},"content":{"rendered":"","protected":false},"excerpt":{"rendered":"<p>PREMIUM GOFRET EKSTRA KREMALI SIYAH BEYAZ<\/p>\n<div class=\"woocommerce-product-details__short-description\">\n<p>Ekstra krema ile zenginle\u015ftirilmi\u015f Premium Gofretlerin kar\u015f\u0131 konulmaz tad\u0131n\u0131 ke\u015ffedin. Bu \u00e7\u0131t\u0131r gofretler, klasik gofret deneyimini bir \u00fcst seviyeye ta\u015f\u0131yan ekstra bir katman zengin ve kremal\u0131 dolgu ile doldurulmu\u015ftur. M\u00fckemmel bir \u015fekilde dengelenmi\u015f olan her \u0131s\u0131r\u0131k, p\u00fcr\u00fczs\u00fcz, kadifemsi bir doku ve tatmin edici bir lezzet sunarak kremaseverler i\u00e7in ideal bir ikram olur.<\/p>\n<\/div>\n","protected":false},"featured_media":22115,"template":"","meta":[],"product_brand":[2910],"product_cat":[442],"product_tag":[],"class_list":{"0":"post-22899","1":"product","2":"type-product","3":"status-publish","4":"has-post-thumbnail","6":"product_brand-tore-tr","7":"product_cat-atistirmalik","8":"pa_barcode-8697439300409-tr","9":"pa_brand-tore-tr","10":"pa_inbox-24-x-6-tr","11":"pa_pallet-918","12":"pa_shelf-life-12-ay","13":"pa_weight-2-52-gr-tr","15":"first","16":"instock","17":"shipping-taxable","18":"product-type-simple"},"_links":{"self":[{"href":"https:\/\/effafood.com\/tr\/wp-json\/wp\/v2\/product\/22899","targetHints":{"allow":["GET"]}}],"collection":[{"href":"https:\/\/effafood.com\/tr\/wp-json\/wp\/v2\/product"}],"about":[{"href":"https:\/\/effafood.com\/tr\/wp-json\/wp\/v2\/types\/product"}],"version-history":[{"count":2,"href":"https:\/\/effafood.com\/tr\/wp-json\/wp\/v2\/product\/22899\/revisions"}],"predecessor-version":[{"id":23112,"href":"https:\/\/effafood.com\/tr\/wp-json\/wp\/v2\/product\/22899\/revisions\/23112"}],"wp:featuredmedia":[{"embeddable":true,"href":"https:\/\/effafood.com\/tr\/wp-json\/wp\/v2\/media\/22115"}],"wp:attachment":[{"href":"https:\/\/effafood.com\/tr\/wp-json\/wp\/v2\/media?parent=22899"}],"wp:term":[{"taxonomy":"product_brand","embeddable":true,"href":"https:\/\/effafood.com\/tr\/wp-json\/wp\/v2\/product_brand?post=22899"},{"taxonomy":"product_cat","embeddable":true,"href":"https:\/\/effafood.com\/tr\/wp-json\/wp\/v2\/product_cat?post=22899"},{"taxonomy":"product_tag","embeddable":true,"href":"https:\/\/effafood.com\/tr\/wp-json\/wp\/v2\/product_tag?post=22899"}],"curies":[{"name":"wp","href":"https:\/\/api.w.org\/{rel}","templated":true}]}}