{"id":22896,"date":"2025-01-19T15:30:50","date_gmt":"2025-01-19T15:30:50","guid":{"rendered":"https:\/\/effafood.com\/product\/premium-gofret-antep-fistigi-kremasi\/"},"modified":"2025-02-08T12:14:25","modified_gmt":"2025-02-08T12:14:25","slug":"premium-gofret-antep-fistigi-kremasi","status":"publish","type":"product","link":"https:\/\/effafood.com\/tr\/product\/premium-gofret-antep-fistigi-kremasi\/","title":{"rendered":"Premium Gofret Antep F\u0131st\u0131\u011f\u0131 Kremal\u0131"},"content":{"rendered":"","protected":false},"excerpt":{"rendered":"<p>ANTEP FISTIK KREMALI PREMIUM GOFRET<\/p>\n<p>Zengin, kremal\u0131 Antep f\u0131st\u0131\u011f\u0131 ile doldurulmu\u015f Premium Gofret&#8217;in l\u00fcks tad\u0131yla kendinizi \u015f\u0131mart\u0131n. Bu narin gofretler, en iyi Antep f\u0131st\u0131\u011f\u0131 kremas\u0131 ile katmanlanarak, tatl\u0131l\u0131k ve Antep f\u0131st\u0131\u011f\u0131n\u0131n zengin ceviz tad\u0131n\u0131 dengeleyen unutulmaz bir lezzet deneyimi sunar. Birinci s\u0131n\u0131f, y\u00fcksek kaliteli at\u0131\u015ft\u0131rmal\u0131klar\u0131 takdir edenler i\u00e7in ger\u00e7ek bir ikram.<\/p>\n","protected":false},"featured_media":22100,"template":"","meta":[],"product_brand":[2910],"product_cat":[442],"product_tag":[],"class_list":{"0":"post-22896","1":"product","2":"type-product","3":"status-publish","4":"has-post-thumbnail","6":"product_brand-tore-tr","7":"product_cat-atistirmalik","8":"pa_barcode-8697439300348-tr","9":"pa_brand-tore-tr","10":"pa_inbox-24-x-6-tr","11":"pa_pallet-918","12":"pa_shelf-life-12-ay","13":"pa_weight-2-52-gr-tr","15":"first","16":"instock","17":"shipping-taxable","18":"product-type-simple"},"_links":{"self":[{"href":"https:\/\/effafood.com\/tr\/wp-json\/wp\/v2\/product\/22896","targetHints":{"allow":["GET"]}}],"collection":[{"href":"https:\/\/effafood.com\/tr\/wp-json\/wp\/v2\/product"}],"about":[{"href":"https:\/\/effafood.com\/tr\/wp-json\/wp\/v2\/types\/product"}],"version-history":[{"count":1,"href":"https:\/\/effafood.com\/tr\/wp-json\/wp\/v2\/product\/22896\/revisions"}],"predecessor-version":[{"id":23115,"href":"https:\/\/effafood.com\/tr\/wp-json\/wp\/v2\/product\/22896\/revisions\/23115"}],"wp:featuredmedia":[{"embeddable":true,"href":"https:\/\/effafood.com\/tr\/wp-json\/wp\/v2\/media\/22100"}],"wp:attachment":[{"href":"https:\/\/effafood.com\/tr\/wp-json\/wp\/v2\/media?parent=22896"}],"wp:term":[{"taxonomy":"product_brand","embeddable":true,"href":"https:\/\/effafood.com\/tr\/wp-json\/wp\/v2\/product_brand?post=22896"},{"taxonomy":"product_cat","embeddable":true,"href":"https:\/\/effafood.com\/tr\/wp-json\/wp\/v2\/product_cat?post=22896"},{"taxonomy":"product_tag","embeddable":true,"href":"https:\/\/effafood.com\/tr\/wp-json\/wp\/v2\/product_tag?post=22896"}],"curies":[{"name":"wp","href":"https:\/\/api.w.org\/{rel}","templated":true}]}}