{"id":22895,"date":"2025-01-19T15:36:54","date_gmt":"2025-01-19T15:36:54","guid":{"rendered":"https:\/\/effafood.com\/product\/premium-gofret-cilekli-krema\/"},"modified":"2025-02-08T12:13:24","modified_gmt":"2025-02-08T12:13:24","slug":"premium-gofret-cilekli-krema","status":"publish","type":"product","link":"https:\/\/effafood.com\/tr\/product\/premium-gofret-cilekli-krema\/","title":{"rendered":"Premium Gofret \u00c7ilekli Krema"},"content":{"rendered":"","protected":false},"excerpt":{"rendered":"<p>\u00c7\u0130LEKL\u0130 KREMALI PREMIUM GOFRET<\/p>\n<p>Premium Gofret ve \u00e7ilekli kreman\u0131n tatl\u0131 kombinasyonunun keyfini \u00e7\u0131kar\u0131n. Bu \u00e7\u0131t\u0131r gofretler, tazelik ve ho\u015fg\u00f6r\u00fcn\u00fcn m\u00fckemmel bir dengesini sunan p\u00fcr\u00fczs\u00fcz, tatl\u0131 \u00e7ilek kremas\u0131yla c\u00f6mert\u00e7e doldurulmu\u015ftur. Her \u0131s\u0131r\u0131kta olgun \u00e7ileklerin tad\u0131n\u0131 hissettiren bu ikram, onu her durum i\u00e7in m\u00fckemmel bir at\u0131\u015ft\u0131rmal\u0131k haline getirir.<\/p>\n","protected":false},"featured_media":22110,"template":"","meta":[],"product_brand":[2910],"product_cat":[442],"product_tag":[],"class_list":{"0":"post-22895","1":"product","2":"type-product","3":"status-publish","4":"has-post-thumbnail","6":"product_brand-tore-tr","7":"product_cat-atistirmalik","8":"pa_barcode-8697439300102-tr","9":"pa_brand-tore-tr","10":"pa_inbox-24-x-6-tr","11":"pa_pallet-918","12":"pa_shelf-life-12-ay","13":"pa_weight-2-52-gr-tr","15":"first","16":"instock","17":"shipping-taxable","18":"product-type-simple"},"_links":{"self":[{"href":"https:\/\/effafood.com\/tr\/wp-json\/wp\/v2\/product\/22895","targetHints":{"allow":["GET"]}}],"collection":[{"href":"https:\/\/effafood.com\/tr\/wp-json\/wp\/v2\/product"}],"about":[{"href":"https:\/\/effafood.com\/tr\/wp-json\/wp\/v2\/types\/product"}],"version-history":[{"count":1,"href":"https:\/\/effafood.com\/tr\/wp-json\/wp\/v2\/product\/22895\/revisions"}],"predecessor-version":[{"id":23113,"href":"https:\/\/effafood.com\/tr\/wp-json\/wp\/v2\/product\/22895\/revisions\/23113"}],"wp:featuredmedia":[{"embeddable":true,"href":"https:\/\/effafood.com\/tr\/wp-json\/wp\/v2\/media\/22110"}],"wp:attachment":[{"href":"https:\/\/effafood.com\/tr\/wp-json\/wp\/v2\/media?parent=22895"}],"wp:term":[{"taxonomy":"product_brand","embeddable":true,"href":"https:\/\/effafood.com\/tr\/wp-json\/wp\/v2\/product_brand?post=22895"},{"taxonomy":"product_cat","embeddable":true,"href":"https:\/\/effafood.com\/tr\/wp-json\/wp\/v2\/product_cat?post=22895"},{"taxonomy":"product_tag","embeddable":true,"href":"https:\/\/effafood.com\/tr\/wp-json\/wp\/v2\/product_tag?post=22895"}],"curies":[{"name":"wp","href":"https:\/\/api.w.org\/{rel}","templated":true}]}}