{"id":22891,"date":"2025-01-19T15:10:40","date_gmt":"2025-01-19T15:10:40","guid":{"rendered":"https:\/\/effafood.com\/product\/mr-bite-kakao-kremali-sutlu-cikolata-kaplamali-gofret\/"},"modified":"2025-02-08T12:16:44","modified_gmt":"2025-02-08T12:16:44","slug":"mr-bite-kakao-kremali-sutlu-cikolata-kaplamali-gofret","status":"publish","type":"product","link":"https:\/\/effafood.com\/tr\/product\/mr-bite-kakao-kremali-sutlu-cikolata-kaplamali-gofret\/","title":{"rendered":"Mr.Bite Kakao Kremal\u0131 S\u00fctl\u00fc \u00c7ikolata Kaplamal\u0131 Gofret"},"content":{"rendered":"","protected":false},"excerpt":{"rendered":"<p>MR.BITE KAKAO KREMALI S\u00dcTL\u00dc \u00c7\u0130KOLATA KAPLI GOFRETLER<\/p>\n<p>Mr.Bite ile zengin kakao kremas\u0131 ve p\u00fcr\u00fczs\u00fcz s\u00fctl\u00fc \u00e7ikolatan\u0131n m\u00fckemmel dengesinin tad\u0131n\u0131 \u00e7\u0131kar\u0131n. Bu \u00e7\u0131t\u0131r gofretler, lezzetli ve p\u00fcr\u00fczs\u00fcz kakao kremas\u0131 ile doldurulmu\u015f ve birinci s\u0131n\u0131f s\u00fctl\u00fc \u00e7ikolata ile kaplanarak her \u0131s\u0131r\u0131kta tatmin edici ve ho\u015fg\u00f6r\u00fcl\u00fc bir deneyim sunar. Zengin ve lezzetli bir ikram arayan \u00e7ikolata severler i\u00e7in idealdir.<\/p>\n","protected":false},"featured_media":22080,"template":"","meta":[],"product_brand":[2910],"product_cat":[442],"product_tag":[],"class_list":{"0":"post-22891","1":"product","2":"type-product","3":"status-publish","4":"has-post-thumbnail","6":"product_brand-tore-tr","7":"product_cat-atistirmalik","8":"pa_barcode-8697439303578-tr","9":"pa_brand-tore-tr","10":"pa_inbox-24-x-6-tr","11":"pa_pallet-918","12":"pa_shelf-life-12-ay","13":"pa_weight-2-38-gr-tr","15":"first","16":"instock","17":"shipping-taxable","18":"product-type-simple"},"_links":{"self":[{"href":"https:\/\/effafood.com\/tr\/wp-json\/wp\/v2\/product\/22891","targetHints":{"allow":["GET"]}}],"collection":[{"href":"https:\/\/effafood.com\/tr\/wp-json\/wp\/v2\/product"}],"about":[{"href":"https:\/\/effafood.com\/tr\/wp-json\/wp\/v2\/types\/product"}],"version-history":[{"count":1,"href":"https:\/\/effafood.com\/tr\/wp-json\/wp\/v2\/product\/22891\/revisions"}],"predecessor-version":[{"id":23120,"href":"https:\/\/effafood.com\/tr\/wp-json\/wp\/v2\/product\/22891\/revisions\/23120"}],"wp:featuredmedia":[{"embeddable":true,"href":"https:\/\/effafood.com\/tr\/wp-json\/wp\/v2\/media\/22080"}],"wp:attachment":[{"href":"https:\/\/effafood.com\/tr\/wp-json\/wp\/v2\/media?parent=22891"}],"wp:term":[{"taxonomy":"product_brand","embeddable":true,"href":"https:\/\/effafood.com\/tr\/wp-json\/wp\/v2\/product_brand?post=22891"},{"taxonomy":"product_cat","embeddable":true,"href":"https:\/\/effafood.com\/tr\/wp-json\/wp\/v2\/product_cat?post=22891"},{"taxonomy":"product_tag","embeddable":true,"href":"https:\/\/effafood.com\/tr\/wp-json\/wp\/v2\/product_tag?post=22891"}],"curies":[{"name":"wp","href":"https:\/\/api.w.org\/{rel}","templated":true}]}}