{"id":22888,"date":"2025-01-19T15:19:23","date_gmt":"2025-01-19T15:19:23","guid":{"rendered":"https:\/\/effafood.com\/product\/mr-bite-sutlu-cikolata-kaplamali-antep-fistikli-gofret\/"},"modified":"2025-02-08T12:15:38","modified_gmt":"2025-02-08T12:15:38","slug":"mr-bite-sutlu-cikolata-kaplamali-antep-fistikli-gofret","status":"publish","type":"product","link":"https:\/\/effafood.com\/tr\/product\/mr-bite-sutlu-cikolata-kaplamali-antep-fistikli-gofret\/","title":{"rendered":"Mr.Bite S\u00fctl\u00fc \u00c7ikolata Kaplamal\u0131 Antep F\u0131st\u0131kl\u0131 Gofret"},"content":{"rendered":"","protected":false},"excerpt":{"rendered":"<p>MR.BITE ANTEP FISTIKLI S\u00dcTL\u00dc \u00c7\u0130KOLATA KAPLI GOFRETLER<\/p>\n<p>Mr.Bite ile \u00e7\u0131t\u0131r gofretlerin, kremal\u0131 f\u0131st\u0131k dolgusunun ve tatl\u0131 s\u00fctl\u00fc \u00e7ikolatan\u0131n zengin, p\u00fcr\u00fczs\u00fcz kombinasyonunun tad\u0131n\u0131 \u00e7\u0131kar\u0131n. Bu gofretler, enfes bir Antep f\u0131st\u0131\u011f\u0131 kremas\u0131yla doldurulmu\u015f ve c\u00f6mert bir s\u00fctl\u00fc \u00e7ikolata tabakas\u0131yla kaplanarak m\u00fckemmel bir lezzet deneyimi sunar. Antep f\u0131st\u0131\u011f\u0131 sevenler i\u00e7in ideal olan bu ikram, \u00e7\u0131t\u0131rl\u0131k ve kreman\u0131n m\u00fckemmel dengesini sunar.<\/p>\n","protected":false},"featured_media":22090,"template":"","meta":[],"product_brand":[2910],"product_cat":[442],"product_tag":[],"class_list":{"0":"post-22888","1":"product","2":"type-product","3":"status-publish","4":"has-post-thumbnail","6":"product_brand-tore-tr","7":"product_cat-atistirmalik","8":"pa_barcode-8697439305039-tr","9":"pa_brand-tore-tr","10":"pa_inbox-24-x-6-tr","11":"pa_pallet-918","12":"pa_shelf-life-12-ay","13":"pa_weight-2-38-gr-tr","15":"first","16":"instock","17":"shipping-taxable","18":"product-type-simple"},"_links":{"self":[{"href":"https:\/\/effafood.com\/tr\/wp-json\/wp\/v2\/product\/22888","targetHints":{"allow":["GET"]}}],"collection":[{"href":"https:\/\/effafood.com\/tr\/wp-json\/wp\/v2\/product"}],"about":[{"href":"https:\/\/effafood.com\/tr\/wp-json\/wp\/v2\/types\/product"}],"version-history":[{"count":2,"href":"https:\/\/effafood.com\/tr\/wp-json\/wp\/v2\/product\/22888\/revisions"}],"predecessor-version":[{"id":23118,"href":"https:\/\/effafood.com\/tr\/wp-json\/wp\/v2\/product\/22888\/revisions\/23118"}],"wp:featuredmedia":[{"embeddable":true,"href":"https:\/\/effafood.com\/tr\/wp-json\/wp\/v2\/media\/22090"}],"wp:attachment":[{"href":"https:\/\/effafood.com\/tr\/wp-json\/wp\/v2\/media?parent=22888"}],"wp:term":[{"taxonomy":"product_brand","embeddable":true,"href":"https:\/\/effafood.com\/tr\/wp-json\/wp\/v2\/product_brand?post=22888"},{"taxonomy":"product_cat","embeddable":true,"href":"https:\/\/effafood.com\/tr\/wp-json\/wp\/v2\/product_cat?post=22888"},{"taxonomy":"product_tag","embeddable":true,"href":"https:\/\/effafood.com\/tr\/wp-json\/wp\/v2\/product_tag?post=22888"}],"curies":[{"name":"wp","href":"https:\/\/api.w.org\/{rel}","templated":true}]}}