{"id":22887,"date":"2025-01-19T15:07:29","date_gmt":"2025-01-19T15:07:29","guid":{"rendered":"https:\/\/effafood.com\/product\/mr-bite-hindistan-cevizi-kremali-sutlu-cikolata-kaplamali-gofret\/"},"modified":"2025-02-08T12:17:14","modified_gmt":"2025-02-08T12:17:14","slug":"mr-bite-hindistan-cevizi-kremali-sutlu-cikolata-kaplamali-gofret","status":"publish","type":"product","link":"https:\/\/effafood.com\/tr\/product\/mr-bite-hindistan-cevizi-kremali-sutlu-cikolata-kaplamali-gofret\/","title":{"rendered":"Mr.Bite Hindistan Cevizi Kremal\u0131 S\u00fctl\u00fc \u00c7ikolata Kaplamal\u0131 Gofret"},"content":{"rendered":"","protected":false},"excerpt":{"rendered":"<p>MR.BITE H\u0130ND\u0130STAN CEV\u0130Z\u0130 KREMALI S\u00dcTL\u00dc \u00c7\u0130KOLATA KAPLI GOFRETLER<\/p>\n<p>Kremal\u0131 hindistan cevizi ve p\u00fcr\u00fczs\u00fcz s\u00fctl\u00fc \u00e7ikolatan\u0131n lezzetli bir kombinasyonu olan Mr.Bite&#8217;\u0131n egzotik tad\u0131yla kendinizi \u015f\u0131mart\u0131n. \u00c7\u0131t\u0131r gofretler, zengin hindistan cevizi kremas\u0131 ile doldurulmu\u015f ve y\u00fcksek kaliteli s\u00fctl\u00fc \u00e7ikolata ile kaplanarak kar\u015f\u0131 konulmaz bir lezzet sunar. Tatl\u0131, tropikal bir ikram arayanlar i\u00e7in m\u00fckemmeldir.<\/p>\n","protected":false},"featured_media":22075,"template":"","meta":[],"product_brand":[2910],"product_cat":[442],"product_tag":[],"class_list":{"0":"post-22887","1":"product","2":"type-product","3":"status-publish","4":"has-post-thumbnail","6":"product_brand-tore-tr","7":"product_cat-atistirmalik","8":"pa_barcode-8697439302281-tr","9":"pa_brand-tore-tr","10":"pa_inbox-24-x-6-tr","11":"pa_pallet-918","12":"pa_shelf-life-12-ay","13":"pa_weight-2-38-gr-tr","15":"first","16":"instock","17":"shipping-taxable","18":"product-type-simple"},"_links":{"self":[{"href":"https:\/\/effafood.com\/tr\/wp-json\/wp\/v2\/product\/22887","targetHints":{"allow":["GET"]}}],"collection":[{"href":"https:\/\/effafood.com\/tr\/wp-json\/wp\/v2\/product"}],"about":[{"href":"https:\/\/effafood.com\/tr\/wp-json\/wp\/v2\/types\/product"}],"version-history":[{"count":1,"href":"https:\/\/effafood.com\/tr\/wp-json\/wp\/v2\/product\/22887\/revisions"}],"predecessor-version":[{"id":23121,"href":"https:\/\/effafood.com\/tr\/wp-json\/wp\/v2\/product\/22887\/revisions\/23121"}],"wp:featuredmedia":[{"embeddable":true,"href":"https:\/\/effafood.com\/tr\/wp-json\/wp\/v2\/media\/22075"}],"wp:attachment":[{"href":"https:\/\/effafood.com\/tr\/wp-json\/wp\/v2\/media?parent=22887"}],"wp:term":[{"taxonomy":"product_brand","embeddable":true,"href":"https:\/\/effafood.com\/tr\/wp-json\/wp\/v2\/product_brand?post=22887"},{"taxonomy":"product_cat","embeddable":true,"href":"https:\/\/effafood.com\/tr\/wp-json\/wp\/v2\/product_cat?post=22887"},{"taxonomy":"product_tag","embeddable":true,"href":"https:\/\/effafood.com\/tr\/wp-json\/wp\/v2\/product_tag?post=22887"}],"curies":[{"name":"wp","href":"https:\/\/api.w.org\/{rel}","templated":true}]}}