{"id":22883,"date":"2025-01-19T15:03:37","date_gmt":"2025-01-19T15:03:37","guid":{"rendered":"https:\/\/effafood.com\/product\/nusso-findikli-sutlu-cikolatali-gofret\/"},"modified":"2025-02-08T12:17:37","modified_gmt":"2025-02-08T12:17:37","slug":"nusso-findikli-sutlu-cikolatali-gofret","status":"publish","type":"product","link":"https:\/\/effafood.com\/tr\/product\/nusso-findikli-sutlu-cikolatali-gofret\/","title":{"rendered":"Nusso F\u0131nd\u0131kl\u0131 S\u00fctl\u00fc \u00c7ikolatal\u0131 Gofret"},"content":{"rendered":"","protected":false},"excerpt":{"rendered":"<p>NUSSO FINDIKLI S\u00dcTL\u00dc \u00c7\u0130KOLATALI GOFRET<\/p>\n<p>P\u00fcr\u00fczs\u00fcz s\u00fctl\u00fc \u00e7ikolata, \u00e7\u0131t\u0131r gofret ve zengin f\u0131nd\u0131k kremas\u0131n\u0131n m\u00fckemmel birle\u015fiminin tad\u0131n\u0131 \u00e7\u0131kar\u0131n. Toren \u00c7ikolata, bu ho\u015fg\u00f6r\u00fcl\u00fc ve doyurucu \u00e7ikolata ile size cennet gibi bir ikram sunuyor. Tek bir \u0131s\u0131r\u0131kta kremsi, f\u0131nd\u0131kl\u0131 ve \u00e7\u0131t\u0131r \u00e7\u0131t\u0131r bir at\u0131\u015ft\u0131rmal\u0131k isteyenler i\u00e7in idealdir.<\/p>\n","protected":false},"featured_media":22070,"template":"","meta":[],"product_brand":[2910],"product_cat":[442],"product_tag":[],"class_list":{"0":"post-22883","1":"product","2":"type-product","3":"status-publish","4":"has-post-thumbnail","6":"product_brand-tore-tr","7":"product_cat-atistirmalik","8":"pa_barcode-8697439300829-tr","9":"pa_brand-tore-tr","10":"pa_inbox-24-x-6-tr","11":"pa_pallet-918","12":"pa_shelf-life-12-ay","13":"pa_weight-2-38-gr-tr","15":"first","16":"instock","17":"shipping-taxable","18":"product-type-simple"},"_links":{"self":[{"href":"https:\/\/effafood.com\/tr\/wp-json\/wp\/v2\/product\/22883","targetHints":{"allow":["GET"]}}],"collection":[{"href":"https:\/\/effafood.com\/tr\/wp-json\/wp\/v2\/product"}],"about":[{"href":"https:\/\/effafood.com\/tr\/wp-json\/wp\/v2\/types\/product"}],"version-history":[{"count":1,"href":"https:\/\/effafood.com\/tr\/wp-json\/wp\/v2\/product\/22883\/revisions"}],"predecessor-version":[{"id":23122,"href":"https:\/\/effafood.com\/tr\/wp-json\/wp\/v2\/product\/22883\/revisions\/23122"}],"wp:featuredmedia":[{"embeddable":true,"href":"https:\/\/effafood.com\/tr\/wp-json\/wp\/v2\/media\/22070"}],"wp:attachment":[{"href":"https:\/\/effafood.com\/tr\/wp-json\/wp\/v2\/media?parent=22883"}],"wp:term":[{"taxonomy":"product_brand","embeddable":true,"href":"https:\/\/effafood.com\/tr\/wp-json\/wp\/v2\/product_brand?post=22883"},{"taxonomy":"product_cat","embeddable":true,"href":"https:\/\/effafood.com\/tr\/wp-json\/wp\/v2\/product_cat?post=22883"},{"taxonomy":"product_tag","embeddable":true,"href":"https:\/\/effafood.com\/tr\/wp-json\/wp\/v2\/product_tag?post=22883"}],"curies":[{"name":"wp","href":"https:\/\/api.w.org\/{rel}","templated":true}]}}