{"id":22858,"date":"2025-01-20T17:58:28","date_gmt":"2025-01-20T17:58:28","guid":{"rendered":"https:\/\/effafood.com\/product\/kokteyl-yesil-zeytin-pet-2xl-boy\/"},"modified":"2025-02-08T10:45:23","modified_gmt":"2025-02-08T10:45:23","slug":"kokteyl-yesil-zeytin-pet-2xl-boy","status":"publish","type":"product","link":"https:\/\/effafood.com\/tr\/product\/kokteyl-yesil-zeytin-pet-2xl-boy\/","title":{"rendered":"Kokteyl Ye\u015fil Zeytin PET 2XL Boy"},"content":{"rendered":"","protected":false},"excerpt":{"rendered":"<p>Akhisar K\u00f6y Sefas\u0131 Zeytin\u2019den Premium Zeytin<\/p>\n<p>Akhisar K\u00f6y Sefas\u0131 Zeytin, size Akhisar\u2019\u0131n kalbinde yeti\u015fen en iyi zeytinleri sunuyor. Zeytinlerimiz, \u00fcst\u00fcn kalite, zengin lezzet ve ola\u011fan\u00fcst\u00fc doku sa\u011flamak i\u00e7in \u00f6zenle se\u00e7ilir ve i\u015flenir.<\/p>\n<p>\u0130ki ana \u00e7e\u015fit sunuyoruz; Zengin, tuzlu tad\u0131yla bilinen Siyah Zeytin ve taze, gevrek tad\u0131yla \u00f6d\u00fcllendirilen Ye\u015fil Zeytin. Her zeytin, do\u011fal tad\u0131n\u0131 ve sa\u011fl\u0131\u011fa faydalar\u0131n\u0131 korumak amac\u0131yla elle toplan\u0131r ve i\u015flenir. K\u00fc\u00e7\u00fck kavanozlar, b\u00fcy\u00fck teneke kutular ve toplu ambalajlar dahil olmak \u00fczere \u00e7e\u015fitli ambalaj se\u00e7enekleriyle, birinci s\u0131n\u0131f zeytinlerimizin tad\u0131n\u0131 evinizde, i\u015f yerinizde veya toplant\u0131larda \u00e7\u0131karman\u0131z\u0131 kolayla\u015ft\u0131r\u0131yoruz.<\/p>\n","protected":false},"featured_media":22642,"template":"","meta":[],"product_brand":[2898],"product_cat":[3123],"product_tag":[],"class_list":{"0":"post-22858","1":"product","2":"type-product","3":"status-publish","4":"has-post-thumbnail","6":"product_brand-koy-sefasi-tr","7":"product_cat-zeytin","8":"pa_barcode-8696591063887-tr","9":"pa_brand-koy-sefasi-tr","10":"pa_inbox-9-tr","11":"pa_pallet-66-tr","12":"pa_shelf-life-18-ay","13":"pa_weight-2-700-gr-tr","15":"first","16":"instock","17":"shipping-taxable","18":"product-type-simple"},"_links":{"self":[{"href":"https:\/\/effafood.com\/tr\/wp-json\/wp\/v2\/product\/22858","targetHints":{"allow":["GET"]}}],"collection":[{"href":"https:\/\/effafood.com\/tr\/wp-json\/wp\/v2\/product"}],"about":[{"href":"https:\/\/effafood.com\/tr\/wp-json\/wp\/v2\/types\/product"}],"version-history":[{"count":1,"href":"https:\/\/effafood.com\/tr\/wp-json\/wp\/v2\/product\/22858\/revisions"}],"predecessor-version":[{"id":22936,"href":"https:\/\/effafood.com\/tr\/wp-json\/wp\/v2\/product\/22858\/revisions\/22936"}],"wp:featuredmedia":[{"embeddable":true,"href":"https:\/\/effafood.com\/tr\/wp-json\/wp\/v2\/media\/22642"}],"wp:attachment":[{"href":"https:\/\/effafood.com\/tr\/wp-json\/wp\/v2\/media?parent=22858"}],"wp:term":[{"taxonomy":"product_brand","embeddable":true,"href":"https:\/\/effafood.com\/tr\/wp-json\/wp\/v2\/product_brand?post=22858"},{"taxonomy":"product_cat","embeddable":true,"href":"https:\/\/effafood.com\/tr\/wp-json\/wp\/v2\/product_cat?post=22858"},{"taxonomy":"product_tag","embeddable":true,"href":"https:\/\/effafood.com\/tr\/wp-json\/wp\/v2\/product_tag?post=22858"}],"curies":[{"name":"wp","href":"https:\/\/api.w.org\/{rel}","templated":true}]}}