{"id":22064,"date":"2025-01-19T14:56:07","date_gmt":"2025-01-19T14:56:07","guid":{"rendered":"https:\/\/effafood.com\/product\/tamam-bitter-cikolata-kaplamali-kakao-kremali-gofret\/"},"modified":"2025-02-08T12:18:04","modified_gmt":"2025-02-08T12:18:04","slug":"tamam-bitter-cikolata-kaplamali-kakao-kremali-gofret","status":"publish","type":"product","link":"https:\/\/effafood.com\/tr\/product\/tamam-bitter-cikolata-kaplamali-kakao-kremali-gofret\/","title":{"rendered":"Tamam Bitter \u00c7ikolata Kaplamal\u0131 Kakao Kremal\u0131 Gofret"},"content":{"rendered":"","protected":false},"excerpt":{"rendered":"<p>TAMAM S\u0130YAH \u00c7\u0130KOLATA KAPLI KAKAO KREMALI GOFRET<\/p>\n<p>Yo\u011fun tatl\u0131 siyah \u00e7ikolata, kremsi kakao dolgusu ve gevrek gofretin m\u00fckemmel birle\u015fimiyle tan\u0131\u015f\u0131n. Toren \u00c7ikolata taraf\u0131ndan \u00fcretilen bu \u00f6zel lezzet, zengin \u00e7ikolata ve kakaolu kreman\u0131n m\u00fckemmel dengesini sunar. Ger\u00e7ek \u00e7ikolata severler i\u00e7in m\u00fckemmel bir se\u00e7im!<\/p>\n","protected":false},"featured_media":22061,"template":"","meta":[],"product_brand":[2910],"product_cat":[442],"product_tag":[],"class_list":{"0":"post-22064","1":"product","2":"type-product","3":"status-publish","4":"has-post-thumbnail","6":"product_brand-tore-tr","7":"product_cat-atistirmalik","8":"pa_barcode-8697439301925-tr","9":"pa_brand-tore-tr","10":"pa_inbox-24-x-6-tr","11":"pa_pallet-918","12":"pa_shelf-life-12-ay","13":"pa_weight-2-42-gr-tr","15":"first","16":"instock","17":"shipping-taxable","18":"product-type-simple"},"_links":{"self":[{"href":"https:\/\/effafood.com\/tr\/wp-json\/wp\/v2\/product\/22064","targetHints":{"allow":["GET"]}}],"collection":[{"href":"https:\/\/effafood.com\/tr\/wp-json\/wp\/v2\/product"}],"about":[{"href":"https:\/\/effafood.com\/tr\/wp-json\/wp\/v2\/types\/product"}],"version-history":[{"count":2,"href":"https:\/\/effafood.com\/tr\/wp-json\/wp\/v2\/product\/22064\/revisions"}],"predecessor-version":[{"id":23123,"href":"https:\/\/effafood.com\/tr\/wp-json\/wp\/v2\/product\/22064\/revisions\/23123"}],"wp:featuredmedia":[{"embeddable":true,"href":"https:\/\/effafood.com\/tr\/wp-json\/wp\/v2\/media\/22061"}],"wp:attachment":[{"href":"https:\/\/effafood.com\/tr\/wp-json\/wp\/v2\/media?parent=22064"}],"wp:term":[{"taxonomy":"product_brand","embeddable":true,"href":"https:\/\/effafood.com\/tr\/wp-json\/wp\/v2\/product_brand?post=22064"},{"taxonomy":"product_cat","embeddable":true,"href":"https:\/\/effafood.com\/tr\/wp-json\/wp\/v2\/product_cat?post=22064"},{"taxonomy":"product_tag","embeddable":true,"href":"https:\/\/effafood.com\/tr\/wp-json\/wp\/v2\/product_tag?post=22064"}],"curies":[{"name":"wp","href":"https:\/\/api.w.org\/{rel}","templated":true}]}}