{"id":22044,"date":"2025-01-19T14:43:14","date_gmt":"2025-01-19T14:43:14","guid":{"rendered":"https:\/\/effafood.com\/product\/tamam-findik-kremali-sutlu-cikolata-kaplamali-gofret\/"},"modified":"2025-02-08T12:18:31","modified_gmt":"2025-02-08T12:18:31","slug":"tamam-findik-kremali-sutlu-cikolata-kaplamali-gofret","status":"publish","type":"product","link":"https:\/\/effafood.com\/tr\/product\/tamam-findik-kremali-sutlu-cikolata-kaplamali-gofret\/","title":{"rendered":"Tamam F\u0131nd\u0131k Kremal\u0131 S\u00fctl\u00fc \u00c7ikolata Kaplamal\u0131 Gofret"},"content":{"rendered":"","protected":false},"excerpt":{"rendered":"<p>TAMAM S\u00dcTL\u00dc \u00c7\u0130KOLATA KAPLI FINDIKLI KREMALI GOFRET<\/p>\n<p>Yumu\u015fak s\u00fctl\u00fc \u00e7ikolata, kremams\u0131 f\u0131nd\u0131k dolgusu ve gevrek gofretlerin m\u00fckemmel birle\u015fimini ke\u015ffedin. Toren \u00c7ikolata taraf\u0131ndan \u00fcretilen bu kar\u015f\u0131 konulmaz lezzet, zengin \u00e7ikolata, f\u0131nd\u0131kl\u0131 krema ve \u00e7\u0131t\u0131r dokunun m\u00fckemmel dengesini sunar \u2013 her t\u00fcrl\u00fc an i\u00e7in ideal bir at\u0131\u015ft\u0131rmal\u0131k. Her \u0131s\u0131r\u0131kta e\u015fsiz bir tat deneyimiyle keyfini \u00e7\u0131kar\u0131n!<\/p>\n","protected":false},"featured_media":22048,"template":"","meta":[],"product_brand":[2910],"product_cat":[442],"product_tag":[],"class_list":{"0":"post-22044","1":"product","2":"type-product","3":"status-publish","4":"has-post-thumbnail","6":"product_brand-tore-tr","7":"product_cat-atistirmalik","8":"pa_barcode-8697439300799-tr","9":"pa_brand-tore-tr","10":"pa_inbox-24-x-6-tr","11":"pa_pallet-918","12":"pa_shelf-life-12-ay","13":"pa_weight-2-42-gr-tr","15":"first","16":"instock","17":"shipping-taxable","18":"product-type-simple"},"_links":{"self":[{"href":"https:\/\/effafood.com\/tr\/wp-json\/wp\/v2\/product\/22044","targetHints":{"allow":["GET"]}}],"collection":[{"href":"https:\/\/effafood.com\/tr\/wp-json\/wp\/v2\/product"}],"about":[{"href":"https:\/\/effafood.com\/tr\/wp-json\/wp\/v2\/types\/product"}],"version-history":[{"count":2,"href":"https:\/\/effafood.com\/tr\/wp-json\/wp\/v2\/product\/22044\/revisions"}],"predecessor-version":[{"id":23124,"href":"https:\/\/effafood.com\/tr\/wp-json\/wp\/v2\/product\/22044\/revisions\/23124"}],"wp:featuredmedia":[{"embeddable":true,"href":"https:\/\/effafood.com\/tr\/wp-json\/wp\/v2\/media\/22048"}],"wp:attachment":[{"href":"https:\/\/effafood.com\/tr\/wp-json\/wp\/v2\/media?parent=22044"}],"wp:term":[{"taxonomy":"product_brand","embeddable":true,"href":"https:\/\/effafood.com\/tr\/wp-json\/wp\/v2\/product_brand?post=22044"},{"taxonomy":"product_cat","embeddable":true,"href":"https:\/\/effafood.com\/tr\/wp-json\/wp\/v2\/product_cat?post=22044"},{"taxonomy":"product_tag","embeddable":true,"href":"https:\/\/effafood.com\/tr\/wp-json\/wp\/v2\/product_tag?post=22044"}],"curies":[{"name":"wp","href":"https:\/\/api.w.org\/{rel}","templated":true}]}}