{"id":21884,"date":"2025-01-18T17:36:30","date_gmt":"2025-01-18T17:36:30","guid":{"rendered":"https:\/\/effafood.com\/product\/meyve-karisimli-sakiz\/"},"modified":"2025-01-19T12:13:40","modified_gmt":"2025-01-19T12:13:40","slug":"meyve-karisimli-sakiz","status":"publish","type":"product","link":"https:\/\/effafood.com\/tr\/product\/meyve-karisimli-sakiz\/","title":{"rendered":"Kar\u0131\u015f\u0131k Meyveli Sak\u0131z"},"content":{"rendered":"","protected":false},"excerpt":{"rendered":"<p>FINI KARI\u015eIK MEYVEL\u0130 SAKIZ<\/p>\n<p>Kar\u015f\u0131 konulmaz FINI KARI\u015eIK MEYVEL\u0130 SAKIZ&#8217;\u0131 ke\u015ffedin \u2013 her \u00e7i\u011fnemede ferahlat\u0131c\u0131 bir lezzet patlamas\u0131 i\u00e7in m\u00fckemmel bir ikram! Heyecan verici meyveli aromalarla dolu bu sak\u0131z, g\u00fcne\u015fli ve kayg\u0131s\u0131z g\u00fcnler i\u00e7in ideal bir arkada\u015ft\u0131r.<\/p>\n<p>FINI KAR\u0130\u015eIK MEYVEL\u0130 SAKIZ, en iyi meyveli tatlar\u0131 75 g&#8217;l\u0131k kullan\u0131\u015fl\u0131 bir pakette bir araya getirir. Hareket halindeyken at\u0131\u015ft\u0131rmak veya arkada\u015flar\u0131n\u0131zla ve ailenizle payla\u015fmak i\u00e7in m\u00fckemmeldir. Sulu meyve salatas\u0131 lezzetleri, daha s\u0131cak g\u00fcnlere g\u00f6t\u00fcrecek ve her \u0131s\u0131r\u0131kta y\u00fcz\u00fcn\u00fcze bir g\u00fcl\u00fcmseme yerle\u015ftirecek.<\/p>\n","protected":false},"featured_media":21734,"template":"","meta":[],"product_brand":[2892],"product_cat":[3121],"product_tag":[],"class_list":{"0":"post-21884","1":"product","2":"type-product","3":"status-publish","4":"has-post-thumbnail","6":"product_brand-fini-tr","7":"product_cat-sekerleme","8":"pa_barcode-8410525143397-tr","9":"pa_brand-fini-tr","10":"pa_inbox-12-tr","11":"pa_pallet-378-tr","12":"pa_shelf-life-24-ay","13":"pa_weight-2-75-gr-tr","15":"first","16":"instock","17":"shipping-taxable","18":"product-type-simple"},"_links":{"self":[{"href":"https:\/\/effafood.com\/tr\/wp-json\/wp\/v2\/product\/21884","targetHints":{"allow":["GET"]}}],"collection":[{"href":"https:\/\/effafood.com\/tr\/wp-json\/wp\/v2\/product"}],"about":[{"href":"https:\/\/effafood.com\/tr\/wp-json\/wp\/v2\/types\/product"}],"version-history":[{"count":1,"href":"https:\/\/effafood.com\/tr\/wp-json\/wp\/v2\/product\/21884\/revisions"}],"predecessor-version":[{"id":21987,"href":"https:\/\/effafood.com\/tr\/wp-json\/wp\/v2\/product\/21884\/revisions\/21987"}],"wp:featuredmedia":[{"embeddable":true,"href":"https:\/\/effafood.com\/tr\/wp-json\/wp\/v2\/media\/21734"}],"wp:attachment":[{"href":"https:\/\/effafood.com\/tr\/wp-json\/wp\/v2\/media?parent=21884"}],"wp:term":[{"taxonomy":"product_brand","embeddable":true,"href":"https:\/\/effafood.com\/tr\/wp-json\/wp\/v2\/product_brand?post=21884"},{"taxonomy":"product_cat","embeddable":true,"href":"https:\/\/effafood.com\/tr\/wp-json\/wp\/v2\/product_cat?post=21884"},{"taxonomy":"product_tag","embeddable":true,"href":"https:\/\/effafood.com\/tr\/wp-json\/wp\/v2\/product_tag?post=21884"}],"curies":[{"name":"wp","href":"https:\/\/api.w.org\/{rel}","templated":true}]}}