{"id":21881,"date":"2025-01-18T17:31:33","date_gmt":"2025-01-18T17:31:33","guid":{"rendered":"https:\/\/effafood.com\/product\/renkli-toplar-sakiz\/"},"modified":"2025-01-19T12:16:24","modified_gmt":"2025-01-19T12:16:24","slug":"renkli-toplar-sakiz","status":"publish","type":"product","link":"https:\/\/effafood.com\/tr\/product\/renkli-toplar-sakiz\/","title":{"rendered":"Renkli Toplar Sak\u0131z"},"content":{"rendered":"","protected":false},"excerpt":{"rendered":"<p>FINI KARISIK RENKL\u0130 TOP SAKIZLAR<\/p>\n<p>Heyecan verici FINI KARISIK RENKL\u0130 TOP SAKIZLAR ile FINI &#8216;nin canl\u0131 d\u00fcnyas\u0131na dal\u0131n! Bu renkli, meyveli balonlu sak\u0131z toplar\u0131, her \u00e7i\u011fnemede y\u00fcz\u00fcn\u00fcze bir g\u00fcl\u00fcmseme getirece\u011finden emin oldu\u011funuz \u00e7ok \u00e7e\u015fitli aromalara sahiptir.<\/p>\n<p>\u0130ster keskin meyve aromalar\u0131n\u0131 sevin, ister klasik sak\u0131z tad\u0131n\u0131 tercih edin, renkli sak\u0131z toplar\u0131m\u0131zda herkes i\u00e7in bir \u015feyler var. Tatl\u0131, ferahlat\u0131c\u0131 tad\u0131 ve tatmin edici \u00e7\u0131t\u0131rt\u0131s\u0131yla bu sak\u0131z toplar\u0131, hareket halindeyken at\u0131\u015ft\u0131rmak veya do\u011fum g\u00fcn\u00fc partilerine, aile toplant\u0131lar\u0131na ya da g\u00fcndelik ikramlara e\u011flence katmak i\u00e7in m\u00fckemmeldir.<\/p>\n","protected":false},"featured_media":21724,"template":"","meta":[],"product_brand":[2892],"product_cat":[3121],"product_tag":[],"class_list":{"0":"post-21881","1":"product","2":"type-product","3":"status-publish","4":"has-post-thumbnail","6":"product_brand-fini-tr","7":"product_cat-sekerleme","8":"pa_barcode-8410525116827-tr","9":"pa_brand-fini-tr","10":"pa_inbox-12-tr","11":"pa_pallet-378-tr","12":"pa_shelf-life-24-ay","13":"pa_weight-2-75-gr-tr","15":"first","16":"instock","17":"shipping-taxable","18":"product-type-simple"},"_links":{"self":[{"href":"https:\/\/effafood.com\/tr\/wp-json\/wp\/v2\/product\/21881","targetHints":{"allow":["GET"]}}],"collection":[{"href":"https:\/\/effafood.com\/tr\/wp-json\/wp\/v2\/product"}],"about":[{"href":"https:\/\/effafood.com\/tr\/wp-json\/wp\/v2\/types\/product"}],"version-history":[{"count":1,"href":"https:\/\/effafood.com\/tr\/wp-json\/wp\/v2\/product\/21881\/revisions"}],"predecessor-version":[{"id":21989,"href":"https:\/\/effafood.com\/tr\/wp-json\/wp\/v2\/product\/21881\/revisions\/21989"}],"wp:featuredmedia":[{"embeddable":true,"href":"https:\/\/effafood.com\/tr\/wp-json\/wp\/v2\/media\/21724"}],"wp:attachment":[{"href":"https:\/\/effafood.com\/tr\/wp-json\/wp\/v2\/media?parent=21881"}],"wp:term":[{"taxonomy":"product_brand","embeddable":true,"href":"https:\/\/effafood.com\/tr\/wp-json\/wp\/v2\/product_brand?post=21881"},{"taxonomy":"product_cat","embeddable":true,"href":"https:\/\/effafood.com\/tr\/wp-json\/wp\/v2\/product_cat?post=21881"},{"taxonomy":"product_tag","embeddable":true,"href":"https:\/\/effafood.com\/tr\/wp-json\/wp\/v2\/product_tag?post=21881"}],"curies":[{"name":"wp","href":"https:\/\/api.w.org\/{rel}","templated":true}]}}