{"id":21880,"date":"2025-01-18T17:40:57","date_gmt":"2025-01-18T17:40:57","guid":{"rendered":"https:\/\/effafood.com\/product\/eksi-tropikal-karisim-jole\/"},"modified":"2025-01-19T12:12:04","modified_gmt":"2025-01-19T12:12:04","slug":"eksi-tropikal-karisim-jole","status":"publish","type":"product","link":"https:\/\/effafood.com\/tr\/product\/eksi-tropikal-karisim-jole\/","title":{"rendered":"Ek\u015fi Tropikal Mix Jelly"},"content":{"rendered":"","protected":false},"excerpt":{"rendered":"<p>FINI MEYVE MIX JELLY<\/p>\n<p>Her \u00e7i\u011fnemede ferahlat\u0131c\u0131 bir lezzet patlamas\u0131 i\u00e7in kar\u015f\u0131 konulmaz FINI MEYVE MIX JELLY&#8217;\u0131 ke\u015ffedin! Heyecan verici meyveli aromalarla dolu bu sak\u0131z, g\u00fcne\u015fli ve kayg\u0131s\u0131z g\u00fcnler i\u00e7in m\u00fckemmel bir arkada\u015ft\u0131r.<\/p>\n<p>FINI MEYVE KARI\u015eIMLI JELLY, en iyi meyveli tatlar\u0131, hareket halindeyken at\u0131\u015ft\u0131rmak veya arkada\u015flar\u0131n\u0131zla ve ailenizle payla\u015fmak i\u00e7in ideal olan 75 g&#8217;l\u0131k kullan\u0131\u015fl\u0131 bir pakette bir araya getirir. Sulu meyve salatas\u0131 lezzetleri sizi daha s\u0131cak g\u00fcnlere g\u00f6t\u00fcrecek ve her \u0131s\u0131r\u0131kta y\u00fcz\u00fcn\u00fcze bir g\u00fcl\u00fcmseme yerle\u015ftirecek.<\/p>\n","protected":false},"featured_media":21739,"template":"","meta":[],"product_brand":[2892],"product_cat":[3121],"product_tag":[],"class_list":{"0":"post-21880","1":"product","2":"type-product","3":"status-publish","4":"has-post-thumbnail","6":"product_brand-fini-tr","7":"product_cat-sekerleme","8":"pa_barcode-933-tr","9":"pa_brand-fini-tr","10":"pa_inbox-12-tr","11":"pa_pallet-378-tr","12":"pa_shelf-life-24-ay","13":"pa_weight-2-75-gr-tr","15":"first","16":"instock","17":"shipping-taxable","18":"product-type-simple"},"_links":{"self":[{"href":"https:\/\/effafood.com\/tr\/wp-json\/wp\/v2\/product\/21880","targetHints":{"allow":["GET"]}}],"collection":[{"href":"https:\/\/effafood.com\/tr\/wp-json\/wp\/v2\/product"}],"about":[{"href":"https:\/\/effafood.com\/tr\/wp-json\/wp\/v2\/types\/product"}],"version-history":[{"count":3,"href":"https:\/\/effafood.com\/tr\/wp-json\/wp\/v2\/product\/21880\/revisions"}],"predecessor-version":[{"id":21986,"href":"https:\/\/effafood.com\/tr\/wp-json\/wp\/v2\/product\/21880\/revisions\/21986"}],"wp:featuredmedia":[{"embeddable":true,"href":"https:\/\/effafood.com\/tr\/wp-json\/wp\/v2\/media\/21739"}],"wp:attachment":[{"href":"https:\/\/effafood.com\/tr\/wp-json\/wp\/v2\/media?parent=21880"}],"wp:term":[{"taxonomy":"product_brand","embeddable":true,"href":"https:\/\/effafood.com\/tr\/wp-json\/wp\/v2\/product_brand?post=21880"},{"taxonomy":"product_cat","embeddable":true,"href":"https:\/\/effafood.com\/tr\/wp-json\/wp\/v2\/product_cat?post=21880"},{"taxonomy":"product_tag","embeddable":true,"href":"https:\/\/effafood.com\/tr\/wp-json\/wp\/v2\/product_tag?post=21880"}],"curies":[{"name":"wp","href":"https:\/\/api.w.org\/{rel}","templated":true}]}}