{"id":21877,"date":"2025-01-18T17:33:46","date_gmt":"2025-01-18T17:33:46","guid":{"rendered":"https:\/\/effafood.com\/product\/tatil-seftali-kalpleri-jolesi\/"},"modified":"2025-01-19T12:14:22","modified_gmt":"2025-01-19T12:14:22","slug":"tatil-seftali-kalpleri-jolesi","status":"publish","type":"product","link":"https:\/\/effafood.com\/tr\/product\/tatil-seftali-kalpleri-jolesi\/","title":{"rendered":"Tatil \u015eeftali Kalpleri Jelly"},"content":{"rendered":"","protected":false},"excerpt":{"rendered":"<p>FINI TAT\u0130L \u015eEFTAL\u0130 KALPLER\u0130<\/p>\n<p>FINI TAT\u0130L \u015eEFTAL\u0130 KALPLER\u0130&#8217;nin kar\u015f\u0131 konulmaz lezzetiyle kendinizi \u015f\u0131mart\u0131n! Bu nefis ek\u015fi \u015feftali kalpleri, olgun \u015feftalilerin sulu lezzetini, damak tad\u0131n\u0131z\u0131 k\u0131\u015fk\u0131rtacak heyecan verici bir keskinlikle m\u00fckemmel bir \u015fekilde harmanl\u0131yor.<\/p>\n<p>75 g&#8217;l\u0131k kullan\u0131\u015fl\u0131 boyutuyla FINI \u015eEFTAL\u0130 KALPLER\u0130, hareket halindeyken at\u0131\u015ft\u0131rmak i\u00e7in idealdir veya arkada\u015flar\u0131n\u0131z ve aileniz i\u00e7in ho\u015f bir s\u00fcrprizdir. \u0130ster kendinize ikram edin ister sevincinizi payla\u015f\u0131n, bu kalp \u015feklindeki \u015fekerler tatl\u0131 ve ek\u015finin m\u00fckemmel dengesini sunar ve daha fazlas\u0131n\u0131 arzulaman\u0131za neden olur.<\/p>\n","protected":false},"featured_media":21729,"template":"","meta":[],"product_brand":[2892],"product_cat":[3121],"product_tag":[],"class_list":{"0":"post-21877","1":"product","2":"type-product","3":"status-publish","4":"has-post-thumbnail","6":"product_brand-fini-tr","7":"product_cat-sekerleme","8":"pa_barcode-8410525231575-tr","9":"pa_brand-fini-tr","10":"pa_inbox-12-tr","11":"pa_pallet-378-tr","12":"pa_shelf-life-24-ay","13":"pa_weight-2-75-gr-tr","15":"first","16":"instock","17":"shipping-taxable","18":"product-type-simple"},"_links":{"self":[{"href":"https:\/\/effafood.com\/tr\/wp-json\/wp\/v2\/product\/21877","targetHints":{"allow":["GET"]}}],"collection":[{"href":"https:\/\/effafood.com\/tr\/wp-json\/wp\/v2\/product"}],"about":[{"href":"https:\/\/effafood.com\/tr\/wp-json\/wp\/v2\/types\/product"}],"version-history":[{"count":1,"href":"https:\/\/effafood.com\/tr\/wp-json\/wp\/v2\/product\/21877\/revisions"}],"predecessor-version":[{"id":21988,"href":"https:\/\/effafood.com\/tr\/wp-json\/wp\/v2\/product\/21877\/revisions\/21988"}],"wp:featuredmedia":[{"embeddable":true,"href":"https:\/\/effafood.com\/tr\/wp-json\/wp\/v2\/media\/21729"}],"wp:attachment":[{"href":"https:\/\/effafood.com\/tr\/wp-json\/wp\/v2\/media?parent=21877"}],"wp:term":[{"taxonomy":"product_brand","embeddable":true,"href":"https:\/\/effafood.com\/tr\/wp-json\/wp\/v2\/product_brand?post=21877"},{"taxonomy":"product_cat","embeddable":true,"href":"https:\/\/effafood.com\/tr\/wp-json\/wp\/v2\/product_cat?post=21877"},{"taxonomy":"product_tag","embeddable":true,"href":"https:\/\/effafood.com\/tr\/wp-json\/wp\/v2\/product_tag?post=21877"}],"curies":[{"name":"wp","href":"https:\/\/api.w.org\/{rel}","templated":true}]}}