{"id":21875,"date":"2025-01-18T17:43:14","date_gmt":"2025-01-18T17:43:14","guid":{"rendered":"https:\/\/effafood.com\/product\/joleli-fasulye\/"},"modified":"2025-01-19T12:10:37","modified_gmt":"2025-01-19T12:10:37","slug":"joleli-fasulye","status":"publish","type":"product","link":"https:\/\/effafood.com\/tr\/product\/joleli-fasulye\/","title":{"rendered":"Jelly Fasulye"},"content":{"rendered":"","protected":false},"excerpt":{"rendered":"<p>FINI JELY BEANS<\/p>\n<p>Tatl\u0131 krizlerinizi gidermek i\u00e7in e\u011flenceli ve renkli bir ikram m\u0131 ar\u0131yorsunuz? FINI JELLY FAS\u00dcLYE 75g&#8217;dan ba\u015fkas\u0131na bakmay\u0131n! Bu canl\u0131, meyveli jelibonlar g\u00fcn\u00fcn her saati i\u00e7in m\u00fckemmel bir at\u0131\u015ft\u0131rmal\u0131kt\u0131r \u2013 ister kendinizi \u015f\u0131mart\u0131n, ister arkada\u015flar\u0131n\u0131zla payla\u015f\u0131n veya k\u00fc\u00e7\u00fck bir hediye aray\u0131n.<\/p>\n<p>\u00c7e\u015fitli dayan\u0131lmaz aromalar\u0131yla FINI JELLY FAS\u00dcLYE, damak tad\u0131n\u0131z i\u00e7in ger\u00e7ek bir zevktir. Glutensiz ve ya\u011fs\u0131z olan bu tatl\u0131 lokmalar, meyveli, \u00e7i\u011fnenebilir \u015fekerleri seven hem \u00e7ocuklar hem de yeti\u015fkinler i\u00e7in idealdir.<\/p>\n","protected":false},"featured_media":21744,"template":"","meta":[],"product_brand":[2892],"product_cat":[3121],"product_tag":[],"class_list":{"0":"post-21875","1":"product","2":"type-product","3":"status-publish","4":"has-post-thumbnail","6":"product_brand-fini-tr","7":"product_cat-sekerleme","8":"pa_barcode-8410525116810-tr","9":"pa_brand-fini-tr","10":"pa_inbox-12-tr","11":"pa_pallet-378-tr","12":"pa_shelf-life-24-ay","13":"pa_weight-2-75-gr-tr","15":"first","16":"instock","17":"shipping-taxable","18":"product-type-simple"},"_links":{"self":[{"href":"https:\/\/effafood.com\/tr\/wp-json\/wp\/v2\/product\/21875","targetHints":{"allow":["GET"]}}],"collection":[{"href":"https:\/\/effafood.com\/tr\/wp-json\/wp\/v2\/product"}],"about":[{"href":"https:\/\/effafood.com\/tr\/wp-json\/wp\/v2\/types\/product"}],"version-history":[{"count":2,"href":"https:\/\/effafood.com\/tr\/wp-json\/wp\/v2\/product\/21875\/revisions"}],"predecessor-version":[{"id":21983,"href":"https:\/\/effafood.com\/tr\/wp-json\/wp\/v2\/product\/21875\/revisions\/21983"}],"wp:featuredmedia":[{"embeddable":true,"href":"https:\/\/effafood.com\/tr\/wp-json\/wp\/v2\/media\/21744"}],"wp:attachment":[{"href":"https:\/\/effafood.com\/tr\/wp-json\/wp\/v2\/media?parent=21875"}],"wp:term":[{"taxonomy":"product_brand","embeddable":true,"href":"https:\/\/effafood.com\/tr\/wp-json\/wp\/v2\/product_brand?post=21875"},{"taxonomy":"product_cat","embeddable":true,"href":"https:\/\/effafood.com\/tr\/wp-json\/wp\/v2\/product_cat?post=21875"},{"taxonomy":"product_tag","embeddable":true,"href":"https:\/\/effafood.com\/tr\/wp-json\/wp\/v2\/product_tag?post=21875"}],"curies":[{"name":"wp","href":"https:\/\/api.w.org\/{rel}","templated":true}]}}