{"id":21871,"date":"2025-01-18T17:47:51","date_gmt":"2025-01-18T17:47:51","guid":{"rendered":"https:\/\/effafood.com\/product\/vampir-lolipop\/"},"modified":"2025-01-19T12:09:14","modified_gmt":"2025-01-19T12:09:14","slug":"vampir-lolipop","status":"publish","type":"product","link":"https:\/\/effafood.com\/tr\/product\/vampir-lolipop\/","title":{"rendered":"Vampir Lolipop"},"content":{"rendered":"","protected":false},"excerpt":{"rendered":"<p>FINI VAMPIRE POPS<\/p>\n<p>FINI VAMPIRE POPS ile di\u015flerinizi \u00fcrk\u00fct\u00fcc\u00fc ve tatl\u0131 bir deneyime bat\u0131r\u0131n! Bu e\u011flenceli, vampir temal\u0131 lolipoplar 100\u2019l\u00fc paketler halinde gelir ve partiler, Cad\u0131lar Bayram\u0131 etkinlikleri veya arkada\u015flar\u0131n\u0131za ve ailenize s\u00fcrpriz yapmak i\u00e7in m\u00fckemmeldir.<\/p>\n<p>\u00c7arp\u0131c\u0131 g\u00f6r\u00fcn\u00fcmleri ve lezzetli tatlar\u0131yla bu lolipoplar\u0131n hem \u00e7ocuklar hem de yeti\u015fkinler aras\u0131nda pop\u00fcler olaca\u011f\u0131 kesindir. Her bir lolipop, yaramaz bir vampire benzeyecek \u015fekilde tasarlanm\u0131\u015ft\u0131r ve at\u0131\u015ft\u0131rmal\u0131k zaman\u0131n\u0131za e\u011flence ve heyecan katar.<\/p>\n<p>\u0130ster \u00fcrk\u00fct\u00fcc\u00fc bir olay\u0131 kutluyor olun, ister sadece lezzetli bir ikramla kendinizi \u015f\u0131mart\u0131yor olun, FINI VAMPIRE POPS tatl\u0131 memnuniyet ve e\u011flenceli tasar\u0131m\u0131n m\u00fckemmel kar\u0131\u015f\u0131m\u0131n\u0131 sunar.<\/p>\n","protected":false},"featured_media":21749,"template":"","meta":[],"product_brand":[2892],"product_cat":[3121],"product_tag":[],"class_list":{"0":"post-21871","1":"product","2":"type-product","3":"status-publish","4":"has-post-thumbnail","6":"product_brand-fini-tr","7":"product_cat-sekerleme","8":"pa_barcode-8410525223365-tr","9":"pa_brand-fini-tr","10":"pa_inbox-6-x-100-tr","11":"pa_pallet-918","12":"pa_shelf-life-24-ay","13":"pa_weight-2-6-gr-tr","15":"first","16":"instock","17":"shipping-taxable","18":"product-type-simple"},"_links":{"self":[{"href":"https:\/\/effafood.com\/tr\/wp-json\/wp\/v2\/product\/21871","targetHints":{"allow":["GET"]}}],"collection":[{"href":"https:\/\/effafood.com\/tr\/wp-json\/wp\/v2\/product"}],"about":[{"href":"https:\/\/effafood.com\/tr\/wp-json\/wp\/v2\/types\/product"}],"version-history":[{"count":1,"href":"https:\/\/effafood.com\/tr\/wp-json\/wp\/v2\/product\/21871\/revisions"}],"predecessor-version":[{"id":21981,"href":"https:\/\/effafood.com\/tr\/wp-json\/wp\/v2\/product\/21871\/revisions\/21981"}],"wp:featuredmedia":[{"embeddable":true,"href":"https:\/\/effafood.com\/tr\/wp-json\/wp\/v2\/media\/21749"}],"wp:attachment":[{"href":"https:\/\/effafood.com\/tr\/wp-json\/wp\/v2\/media?parent=21871"}],"wp:term":[{"taxonomy":"product_brand","embeddable":true,"href":"https:\/\/effafood.com\/tr\/wp-json\/wp\/v2\/product_brand?post=21871"},{"taxonomy":"product_cat","embeddable":true,"href":"https:\/\/effafood.com\/tr\/wp-json\/wp\/v2\/product_cat?post=21871"},{"taxonomy":"product_tag","embeddable":true,"href":"https:\/\/effafood.com\/tr\/wp-json\/wp\/v2\/product_tag?post=21871"}],"curies":[{"name":"wp","href":"https:\/\/api.w.org\/{rel}","templated":true}]}}