{"id":21870,"date":"2025-01-18T17:26:13","date_gmt":"2025-01-18T17:26:13","guid":{"rendered":"https:\/\/effafood.com\/product\/yagli-visne-jolesi\/"},"modified":"2025-01-19T12:18:38","modified_gmt":"2025-01-19T12:18:38","slug":"yagli-visne-jolesi","status":"publish","type":"product","link":"https:\/\/effafood.com\/tr\/product\/yagli-visne-jolesi\/","title":{"rendered":"Ya\u011fl\u0131 Vi\u015fne Jelly"},"content":{"rendered":"","protected":false},"excerpt":{"rendered":"<div class=\"flex-shrink-0 flex flex-col relative items-end\">\n<div>\n<div class=\"pt-0\">\n<div class=\"gizmo-bot-avatar flex h-8 w-8 items-center justify-center overflow-hidden rounded-full\">\n<div class=\"relative p-1 rounded-sm flex items-center justify-center bg-token-main-surface-primary text-token-text-primary h-8 w-8\">FINI HALAL JELLY V\u0130\u015eNE<\/div>\n<\/div>\n<\/div>\n<\/div>\n<\/div>\n<div class=\"group\/conversation-turn relative flex w-full min-w-0 flex-col agent-turn\">\n<div class=\"flex-col gap-1 md:gap-3\">\n<div class=\"flex max-w-full flex-col flex-grow\">\n<div class=\"min-h-8 text-message flex w-full flex-col items-end gap-2 whitespace-normal break-words text-start [.text-message+&amp;]:mt-5\" dir=\"auto\" data-message-author-role=\"assistant\" data-message-id=\"35e7dc7d-f846-4817-a944-e3fc48f85e96\" data-message-model-slug=\"gpt-4o-mini\">\n<div class=\"flex w-full flex-col gap-1 empty:hidden first:pt-[3px]\">\n<div class=\"markdown prose w-full break-words dark:prose-invert light\">\n<p>Vi\u015fne&#8217;in tatl\u0131, meyveli iyili\u011finin tad\u0131n\u0131 \u00e7\u0131kar\u0131n! Bu lezzetli, vi\u015fne aromal\u0131 \u015fekerler tatl\u0131ya d\u00fc\u015fk\u00fcn herkes i\u00e7in m\u00fckemmel bir ikramd\u0131r. Canl\u0131 renkleri ve kar\u015f\u0131 konulmaz meyvemsi tatlar\u0131 ile her \u0131s\u0131r\u0131k, daha fazlas\u0131n\u0131 arzulaman\u0131za neden olacak sulu kiraz aromas\u0131 patlamas\u0131 getirir.<\/p>\n<p>Kullan\u0131\u015fl\u0131 75 g&#8217;l\u0131k paketlerde sunulan bu \u015fekerler, hareket halindeyken at\u0131\u015ft\u0131rmak, arkada\u015flar\u0131n\u0131zla payla\u015fmak veya bir film gecesinde tad\u0131n\u0131 \u00e7\u0131karmak i\u00e7in m\u00fckemmeldir. Y\u00fcksek kaliteli i\u00e7eriklerle \u00fcretilen ve %100 helal sertifikal\u0131 olan FINI Jelly Vi\u015fne herkes i\u00e7in uygundur ve herkes i\u00e7in su\u00e7luluk duygusu yaratmayan bir keyiftir.<\/p>\n<\/div>\n<\/div>\n<\/div>\n<\/div>\n<\/div>\n<\/div>\n","protected":false},"featured_media":21714,"template":"","meta":[],"product_brand":[2892],"product_cat":[3121],"product_tag":[],"class_list":{"0":"post-21870","1":"product","2":"type-product","3":"status-publish","4":"has-post-thumbnail","6":"product_brand-fini-tr","7":"product_cat-sekerleme","8":"pa_barcode-8410525231513-tr","9":"pa_brand-fini-tr","10":"pa_inbox-12-tr","11":"pa_pallet-378-tr","12":"pa_shelf-life-24-ay","13":"pa_weight-2-75-gr-tr","15":"first","16":"instock","17":"shipping-taxable","18":"product-type-simple"},"_links":{"self":[{"href":"https:\/\/effafood.com\/tr\/wp-json\/wp\/v2\/product\/21870","targetHints":{"allow":["GET"]}}],"collection":[{"href":"https:\/\/effafood.com\/tr\/wp-json\/wp\/v2\/product"}],"about":[{"href":"https:\/\/effafood.com\/tr\/wp-json\/wp\/v2\/types\/product"}],"version-history":[{"count":2,"href":"https:\/\/effafood.com\/tr\/wp-json\/wp\/v2\/product\/21870\/revisions"}],"predecessor-version":[{"id":21992,"href":"https:\/\/effafood.com\/tr\/wp-json\/wp\/v2\/product\/21870\/revisions\/21992"}],"wp:featuredmedia":[{"embeddable":true,"href":"https:\/\/effafood.com\/tr\/wp-json\/wp\/v2\/media\/21714"}],"wp:attachment":[{"href":"https:\/\/effafood.com\/tr\/wp-json\/wp\/v2\/media?parent=21870"}],"wp:term":[{"taxonomy":"product_brand","embeddable":true,"href":"https:\/\/effafood.com\/tr\/wp-json\/wp\/v2\/product_brand?post=21870"},{"taxonomy":"product_cat","embeddable":true,"href":"https:\/\/effafood.com\/tr\/wp-json\/wp\/v2\/product_cat?post=21870"},{"taxonomy":"product_tag","embeddable":true,"href":"https:\/\/effafood.com\/tr\/wp-json\/wp\/v2\/product_tag?post=21870"}],"curies":[{"name":"wp","href":"https:\/\/api.w.org\/{rel}","templated":true}]}}