{"id":21867,"date":"2025-01-18T17:28:59","date_gmt":"2025-01-18T17:28:59","guid":{"rendered":"https:\/\/effafood.com\/product\/twist-bulut-marshmallow\/"},"modified":"2025-01-19T12:17:07","modified_gmt":"2025-01-19T12:17:07","slug":"twist-bulut-marshmallow","status":"publish","type":"product","link":"https:\/\/effafood.com\/tr\/product\/twist-bulut-marshmallow\/","title":{"rendered":"Twist Bulut Marshmallow"},"content":{"rendered":"","protected":false},"excerpt":{"rendered":"<p>FINI MARSHMALLOW TWIST<\/p>\n<p>FINI Marshmallow Twist&#8217;in kabar\u0131k, keyifli ikram\u0131yla kendinizi \u015f\u0131mart\u0131n! E\u011flenceli bir burgu \u015feklindeki bu yumu\u015fak, \u00e7i\u011fnenebilir marshmallow, damak tad\u0131n\u0131z i\u00e7in tatl\u0131 bir ka\u00e7\u0131\u015f. Tatl\u0131l\u0131k ve hafifli\u011fin m\u00fckemmel dengesi ile her \u0131s\u0131r\u0131k kar\u015f\u0131 konulmaz bulut benzeri bir deneyim sunar.<\/p>\n<p>75 g&#8217;l\u0131k kullan\u0131\u015fl\u0131 bir porsiyonda paketlenen FINI Marshmallow Twist, at\u0131\u015ft\u0131rmak, payla\u015fmak veya herhangi bir kutlamaya tatl\u0131 bir dokunu\u015f eklemek i\u00e7in idealdir. \u0130ster rahat bir gecenin tad\u0131n\u0131 \u00e7\u0131kar\u0131n, ister kendinize \u00f6zel bir \u015fey \u0131smarlay\u0131n ya da \u00e7ocuklar i\u00e7in e\u011flenceli bir at\u0131\u015ft\u0131rmal\u0131k aray\u0131n, bu marshmallowlar m\u00fckemmel bir se\u00e7imdir.<\/p>\n","protected":false},"featured_media":21719,"template":"","meta":[],"product_brand":[2892],"product_cat":[3121],"product_tag":[],"class_list":{"0":"post-21867","1":"product","2":"type-product","3":"status-publish","4":"has-post-thumbnail","6":"product_brand-fini-tr","7":"product_cat-sekerleme","8":"pa_barcode-8410525179334-tr","9":"pa_brand-fini-tr","10":"pa_inbox-12-tr","11":"pa_pallet-918","12":"pa_shelf-life-12-ay","13":"pa_weight-2-75-gr-tr","15":"first","16":"instock","17":"shipping-taxable","18":"product-type-simple"},"_links":{"self":[{"href":"https:\/\/effafood.com\/tr\/wp-json\/wp\/v2\/product\/21867","targetHints":{"allow":["GET"]}}],"collection":[{"href":"https:\/\/effafood.com\/tr\/wp-json\/wp\/v2\/product"}],"about":[{"href":"https:\/\/effafood.com\/tr\/wp-json\/wp\/v2\/types\/product"}],"version-history":[{"count":1,"href":"https:\/\/effafood.com\/tr\/wp-json\/wp\/v2\/product\/21867\/revisions"}],"predecessor-version":[{"id":21990,"href":"https:\/\/effafood.com\/tr\/wp-json\/wp\/v2\/product\/21867\/revisions\/21990"}],"wp:featuredmedia":[{"embeddable":true,"href":"https:\/\/effafood.com\/tr\/wp-json\/wp\/v2\/media\/21719"}],"wp:attachment":[{"href":"https:\/\/effafood.com\/tr\/wp-json\/wp\/v2\/media?parent=21867"}],"wp:term":[{"taxonomy":"product_brand","embeddable":true,"href":"https:\/\/effafood.com\/tr\/wp-json\/wp\/v2\/product_brand?post=21867"},{"taxonomy":"product_cat","embeddable":true,"href":"https:\/\/effafood.com\/tr\/wp-json\/wp\/v2\/product_cat?post=21867"},{"taxonomy":"product_tag","embeddable":true,"href":"https:\/\/effafood.com\/tr\/wp-json\/wp\/v2\/product_tag?post=21867"}],"curies":[{"name":"wp","href":"https:\/\/api.w.org\/{rel}","templated":true}]}}