{"id":21866,"date":"2025-01-18T17:50:47","date_gmt":"2025-01-18T17:50:47","guid":{"rendered":"https:\/\/effafood.com\/product\/kasirga-aticilari\/"},"modified":"2025-01-19T12:08:09","modified_gmt":"2025-01-19T12:08:09","slug":"kasirga-aticilari","status":"publish","type":"product","link":"https:\/\/effafood.com\/tr\/product\/kasirga-aticilari\/","title":{"rendered":"Kas\u0131rga At\u0131c\u0131lar\u0131 Licorice"},"content":{"rendered":"","protected":false},"excerpt":{"rendered":"<p>FINI TORNADO SHOOTERS<\/p>\n<p>FINI Tornado Shooters ile lezzet kas\u0131rgas\u0131na haz\u0131r olun! Bu canl\u0131 ve renkli \u015feker at\u0131c\u0131lar, d\u00f6nen bir kas\u0131rgan\u0131n e\u011flencesini ve heyecan\u0131n\u0131 damak tad\u0131n\u0131za getiriyor. Her pakette 50 \u015foter bulunur, payla\u015fmak veya kendinize meyveli bir e\u011flence sunmak i\u00e7in m\u00fckemmeldir.<\/p>\n<p>G\u00f6z al\u0131c\u0131 g\u00f6r\u00fcn\u00fcmleri ve kar\u015f\u0131 konulmaz lezzetleriyle FINI Tornado Shooter&#8217;lar, partilerde, toplant\u0131larda veya arkada\u015flar\u0131n\u0131z ve aileniz i\u00e7in tatl\u0131 bir s\u00fcrpriz olarak kesinlikle \u00e7ok sevilecek. K\u0131vr\u0131ml\u0131, renkli tasar\u0131m\u0131, ekstra bir e\u011flence unsuru ekleyerek bu shooter&#8217;lar\u0131 hem \u00e7ocuklar hem de yeti\u015fkinler i\u00e7in m\u00fckemmel bir ikram haline getirir.<\/p>\n","protected":false},"featured_media":21754,"template":"","meta":[],"product_brand":[2892],"product_cat":[3121],"product_tag":[],"class_list":{"0":"post-21866","1":"product","2":"type-product","3":"status-publish","4":"has-post-thumbnail","6":"product_brand-fini-tr","7":"product_cat-sekerleme","8":"pa_barcode-8410525212017-tr","9":"pa_brand-fini-tr","10":"pa_inbox-6-x-50-tr","11":"pa_pallet-918","12":"pa_shelf-life-24-ay","13":"pa_weight-2-6-gr-tr","15":"first","16":"instock","17":"shipping-taxable","18":"product-type-simple"},"_links":{"self":[{"href":"https:\/\/effafood.com\/tr\/wp-json\/wp\/v2\/product\/21866","targetHints":{"allow":["GET"]}}],"collection":[{"href":"https:\/\/effafood.com\/tr\/wp-json\/wp\/v2\/product"}],"about":[{"href":"https:\/\/effafood.com\/tr\/wp-json\/wp\/v2\/types\/product"}],"version-history":[{"count":1,"href":"https:\/\/effafood.com\/tr\/wp-json\/wp\/v2\/product\/21866\/revisions"}],"predecessor-version":[{"id":21980,"href":"https:\/\/effafood.com\/tr\/wp-json\/wp\/v2\/product\/21866\/revisions\/21980"}],"wp:featuredmedia":[{"embeddable":true,"href":"https:\/\/effafood.com\/tr\/wp-json\/wp\/v2\/media\/21754"}],"wp:attachment":[{"href":"https:\/\/effafood.com\/tr\/wp-json\/wp\/v2\/media?parent=21866"}],"wp:term":[{"taxonomy":"product_brand","embeddable":true,"href":"https:\/\/effafood.com\/tr\/wp-json\/wp\/v2\/product_brand?post=21866"},{"taxonomy":"product_cat","embeddable":true,"href":"https:\/\/effafood.com\/tr\/wp-json\/wp\/v2\/product_cat?post=21866"},{"taxonomy":"product_tag","embeddable":true,"href":"https:\/\/effafood.com\/tr\/wp-json\/wp\/v2\/product_tag?post=21866"}],"curies":[{"name":"wp","href":"https:\/\/api.w.org\/{rel}","templated":true}]}}