{"id":21710,"date":"2025-01-18T17:23:03","date_gmt":"2025-01-18T17:23:03","guid":{"rendered":"https:\/\/effafood.com\/product\/yagli-kopekbaliklari-jolesi\/"},"modified":"2025-01-19T12:20:01","modified_gmt":"2025-01-19T12:20:01","slug":"yagli-kopekbaliklari-jolesi","status":"publish","type":"product","link":"https:\/\/effafood.com\/tr\/product\/yagli-kopekbaliklari-jolesi\/","title":{"rendered":"Ya\u011fl\u0131 K\u00f6pekbal\u0131\u011f\u0131 Jelly"},"content":{"rendered":"","protected":false},"excerpt":{"rendered":"<p>FINI JELLY K\u00d6PEKBALI\u011eI<\/p>\n<p>Jelly Sharks ile meyveli bir e\u011flence d\u00fcnyas\u0131na dalmaya haz\u0131r olun! Bu canl\u0131, k\u00f6pekbal\u0131\u011f\u0131 \u015feklindeki \u015fekerler, hem \u00e7ocuklar\u0131 hem de yeti\u015fkinleri memnun edecek kar\u015f\u0131 konulmaz bir tat ve doku kombinasyonu sunar. Partiler, do\u011fum g\u00fcnleri veya herhangi bir \u00f6zel an i\u00e7in m\u00fckemmel bir tatl\u0131 ikram\u0131 olan bu e\u011flenceli k\u00f6pekbal\u0131klar\u0131, her \u0131s\u0131r\u0131kta hem ne\u015fe hem de meyveli bir lezzet patlamas\u0131 getiriyor.<\/p>\n<p>FINI Jelly Sharks, hayvansal jelatin i\u00e7erir ve kemik geli\u015fimi i\u00e7in faydal\u0131d\u0131r. Y\u00fcksek kaliteli malzemelerle \u00fcretilen bu \u015fekerler, tatl\u0131 bir at\u0131\u015ft\u0131rmal\u0131k arayanlar i\u00e7in m\u00fckemmel bir se\u00e7enektir. Renkli k\u00f6pekbal\u0131klar\u0131 sadece g\u00f6z al\u0131c\u0131 olmakla kalmaz, ayn\u0131 zamanda \u00e7i\u011fnenebilir, meyveli tatlar\u0131yla daha fazlas\u0131 i\u00e7in geri gelmenizi sa\u011flayacak!<\/p>\n","protected":false},"featured_media":21708,"template":"","meta":[],"product_brand":[2892],"product_cat":[3121],"product_tag":[],"class_list":{"0":"post-21710","1":"product","2":"type-product","3":"status-publish","4":"has-post-thumbnail","6":"product_brand-fini-tr","7":"product_cat-sekerleme","8":"pa_barcode-8410525116834-tr","9":"pa_brand-fini-tr","10":"pa_inbox-12-tr","11":"pa_pallet-378-tr","12":"pa_shelf-life-24-ay","13":"pa_weight-2-75-gr-tr","15":"first","16":"instock","17":"shipping-taxable","18":"product-type-simple"},"_links":{"self":[{"href":"https:\/\/effafood.com\/tr\/wp-json\/wp\/v2\/product\/21710","targetHints":{"allow":["GET"]}}],"collection":[{"href":"https:\/\/effafood.com\/tr\/wp-json\/wp\/v2\/product"}],"about":[{"href":"https:\/\/effafood.com\/tr\/wp-json\/wp\/v2\/types\/product"}],"version-history":[{"count":4,"href":"https:\/\/effafood.com\/tr\/wp-json\/wp\/v2\/product\/21710\/revisions"}],"predecessor-version":[{"id":21993,"href":"https:\/\/effafood.com\/tr\/wp-json\/wp\/v2\/product\/21710\/revisions\/21993"}],"wp:featuredmedia":[{"embeddable":true,"href":"https:\/\/effafood.com\/tr\/wp-json\/wp\/v2\/media\/21708"}],"wp:attachment":[{"href":"https:\/\/effafood.com\/tr\/wp-json\/wp\/v2\/media?parent=21710"}],"wp:term":[{"taxonomy":"product_brand","embeddable":true,"href":"https:\/\/effafood.com\/tr\/wp-json\/wp\/v2\/product_brand?post=21710"},{"taxonomy":"product_cat","embeddable":true,"href":"https:\/\/effafood.com\/tr\/wp-json\/wp\/v2\/product_cat?post=21710"},{"taxonomy":"product_tag","embeddable":true,"href":"https:\/\/effafood.com\/tr\/wp-json\/wp\/v2\/product_tag?post=21710"}],"curies":[{"name":"wp","href":"https:\/\/api.w.org\/{rel}","templated":true}]}}