{"id":21681,"date":"2025-01-18T13:48:30","date_gmt":"2025-01-18T13:48:30","guid":{"rendered":"https:\/\/effafood.com\/product\/sinema-karisimi-jole\/"},"modified":"2025-01-18T18:15:28","modified_gmt":"2025-01-18T18:15:28","slug":"sinema-karisimi-jole","status":"publish","type":"product","link":"https:\/\/effafood.com\/tr\/product\/sinema-karisimi-jole\/","title":{"rendered":"Sinema Mix Jelly"},"content":{"rendered":"","protected":false},"excerpt":{"rendered":"<p>FINI SINEMA MIX<\/p>\n<p>Fini Halal CINEMA MIX ile tatl\u0131 lezzetlerin dayan\u0131lmaz d\u00fcnyas\u0131na ad\u0131m at\u0131n! Bu lezzetli kar\u0131\u015f\u0131m, \u00e7e\u015fitli \u015fekillerde ve tatlarda s\u00fcper yumu\u015fak sak\u0131zlardan olu\u015fan harika bir se\u00e7ki sunuyor, b\u00f6ylece her \u0131s\u0131r\u0131kta m\u00fckemmel bir at\u0131\u015ft\u0131rmal\u0131k deneyimi ya\u015fars\u0131n\u0131z. \u0130ster heyecan verici bir film gecesi planl\u0131yor olun, ister sadece arada tatl\u0131 bir ikram ar\u0131yor olun, CINEMA MIX her durum i\u00e7in m\u00fckemmel bir se\u00e7imdir!<\/p>\n<p>Her zevke hitap eden tatl\u0131 ikramlar \u2013 Fini Halal CINEMA MIX 75g! Yumu\u015fak sak\u0131zlardan olu\u015fan bu renkli kar\u0131\u015f\u0131m, sadece kalbinizi kazanmakla kalmayacak, ayn\u0131 zamanda damak tad\u0131n\u0131z\u0131 da memnun edecek. Sinema i\u00e7in, hareket halindeyken at\u0131\u015ft\u0131rmal\u0131k olarak veya arkada\u015flarla sosyal ak\u015famlar i\u00e7in idealdir. Her \u0131s\u0131r\u0131\u011f\u0131 bir deneyim haline getiren farkl\u0131 \u015fekillerin ve meyveli tatlar\u0131n keyfini \u00e7\u0131kar\u0131n. Her bir par\u00e7aya s\u0131\u011fd\u0131r\u0131lan kalite ve lezzeti ke\u015ffedin!<\/p>\n","protected":false},"featured_media":21512,"template":"","meta":[],"product_brand":[2892],"product_cat":[3121],"product_tag":[],"class_list":{"0":"post-21681","1":"product","2":"type-product","3":"status-publish","4":"has-post-thumbnail","6":"product_brand-fini-tr","7":"product_cat-sekerleme","8":"pa_barcode-8410525183768-tr","9":"pa_brand-fini-tr","10":"pa_inbox-12-tr","11":"pa_pallet-378-tr","12":"pa_shelf-life-24-ay","13":"pa_weight-2-75-gr-tr","15":"first","16":"instock","17":"shipping-taxable","18":"product-type-simple"},"_links":{"self":[{"href":"https:\/\/effafood.com\/tr\/wp-json\/wp\/v2\/product\/21681","targetHints":{"allow":["GET"]}}],"collection":[{"href":"https:\/\/effafood.com\/tr\/wp-json\/wp\/v2\/product"}],"about":[{"href":"https:\/\/effafood.com\/tr\/wp-json\/wp\/v2\/types\/product"}],"version-history":[{"count":2,"href":"https:\/\/effafood.com\/tr\/wp-json\/wp\/v2\/product\/21681\/revisions"}],"predecessor-version":[{"id":21773,"href":"https:\/\/effafood.com\/tr\/wp-json\/wp\/v2\/product\/21681\/revisions\/21773"}],"wp:featuredmedia":[{"embeddable":true,"href":"https:\/\/effafood.com\/tr\/wp-json\/wp\/v2\/media\/21512"}],"wp:attachment":[{"href":"https:\/\/effafood.com\/tr\/wp-json\/wp\/v2\/media?parent=21681"}],"wp:term":[{"taxonomy":"product_brand","embeddable":true,"href":"https:\/\/effafood.com\/tr\/wp-json\/wp\/v2\/product_brand?post=21681"},{"taxonomy":"product_cat","embeddable":true,"href":"https:\/\/effafood.com\/tr\/wp-json\/wp\/v2\/product_cat?post=21681"},{"taxonomy":"product_tag","embeddable":true,"href":"https:\/\/effafood.com\/tr\/wp-json\/wp\/v2\/product_tag?post=21681"}],"curies":[{"name":"wp","href":"https:\/\/api.w.org\/{rel}","templated":true}]}}