{"id":21678,"date":"2025-01-18T13:58:12","date_gmt":"2025-01-18T13:58:12","guid":{"rendered":"https:\/\/effafood.com\/product\/yagli-solucan-jolesi\/"},"modified":"2025-01-18T18:12:19","modified_gmt":"2025-01-18T18:12:19","slug":"yagli-solucan-jolesi","status":"publish","type":"product","link":"https:\/\/effafood.com\/tr\/product\/yagli-solucan-jolesi\/","title":{"rendered":"Ya\u011fl\u0131 Solucan Jelly"},"content":{"rendered":"","protected":false},"excerpt":{"rendered":"<p>FINI JELLY SOLUCAN<\/p>\n<p>FINI JELLY SOLUCAN&#8217;\u0131n meyveli lezzetini ke\u015ffedin! Bu renkli, berrak solucanlar sadece g\u00f6zlere hitap etmekle kalmaz, ayn\u0131 zamanda e\u015fsiz bir lezzet deneyimi sunar. Meyveli aromalarla dolu FINI JELLY SOLUCAN, yumu\u015fak ve \u00e7i\u011fnenebilir dokusuyla dikkat \u00e7eker.<\/p>\n<p>\u0130ster \u00e7ocuklar i\u00e7in tatl\u0131 bir at\u0131\u015ft\u0131rmal\u0131k, ister yeti\u015fkinler i\u00e7in e\u011flenceli bir s\u00fcrpriz olsun, FINI JELLY SOLUCAN canl\u0131 ve meyveli tatlar\u0131 seven herkes i\u00e7in m\u00fckemmel bir se\u00e7imdir. \u015eimdi deneyin ve bu lezzetli tat deneyiminden keyif al\u0131n!<\/p>\n","protected":false},"featured_media":21522,"template":"","meta":[],"product_brand":[2892],"product_cat":[3121],"product_tag":[],"class_list":{"0":"post-21678","1":"product","2":"type-product","3":"status-publish","4":"has-post-thumbnail","6":"product_brand-fini-tr","7":"product_cat-sekerleme","8":"pa_barcode-8410525224133-tr","9":"pa_brand-fini-tr","10":"pa_inbox-12-tr","11":"pa_pallet-378-tr","12":"pa_shelf-life-24-ay","13":"pa_weight-2-75-gr-tr","15":"first","16":"instock","17":"shipping-taxable","18":"product-type-simple"},"_links":{"self":[{"href":"https:\/\/effafood.com\/tr\/wp-json\/wp\/v2\/product\/21678","targetHints":{"allow":["GET"]}}],"collection":[{"href":"https:\/\/effafood.com\/tr\/wp-json\/wp\/v2\/product"}],"about":[{"href":"https:\/\/effafood.com\/tr\/wp-json\/wp\/v2\/types\/product"}],"version-history":[{"count":1,"href":"https:\/\/effafood.com\/tr\/wp-json\/wp\/v2\/product\/21678\/revisions"}],"predecessor-version":[{"id":21770,"href":"https:\/\/effafood.com\/tr\/wp-json\/wp\/v2\/product\/21678\/revisions\/21770"}],"wp:featuredmedia":[{"embeddable":true,"href":"https:\/\/effafood.com\/tr\/wp-json\/wp\/v2\/media\/21522"}],"wp:attachment":[{"href":"https:\/\/effafood.com\/tr\/wp-json\/wp\/v2\/media?parent=21678"}],"wp:term":[{"taxonomy":"product_brand","embeddable":true,"href":"https:\/\/effafood.com\/tr\/wp-json\/wp\/v2\/product_brand?post=21678"},{"taxonomy":"product_cat","embeddable":true,"href":"https:\/\/effafood.com\/tr\/wp-json\/wp\/v2\/product_cat?post=21678"},{"taxonomy":"product_tag","embeddable":true,"href":"https:\/\/effafood.com\/tr\/wp-json\/wp\/v2\/product_tag?post=21678"}],"curies":[{"name":"wp","href":"https:\/\/api.w.org\/{rel}","templated":true}]}}