{"id":21677,"date":"2025-01-18T13:44:55","date_gmt":"2025-01-18T13:44:55","guid":{"rendered":"https:\/\/effafood.com\/product\/eksi-pembe-kola-sisesi-jolesi\/"},"modified":"2025-01-18T18:17:02","modified_gmt":"2025-01-18T18:17:02","slug":"eksi-pembe-kola-sisesi-jolesi","status":"publish","type":"product","link":"https:\/\/effafood.com\/tr\/product\/eksi-pembe-kola-sisesi-jolesi\/","title":{"rendered":"Ek\u015fi Pembe Kola \u015ei\u015fesi Jelly"},"content":{"rendered":"","protected":false},"excerpt":{"rendered":"<p>FINI HELAL EK\u015e\u0130 PEMBE KOLA \u015e\u0130\u015eELER\u0130<\/p>\n<p>FINI HELAL EK\u015e\u0130 PEMBE KOLA \u015e\u0130\u015eELER\u0130 ile rengarenk ve ek\u015fi bir lezzet yolculu\u011funa \u00e7\u0131k\u0131n! Bu e\u011flenceli ve canl\u0131 ikramlar, sadece g\u00f6zler i\u00e7in de\u011fil, tat tomurcuklar\u0131n\u0131z i\u00e7in de bir ziyafettir. Her 75g&#8217;l\u0131k paket, ek\u015fi pembe kola \u015fi\u015feleri \u015feklindeki, her durumda m\u00fckemmel olan yumu\u015fak, \u00e7i\u011fnenebilir sak\u0131zlar\u0131n heyecan verici bir kar\u0131\u015f\u0131m\u0131n\u0131 i\u00e7erir.<\/p>\n<p>EK\u015e\u0130 PEMBE KOLA \u015e\u0130\u015eELER\u0130, helal sertifikal\u0131d\u0131r ve y\u00fcksek kaliteli, keyifli ikramlar arayanlar i\u00e7in kayg\u0131s\u0131z bir at\u0131\u015ft\u0131rmal\u0131k deneyimi sa\u011flar. \u0130ster bir do\u011fum g\u00fcn\u00fc partisi, ister bir film gecesine tatl\u0131 bir dokunu\u015f eklemek, ya da sadece ki\u015fisel keyif i\u00e7in olsun \u2013 bu renkli \u015fekerler her zaman m\u00fckemmel bir se\u00e7imdir!<\/p>\n","protected":false},"featured_media":21507,"template":"","meta":[],"product_brand":[2892],"product_cat":[3121],"product_tag":[],"class_list":{"0":"post-21677","1":"product","2":"type-product","3":"status-publish","4":"has-post-thumbnail","6":"product_brand-fini-tr","7":"product_cat-sekerleme","8":"pa_barcode-8410525254109-tr","9":"pa_brand-fini-tr","10":"pa_inbox-12-tr","11":"pa_pallet-378-tr","12":"pa_shelf-life-24-ay","13":"pa_weight-2-75-gr-tr","15":"first","16":"instock","17":"shipping-taxable","18":"product-type-simple"},"_links":{"self":[{"href":"https:\/\/effafood.com\/tr\/wp-json\/wp\/v2\/product\/21677","targetHints":{"allow":["GET"]}}],"collection":[{"href":"https:\/\/effafood.com\/tr\/wp-json\/wp\/v2\/product"}],"about":[{"href":"https:\/\/effafood.com\/tr\/wp-json\/wp\/v2\/types\/product"}],"version-history":[{"count":1,"href":"https:\/\/effafood.com\/tr\/wp-json\/wp\/v2\/product\/21677\/revisions"}],"predecessor-version":[{"id":21774,"href":"https:\/\/effafood.com\/tr\/wp-json\/wp\/v2\/product\/21677\/revisions\/21774"}],"wp:featuredmedia":[{"embeddable":true,"href":"https:\/\/effafood.com\/tr\/wp-json\/wp\/v2\/media\/21507"}],"wp:attachment":[{"href":"https:\/\/effafood.com\/tr\/wp-json\/wp\/v2\/media?parent=21677"}],"wp:term":[{"taxonomy":"product_brand","embeddable":true,"href":"https:\/\/effafood.com\/tr\/wp-json\/wp\/v2\/product_brand?post=21677"},{"taxonomy":"product_cat","embeddable":true,"href":"https:\/\/effafood.com\/tr\/wp-json\/wp\/v2\/product_cat?post=21677"},{"taxonomy":"product_tag","embeddable":true,"href":"https:\/\/effafood.com\/tr\/wp-json\/wp\/v2\/product_tag?post=21677"}],"curies":[{"name":"wp","href":"https:\/\/api.w.org\/{rel}","templated":true}]}}