{"id":21675,"date":"2025-01-18T13:52:06","date_gmt":"2025-01-18T13:52:06","guid":{"rendered":"https:\/\/effafood.com\/product\/eksi-timsah-jolesi\/"},"modified":"2025-01-18T18:14:29","modified_gmt":"2025-01-18T18:14:29","slug":"eksi-timsah-jolesi","status":"publish","type":"product","link":"https:\/\/effafood.com\/tr\/product\/eksi-timsah-jolesi\/","title":{"rendered":"Ek\u015fi Timsah Jelly"},"content":{"rendered":"","protected":false},"excerpt":{"rendered":"<p>FINI EK\u015e\u0130 TIMSAH JELLY<\/p>\n<p>Kar\u015f\u0131 konulmaz FINI EK\u015e\u0130 TIMSAH JELLY\u2019yi ke\u015ffedin! Bu ek\u015fi timsahlar sadece lezzetli bir at\u0131\u015ft\u0131rmal\u0131k de\u011fil, ayn\u0131 zamanda g\u00f6z al\u0131c\u0131 bir \u015fekerlemelerdir. E\u015fsiz dokular\u0131 ve tatl\u0131 ile ek\u015fi tatlar\u0131n m\u00fckemmel dengesiyle her an\u0131n\u0131za ne\u015fe katarlar. \u015eekerli sak\u0131zlar\u0131n ola\u011fan\u00fcst\u00fc dokusu ve kar\u015f\u0131 konulmaz tatl\u0131 aromalar\u0131, her \u0131s\u0131r\u0131\u011f\u0131 keyifli bir deneyime d\u00f6n\u00fc\u015ft\u00fcr\u00fcr.<\/p>\n<p>\u0130ster bir sonraki partinizde, ister g\u00fcnl\u00fck bir at\u0131\u015ft\u0131rmal\u0131k olarak, ya da \u00e7ocuklar\u0131n\u0131za tatl\u0131 bir s\u00fcrpriz olarak sunabilece\u011finiz bu ek\u015fi timsahlar her zaman m\u00fckemmel bir se\u00e7imdir!<\/p>\n","protected":false},"featured_media":21517,"template":"","meta":[],"product_brand":[2892],"product_cat":[3121],"product_tag":[],"class_list":{"0":"post-21675","1":"product","2":"type-product","3":"status-publish","4":"has-post-thumbnail","6":"product_brand-fini-tr","7":"product_cat-sekerleme","8":"pa_barcode-8410525116803-tr","9":"pa_brand-fini-tr","10":"pa_inbox-12-tr","11":"pa_pallet-378-tr","12":"pa_shelf-life-24-ay","13":"pa_weight-2-75-gr-tr","15":"first","16":"instock","17":"shipping-taxable","18":"product-type-simple"},"_links":{"self":[{"href":"https:\/\/effafood.com\/tr\/wp-json\/wp\/v2\/product\/21675","targetHints":{"allow":["GET"]}}],"collection":[{"href":"https:\/\/effafood.com\/tr\/wp-json\/wp\/v2\/product"}],"about":[{"href":"https:\/\/effafood.com\/tr\/wp-json\/wp\/v2\/types\/product"}],"version-history":[{"count":1,"href":"https:\/\/effafood.com\/tr\/wp-json\/wp\/v2\/product\/21675\/revisions"}],"predecessor-version":[{"id":21771,"href":"https:\/\/effafood.com\/tr\/wp-json\/wp\/v2\/product\/21675\/revisions\/21771"}],"wp:featuredmedia":[{"embeddable":true,"href":"https:\/\/effafood.com\/tr\/wp-json\/wp\/v2\/media\/21517"}],"wp:attachment":[{"href":"https:\/\/effafood.com\/tr\/wp-json\/wp\/v2\/media?parent=21675"}],"wp:term":[{"taxonomy":"product_brand","embeddable":true,"href":"https:\/\/effafood.com\/tr\/wp-json\/wp\/v2\/product_brand?post=21675"},{"taxonomy":"product_cat","embeddable":true,"href":"https:\/\/effafood.com\/tr\/wp-json\/wp\/v2\/product_cat?post=21675"},{"taxonomy":"product_tag","embeddable":true,"href":"https:\/\/effafood.com\/tr\/wp-json\/wp\/v2\/product_tag?post=21675"}],"curies":[{"name":"wp","href":"https:\/\/api.w.org\/{rel}","templated":true}]}}