{"id":21672,"date":"2025-01-18T13:41:41","date_gmt":"2025-01-18T13:41:41","guid":{"rendered":"https:\/\/effafood.com\/product\/eksi-gokkusagi-kusagi-meyan-koku\/"},"modified":"2025-01-18T18:18:42","modified_gmt":"2025-01-18T18:18:42","slug":"eksi-gokkusagi-kusagi-meyan-koku","status":"publish","type":"product","link":"https:\/\/effafood.com\/tr\/product\/eksi-gokkusagi-kusagi-meyan-koku\/","title":{"rendered":"Ek\u015fi G\u00f6kku\u015fa\u011f\u0131 Licorice"},"content":{"rendered":"","protected":false},"excerpt":{"rendered":"<p>FINI EK\u015e\u0130 G\u00d6KKU\u015eA\u011eI LICORICE<\/p>\n<p>FINI EK\u015e\u0130 G\u00d6KKU\u015eA\u011eI LICORICE ile tatl\u0131 ve ek\u015fi bir lezzet yolculu\u011funa \u00e7\u0131k\u0131n! Bu lezzetli t\u00fcpler, sadece damak tad\u0131n\u0131za hitap etmekle kalmaz, ayn\u0131 zamanda heyecan verici bir tat deneyimi sunar. D\u0131\u015f\u0131ndaki ek\u015fi \u00e7ilek aromas\u0131 ve i\u00e7indeki tatl\u0131 dolgusu ile t\u00fcm \u015feker severler i\u00e7in m\u00fckemmeldir.<\/p>\n<p>Kullan\u0131\u015fl\u0131 75g&#8217;l\u0131k paket, her zaman payla\u015facak veya tek ba\u015f\u0131n\u0131za tad\u0131n\u0131 \u00e7\u0131karacak bir \u015fey sunar. Bu cennet gibi \u00e7ilek renkli \u015feritler, \u00f6zel ve ek\u015fi bir \u015fekerleme deneyimi arayanlar i\u00e7in m\u00fckemmeldir. Meyvemsi aromalar\u0131 ve m\u00fckemmel dengelenmi\u015f tatl\u0131l\u0131klar\u0131 ile her \u015feker sever i\u00e7in ger\u00e7ek bir lezzet vurgusudur.<\/p>\n","protected":false},"featured_media":21502,"template":"","meta":[],"product_brand":[2892],"product_cat":[3121],"product_tag":[],"class_list":{"0":"post-21672","1":"product","2":"type-product","3":"status-publish","4":"has-post-thumbnail","6":"product_brand-fini-tr","7":"product_cat-sekerleme","8":"pa_barcode-8410525206160-tr","9":"pa_brand-fini-tr","10":"pa_inbox-12-tr","11":"pa_pallet-378-tr","12":"pa_shelf-life-24-ay","13":"pa_weight-2-75-gr-tr","15":"first","16":"instock","17":"shipping-taxable","18":"product-type-simple"},"_links":{"self":[{"href":"https:\/\/effafood.com\/tr\/wp-json\/wp\/v2\/product\/21672","targetHints":{"allow":["GET"]}}],"collection":[{"href":"https:\/\/effafood.com\/tr\/wp-json\/wp\/v2\/product"}],"about":[{"href":"https:\/\/effafood.com\/tr\/wp-json\/wp\/v2\/types\/product"}],"version-history":[{"count":1,"href":"https:\/\/effafood.com\/tr\/wp-json\/wp\/v2\/product\/21672\/revisions"}],"predecessor-version":[{"id":21775,"href":"https:\/\/effafood.com\/tr\/wp-json\/wp\/v2\/product\/21672\/revisions\/21775"}],"wp:featuredmedia":[{"embeddable":true,"href":"https:\/\/effafood.com\/tr\/wp-json\/wp\/v2\/media\/21502"}],"wp:attachment":[{"href":"https:\/\/effafood.com\/tr\/wp-json\/wp\/v2\/media?parent=21672"}],"wp:term":[{"taxonomy":"product_brand","embeddable":true,"href":"https:\/\/effafood.com\/tr\/wp-json\/wp\/v2\/product_brand?post=21672"},{"taxonomy":"product_cat","embeddable":true,"href":"https:\/\/effafood.com\/tr\/wp-json\/wp\/v2\/product_cat?post=21672"},{"taxonomy":"product_tag","embeddable":true,"href":"https:\/\/effafood.com\/tr\/wp-json\/wp\/v2\/product_tag?post=21672"}],"curies":[{"name":"wp","href":"https:\/\/api.w.org\/{rel}","templated":true}]}}