{"id":21671,"date":"2025-01-18T13:28:25","date_gmt":"2025-01-18T13:28:25","guid":{"rendered":"https:\/\/effafood.com\/product\/eksi-cilekli-tonques-kemer\/"},"modified":"2025-01-19T12:25:48","modified_gmt":"2025-01-19T12:25:48","slug":"eksi-cilekli-tonques-kemer","status":"publish","type":"product","link":"https:\/\/effafood.com\/tr\/product\/eksi-cilekli-tonques-kemer\/","title":{"rendered":"Ek\u015fi \u00c7ilekli Licorice"},"content":{"rendered":"","protected":false},"excerpt":{"rendered":"<p>FINI HELAL \u00c7\u0130LEKL\u0130 D\u0130L LICORICE<\/p>\n<p>FINI HELAL \u00c7\u0130LEKL\u0130 LICORICE&#8217;in dayan\u0131lmaz keyfini ke\u015ffedin! Bu lezzetli ek\u015fi \u00e7ilek \u015feritleri, 75 g&#8217;l\u0131k kullan\u0131\u015fl\u0131 bir pakette gelir ve meyveli tatlar\u0131n hayranlar\u0131 i\u00e7in m\u00fckemmel bir \u015fekerleme deneyimi sunar. Her \u0131s\u0131r\u0131k, \u00e7ile\u011fin e\u015fsiz lezzeti ve y\u00fcz\u00fcn\u00fcze bir g\u00fcl\u00fcmseme yerle\u015ftirecek ek\u015fi tatl\u0131 bir vuru\u015fla damak tad\u0131n\u0131z\u0131 \u015fa\u015f\u0131rt\u0131r.<\/p>\n<p>Payla\u015fmak veya kendi keyfiniz i\u00e7in m\u00fckemmel olan bu ek\u015fi \u00e7ilek \u015feritleri, her \u015feker severin sahip olmas\u0131 gereken bir \u00fcr\u00fcnd\u00fcr. Kendinizi bu \u015fa\u015f\u0131rt\u0131c\u0131 derecede ek\u015fi \u015feritlere b\u0131rak\u0131n ve \u00e7ilek keyfini yepyeni bir \u015fekilde ya\u015fay\u0131n!<\/p>\n","protected":false},"featured_media":21487,"template":"","meta":[],"product_brand":[2892],"product_cat":[3121],"product_tag":[],"class_list":{"0":"post-21671","1":"product","2":"type-product","3":"status-publish","4":"has-post-thumbnail","6":"product_brand-fini-tr","7":"product_cat-sekerleme","8":"pa_barcode-8410525206184-tr","9":"pa_brand-fini-tr","10":"pa_inbox-12-tr","11":"pa_pallet-378-tr","12":"pa_shelf-life-24-ay","13":"pa_weight-2-75-gr-tr","15":"first","16":"instock","17":"shipping-taxable","18":"product-type-simple"},"_links":{"self":[{"href":"https:\/\/effafood.com\/tr\/wp-json\/wp\/v2\/product\/21671","targetHints":{"allow":["GET"]}}],"collection":[{"href":"https:\/\/effafood.com\/tr\/wp-json\/wp\/v2\/product"}],"about":[{"href":"https:\/\/effafood.com\/tr\/wp-json\/wp\/v2\/types\/product"}],"version-history":[{"count":3,"href":"https:\/\/effafood.com\/tr\/wp-json\/wp\/v2\/product\/21671\/revisions"}],"predecessor-version":[{"id":21998,"href":"https:\/\/effafood.com\/tr\/wp-json\/wp\/v2\/product\/21671\/revisions\/21998"}],"wp:featuredmedia":[{"embeddable":true,"href":"https:\/\/effafood.com\/tr\/wp-json\/wp\/v2\/media\/21487"}],"wp:attachment":[{"href":"https:\/\/effafood.com\/tr\/wp-json\/wp\/v2\/media?parent=21671"}],"wp:term":[{"taxonomy":"product_brand","embeddable":true,"href":"https:\/\/effafood.com\/tr\/wp-json\/wp\/v2\/product_brand?post=21671"},{"taxonomy":"product_cat","embeddable":true,"href":"https:\/\/effafood.com\/tr\/wp-json\/wp\/v2\/product_cat?post=21671"},{"taxonomy":"product_tag","embeddable":true,"href":"https:\/\/effafood.com\/tr\/wp-json\/wp\/v2\/product_tag?post=21671"}],"curies":[{"name":"wp","href":"https:\/\/api.w.org\/{rel}","templated":true}]}}