{"id":21667,"date":"2025-01-18T13:24:09","date_gmt":"2025-01-18T13:24:09","guid":{"rendered":"https:\/\/effafood.com\/product\/eksi-cilek-halkali-jole\/"},"modified":"2025-01-18T18:32:08","modified_gmt":"2025-01-18T18:32:08","slug":"eksi-cilek-halkali-jole","status":"publish","type":"product","link":"https:\/\/effafood.com\/tr\/product\/eksi-cilek-halkali-jole\/","title":{"rendered":"Ek\u015fi \u00c7ilek Halkas\u0131 Jelly"},"content":{"rendered":"","protected":false},"excerpt":{"rendered":"<p>FINI EK\u015e\u0130 \u00c7\u0130LEK HALKALARI<\/p>\n<p>Kar\u015f\u0131 konulmaz FINI HELAL \u00c7\u0130LEK HALKALARI&#8217;n\u0131 ke\u015ffedin! Bu lezzetli, ek\u015fi-\u015fekerli \u00e7ilek halkalar\u0131 sadece duyular i\u00e7in bir ikram de\u011fil, ayn\u0131 zamanda e\u015fsiz bir lezzet patlamas\u0131d\u0131r. Her \u0131s\u0131r\u0131k, taze \u00e7ileklerin meyvemsi tad\u0131n\u0131 do\u011frudan dilinize getirir ve k\u0131sa s\u00fcrede kalbinizi kazan\u0131r. Tatl\u0131 ve ek\u015fi keyfin m\u00fckemmel birle\u015fimidir ve her \u015fekerleme an\u0131n\u0131 \u00f6zel k\u0131lar.<\/p>\n<p>Halkalar\u0131m\u0131z helal sertifikal\u0131d\u0131r, bu nedenle g\u00f6n\u00fcl rahatl\u0131\u011f\u0131yla tad\u0131n\u0131 \u00e7\u0131karabilirsiniz. \u0130ster bir film gecesi, ister piknik ya da arada bir at\u0131\u015ft\u0131rmal\u0131k olarak &#8211; ideal bir arkada\u015ft\u0131r! Kendinizi e\u015fsiz \u00e7ilek aromas\u0131n\u0131n b\u00fcy\u00fcs\u00fcne b\u0131rak\u0131n ve FINI HELAL \u00c7\u0130LEKL\u0130 HALKALAR ile kendinizi bir doz mutlulukla \u00f6d\u00fcllendirin!<\/p>\n","protected":false},"featured_media":21482,"template":"","meta":[],"product_brand":[2892],"product_cat":[3121],"product_tag":[],"class_list":{"0":"post-21667","1":"product","2":"type-product","3":"status-publish","4":"has-post-thumbnail","6":"product_brand-fini-tr","7":"product_cat-sekerleme","8":"pa_barcode-8410525116780-tr","9":"pa_brand-fini-tr","10":"pa_inbox-12-tr","11":"pa_pallet-378-tr","12":"pa_shelf-life-24-ay","13":"pa_weight-2-75-gr-tr","15":"first","16":"instock","17":"shipping-taxable","18":"product-type-simple"},"_links":{"self":[{"href":"https:\/\/effafood.com\/tr\/wp-json\/wp\/v2\/product\/21667","targetHints":{"allow":["GET"]}}],"collection":[{"href":"https:\/\/effafood.com\/tr\/wp-json\/wp\/v2\/product"}],"about":[{"href":"https:\/\/effafood.com\/tr\/wp-json\/wp\/v2\/types\/product"}],"version-history":[{"count":2,"href":"https:\/\/effafood.com\/tr\/wp-json\/wp\/v2\/product\/21667\/revisions"}],"predecessor-version":[{"id":21781,"href":"https:\/\/effafood.com\/tr\/wp-json\/wp\/v2\/product\/21667\/revisions\/21781"}],"wp:featuredmedia":[{"embeddable":true,"href":"https:\/\/effafood.com\/tr\/wp-json\/wp\/v2\/media\/21482"}],"wp:attachment":[{"href":"https:\/\/effafood.com\/tr\/wp-json\/wp\/v2\/media?parent=21667"}],"wp:term":[{"taxonomy":"product_brand","embeddable":true,"href":"https:\/\/effafood.com\/tr\/wp-json\/wp\/v2\/product_brand?post=21667"},{"taxonomy":"product_cat","embeddable":true,"href":"https:\/\/effafood.com\/tr\/wp-json\/wp\/v2\/product_cat?post=21667"},{"taxonomy":"product_tag","embeddable":true,"href":"https:\/\/effafood.com\/tr\/wp-json\/wp\/v2\/product_tag?post=21667"}],"curies":[{"name":"wp","href":"https:\/\/api.w.org\/{rel}","templated":true}]}}