{"id":21665,"date":"2025-01-18T13:31:52","date_gmt":"2025-01-18T13:31:52","guid":{"rendered":"https:\/\/effafood.com\/product\/kola-aromali-jole\/"},"modified":"2025-01-19T12:25:18","modified_gmt":"2025-01-19T12:25:18","slug":"kola-aromali-jole","status":"publish","type":"product","link":"https:\/\/effafood.com\/tr\/product\/kola-aromali-jole\/","title":{"rendered":"Kola Aromal\u0131 Jelly"},"content":{"rendered":"","protected":false},"excerpt":{"rendered":"<p>FINI JELY KOLA<\/p>\n<p>Lezzetli FINI Helal \u015eeffaf Jelly Kola \u015ei\u015felerini ke\u015ffedin! Bu heyecan verici sak\u0131zlar, ferahlat\u0131c\u0131 kola aromas\u0131 ile e\u015fsiz bir lezzet deneyimi sunar. Her \u0131s\u0131r\u0131k, size kolan\u0131n gazl\u0131 keyfini ya\u015fat\u0131r ve \u015feker severler i\u00e7in m\u00fckemmeldir.<\/p>\n<p>\u015eeffaf, kaygan yap\u0131ya sahip Jelly Kola \u015fi\u015feleri h\u0131zla yeni favori at\u0131\u015ft\u0131rmal\u0131\u011f\u0131n\u0131z olacak. K\u00fc\u00e7\u00fck bir a\u00e7l\u0131k i\u00e7in veya uzun bir g\u00fcn\u00fcn ard\u0131ndan tatl\u0131 bir \u00f6d\u00fcl olarak m\u00fckemmeldir. FINI Helal \u015eeffaf Jelly Cola ile kendinizi \u015f\u0131mart\u0131n ve geleneksel sak\u0131zl\u0131 lezzet ile ferahlat\u0131c\u0131 kola tad\u0131n\u0131 bir arada ya\u015fay\u0131n!<\/p>\n","protected":false},"featured_media":21492,"template":"","meta":[],"product_brand":[2892],"product_cat":[3121],"product_tag":[],"class_list":{"0":"post-21665","1":"product","2":"type-product","3":"status-publish","4":"has-post-thumbnail","6":"product_brand-fini-tr","7":"product_cat-sekerleme","8":"pa_barcode-8410525116766-tr","9":"pa_brand-fini-tr","10":"pa_inbox-12-tr","11":"pa_pallet-378-tr","12":"pa_shelf-life-24-ay","13":"pa_weight-2-75-gr-tr","15":"first","16":"instock","17":"shipping-taxable","18":"product-type-simple"},"_links":{"self":[{"href":"https:\/\/effafood.com\/tr\/wp-json\/wp\/v2\/product\/21665","targetHints":{"allow":["GET"]}}],"collection":[{"href":"https:\/\/effafood.com\/tr\/wp-json\/wp\/v2\/product"}],"about":[{"href":"https:\/\/effafood.com\/tr\/wp-json\/wp\/v2\/types\/product"}],"version-history":[{"count":2,"href":"https:\/\/effafood.com\/tr\/wp-json\/wp\/v2\/product\/21665\/revisions"}],"predecessor-version":[{"id":21997,"href":"https:\/\/effafood.com\/tr\/wp-json\/wp\/v2\/product\/21665\/revisions\/21997"}],"wp:featuredmedia":[{"embeddable":true,"href":"https:\/\/effafood.com\/tr\/wp-json\/wp\/v2\/media\/21492"}],"wp:attachment":[{"href":"https:\/\/effafood.com\/tr\/wp-json\/wp\/v2\/media?parent=21665"}],"wp:term":[{"taxonomy":"product_brand","embeddable":true,"href":"https:\/\/effafood.com\/tr\/wp-json\/wp\/v2\/product_brand?post=21665"},{"taxonomy":"product_cat","embeddable":true,"href":"https:\/\/effafood.com\/tr\/wp-json\/wp\/v2\/product_cat?post=21665"},{"taxonomy":"product_tag","embeddable":true,"href":"https:\/\/effafood.com\/tr\/wp-json\/wp\/v2\/product_tag?post=21665"}],"curies":[{"name":"wp","href":"https:\/\/api.w.org\/{rel}","templated":true}]}}