{"id":21663,"date":"2025-01-18T13:19:32","date_gmt":"2025-01-18T13:19:32","guid":{"rendered":"https:\/\/effafood.com\/product\/cilekli-kalem-meyan-koku\/"},"modified":"2025-01-19T12:26:30","modified_gmt":"2025-01-19T12:26:30","slug":"cilekli-kalem-meyan-koku","status":"publish","type":"product","link":"https:\/\/effafood.com\/tr\/product\/cilekli-kalem-meyan-koku\/","title":{"rendered":"\u00c7ilekli Dolgulu Licorice"},"content":{"rendered":"","protected":false},"excerpt":{"rendered":"<p>FINI \u00c7\u0130LEKL\u0130 LICORICE<\/p>\n<p>FINI DOLGULU \u00c7\u0130LEKL\u0130 L\u0130CORICE 75g ile ger\u00e7ek bir lezzet deneyimi ke\u015ffedin! Bu inan\u0131lmaz ek\u015fi licorice tat tomurcuklar\u0131n\u0131z\u0131 dans ettirecek. Her \u0131s\u0131r\u0131kta, tatl\u0131 cazibeyi m\u00fckemmel bir \u015fekilde tamamlayan lezzetli \u00e7ilek aromas\u0131n\u0131 tadacaks\u0131n\u0131z. Ve en iyi k\u0131sm\u0131? Kendine \u00f6zg\u00fc \u00e7ilekli krema aromas\u0131, bu heyecan verici ikrama ekstra kremsi bir unsur kat\u0131yor.<\/p>\n<p>Bu e\u015fsiz at\u0131\u015ft\u0131rmal\u0131kla kendinizi \u015f\u0131mart\u0131n ve meyveli bir patlama ya\u015fay\u0131n! Her \u0131s\u0131r\u0131kta meyveli tatlarla dolu bir d\u00fcnyaya dalman\u0131n keyfini ya\u015fay\u0131n! Kar\u015f\u0131 konulmaz kombinasyonu kendiniz g\u00f6r\u00fcn ve \u015feker se\u00e7iminize taze bir esinti getirin!<\/p>\n","protected":false},"featured_media":21477,"template":"","meta":[],"product_brand":[2892],"product_cat":[3121],"product_tag":[],"class_list":{"0":"post-21663","1":"product","2":"type-product","3":"status-publish","4":"has-post-thumbnail","6":"product_brand-fini-tr","7":"product_cat-sekerleme","8":"pa_barcode-8410525206177-tr","9":"pa_brand-fini-tr","10":"pa_inbox-12-tr","11":"pa_pallet-378-tr","12":"pa_shelf-life-24-ay","13":"pa_weight-2-75-gr-tr","15":"first","16":"instock","17":"shipping-taxable","18":"product-type-simple"},"_links":{"self":[{"href":"https:\/\/effafood.com\/tr\/wp-json\/wp\/v2\/product\/21663","targetHints":{"allow":["GET"]}}],"collection":[{"href":"https:\/\/effafood.com\/tr\/wp-json\/wp\/v2\/product"}],"about":[{"href":"https:\/\/effafood.com\/tr\/wp-json\/wp\/v2\/types\/product"}],"version-history":[{"count":3,"href":"https:\/\/effafood.com\/tr\/wp-json\/wp\/v2\/product\/21663\/revisions"}],"predecessor-version":[{"id":21999,"href":"https:\/\/effafood.com\/tr\/wp-json\/wp\/v2\/product\/21663\/revisions\/21999"}],"wp:featuredmedia":[{"embeddable":true,"href":"https:\/\/effafood.com\/tr\/wp-json\/wp\/v2\/media\/21477"}],"wp:attachment":[{"href":"https:\/\/effafood.com\/tr\/wp-json\/wp\/v2\/media?parent=21663"}],"wp:term":[{"taxonomy":"product_brand","embeddable":true,"href":"https:\/\/effafood.com\/tr\/wp-json\/wp\/v2\/product_brand?post=21663"},{"taxonomy":"product_cat","embeddable":true,"href":"https:\/\/effafood.com\/tr\/wp-json\/wp\/v2\/product_cat?post=21663"},{"taxonomy":"product_tag","embeddable":true,"href":"https:\/\/effafood.com\/tr\/wp-json\/wp\/v2\/product_tag?post=21663"}],"curies":[{"name":"wp","href":"https:\/\/api.w.org\/{rel}","templated":true}]}}